{"id":3245,"date":"2019-01-30T09:13:15","date_gmt":"2019-01-30T09:13:15","guid":{"rendered":"http:\/\/www.viorigen.com\/como-comprar\/"},"modified":"2023-01-24T17:12:35","modified_gmt":"2023-01-24T17:12:35","slug":"com-comprar","status":"publish","type":"page","link":"https:\/\/www.viorigen.com\/ca\/com-comprar\/","title":{"rendered":"Com comprar"},"content":{"rendered":"<h4 class=\"wp-block-heading\">MODALITATS DE COMANDA I PREU<\/h4><p>Els clients tenen la possibilitat de realitzar tots les seves comandes des de la p\u00e0gina d&#8217;Internet: www.viorigen.com<\/p><p>Cada client es declara amb plena capacitat per utilitzar targetes de cr\u00e8dit i que les mateixes tenen fons suficients per cobrir tots els costos que resulten de la compra de productes a trav\u00e9s de VIORIGEN, C.B..<\/p><p>En pressionar el bot\u00f3 &#8220;Pagar&#8221; durant el proc\u00e9s de compra, el membre declara acceptar plenament i sense reserves la totalitat de les presents condicions generals de venda.<\/p><p>Les dades registrades per VIORIGEN, C.B. constitueixen la prova de les transaccions fetes entre VIORIGEN, C.B. i els membres de la seva Comunitat Privada. VIORIGEN, C.B. confirmar\u00e0 la seva comanda a trav\u00e9s de l&#8217;enviament d&#8217;un correu electr\u00f2nic.<\/p><p>La informaci\u00f3 contractual es presenta en llengua espanyola i ser\u00e0 confirmada com a molt tard en el moment del lliurament.<\/p><p>En els preus dels nostres productes estan inclosos tots els impostos, per\u00f2 no inclouen les despeses de transport.<\/p><p>VIORIGEN, C.B. es reserva el dret a modificar els seus preus en qualsevol moment, per\u00f2 els productes es facturaran sobre la base de les tarifes en vigor en el moment del registre de les comandes (a reserva de la disponibilitat que hi hagi del producte), llevat d&#8217;error tipogr\u00e0fic manifest.<\/p><p>Els productes romanen en propietat del prove\u00efdor fins al moment en qu\u00e8 s&#8217;hagi produ\u00eft el pagament complet del preu.<\/p><p>VIORIGEN, C.B. es reserva el dret a rebutjar una comanda de qualsevol membre amb el qual tingui un litigi.<\/p><h4 class=\"wp-block-heading\">DISPONIBILITAT<\/h4><p>VIORIGEN, C.B. far\u00e0 tot el possible per complaure a tots els seus clients en la demanda dels productes.<\/p><p>En cas de no disponibilitat del producte despr\u00e9s d&#8217;haver-se realitzat la comanda el client ser\u00e0 informat per correu electr\u00f2nic d&#8217;anul\u00b7laci\u00f3 d&#8217;aquest.<\/p><p>Arran d&#8217;aquesta demanda, la rapidesa de la devoluci\u00f3 al compte bancari del client dependr\u00e0 del tipus de targeta banc\u00e0ria i de les condicions de cada entitat banc\u00e0ria. Aquests terminis de nou es precisen en la cl\u00e0usula &#8220;Lliurament&#8221;.<\/p><h4 class=\"wp-block-heading\">PAGAMENT<\/h4><ul class=\"wp-block-list\"><li><strong>Pagament amb targeta:<\/strong><br> El Reglament de les compres s&#8217;efectua per targeta banc\u00e0ria. Les targetes banc\u00e0ries acceptades s\u00f3n: Visa i MasterCard. El preu de compra es carregar\u00e0 en compte bancari del client, en el termini de 4 dies a comptar des del dia de la comanda i aquesta es donar\u00e0 per efectiva despr\u00e9s de confirmaci\u00f3 del seu acord dels centres de pagament bancari.<br> En el cas que la TPV (Terminal Punt de Venda) inform\u00e9s de la denegaci\u00f3 de la targeta, es cancel\u00b7lar\u00e0 autom\u00e0ticament la comanda, informant en l\u00ednia al client d&#8217;aquesta anul\u00b7laci\u00f3.<\/li><\/ul><ul class=\"wp-block-list\"><li><strong>Transfer\u00e8ncia banc\u00e0ria:<\/strong><br> Aquesta modalitat de pagament no tindr\u00e0 cap cost per al client<br> L&#8217;import de les devolucions es carregu\u00e9s en el compte que indiqui el client<br> Per realitzar el pagament d&#8217;una factura ha de constar:<br> N\u00famero de factura.<br> Nom de la persona que el ingressa.<br> Ha d&#8217;anar dirigit a VIORIGEN, C.B. en el n\u00famero de compte proporcionat per l&#8217;empresa.<br> Envia el comprovant d&#8217;ingr\u00e9s al correu: info@viorigen.com enviant en l&#8217;assumpte comprovant d&#8217;ingr\u00e9s.<\/li><\/ul><h4 class=\"wp-block-heading\">SEGURETAT<\/h4><p>Per a la seva seguretat VIORIGEN, C.B. ha confiat en el sistema de pagament mitjan\u00e7ant targeta de cr\u00e8dit a una passarel \u2022 la de pagaments.<\/p><p>Les dades banc\u00e0ries introdu\u00efdes s\u00f3n encriptades i transmeses de forma segura als servidors de l&#8217;entitat banc\u00e0ria i, posteriorment, s\u00f3n verificats amb el banc emissor per evitar possibles fraus i abusos.<\/p><p>Aquest procediment d&#8217;introducci\u00f3 de dades est\u00e0 garantit per la tecnologia d&#8217;encriptaci\u00f3 SSL (Secure Socker Layer) -128 bits, un dels sistemes de protecci\u00f3 m\u00e9s avan\u00e7ats i efica\u00e7os actualment disponibles, gr\u00e0cies al qual, cap tercer tindr\u00e0 acc\u00e9s via Internet a aquesta informaci\u00f3 relativa a les dades banc\u00e0ries introdu\u00efdes pel client.<\/p><p>Nom\u00e9s el Banc tenen acc\u00e9s a les dades banc\u00e0ries vinculades a aquests mitjans de pagament, de manera que VIORIGEN, C.B. no coneix ni registra aquestes dades durant l&#8217;operaci\u00f3 de pagament.<\/p><h4 class=\"wp-block-heading\">ENTREGA<\/h4><p>El prove\u00efdor enviar\u00e0 els productes al magatzem de distribuci\u00f3, des d&#8217;on sortiran els productes la destinaci\u00f3 final ser\u00e0 l&#8217;adre\u00e7a que el comprador estableixi. Cada vegada que es vagi a enviar una comanda, el comprador rebr\u00e0 un correu electr\u00f2nic.<\/p><p>Les despeses de transport seran a compte del comprador. Aquestes s\u00f3n les tarifes per Espa\u00f1a peninsular:<\/p><figure class=\"wp-block-table\"><table><tbody><tr><td>&nbsp;<strong>Unitats<\/strong><\/td><td><strong>Preu<\/strong><\/td><\/tr><tr><td><strong>1-3 u.&nbsp;<\/strong><\/td><td>8,80 \u20ac<\/td><\/tr><tr><td><strong>3-6 u.&nbsp;<\/strong><\/td><td>9,80 \u20ac<\/td><\/tr><tr><td><strong>7-12 u.<\/strong><\/td><td>12,50 \u20ac<\/td><\/tr><tr><td><strong>13-18 u.<\/strong><\/td><td>17,00 \u20ac<\/td><\/tr><tr><td><strong>19-24 u.<\/strong><\/td><td>20,00 \u20ac<\/td><\/tr><tr><td><strong>25-30 u.<\/strong><\/td><td>26,00 \u20ac<\/td><\/tr><tr><td><strong>31-36 u.<\/strong><\/td><td>30,00 \u20ac<\/td><\/tr><tr><td><strong>37-42 u.<\/strong><\/td><td>33,00 \u20ac<\/td><\/tr><tr><td><strong>43-48 u.<\/strong><\/td><td>38,00 \u20ac<\/td><\/tr><tr><td><strong>49-54 u.<\/strong><\/td><td>45,00 \u20ac<\/td><\/tr><tr><td><strong>55-60 u.<\/strong><\/td><td>48,00 \u20ac<\/td><\/tr><\/tbody><\/table><\/figure><p>La comanda de compra que correspon a la comanda estar\u00e0 disponible a VIORIGEN, C.B., una vegada que es confirmi el pagament, que podr\u00e0 visualitzar-se mitjan\u00e7ant el vincle: &#8220;La meva comanda&#8221;, a partir de l&#8217;emissi\u00f3 del correu electr\u00f2nic. Aquesta comanda de compra original inclou les despeses de lliurament i l&#8217;IVA.<\/p><p>VIORIGEN, C.B. demanar\u00e0 als seus clients que tri\u00ef el lloc del lliurament, havent d&#8217;especificar el seu domicili, oficina o centre on volen que se li lliuri el producte. El termini de lliurament oscil\u00b7la entre 24H si el pes \u00e9s inferior a 20 KG i entre 48 i 72 hores en comandes de pes superior (dies h\u00e0bils).<\/p><p>VIORIGEN, C.B. informar\u00e0 al client de la sortida de la comanda del magatzem de distribuci\u00f3, mitjan\u00e7ant l&#8217;enviament d&#8217;un correu electr\u00f2nic.<\/p><p>Cada lliurament es considera efectuat a partir de la posada a disposici\u00f3 del producte al client per part del transportista, materialitzat pel sistema de control utilitzat pel transportista. Correspon al destinatari comprovar la comanda en el moment del lliurament i fer llavors totes les reserves i reclamacions que apareguessin justificades, fins i tot t\u00e9 la possibilitat de rebutjar el paquet, si aquest hagu\u00e9s estat obert o si t\u00e9 indicis manifestos de deteriorament.<\/p><p>Les reserves i reclamacions han d&#8217;anar dirigides a VIORIGEN, C.B. per correu electr\u00f2nic a l&#8217;adre\u00e7a que es trobar\u00e0, a la p\u00e0gina de VIORIGEN, C.B.<\/p><h4 class=\"wp-block-heading\">DEVOLUCI\u00d3<\/h4><p>Tots els productes venuts podran ser retornats durant 7 dies comptats des de la data de lliurament, d&#8217;acord amb les disposicions de la Llei de Comer\u00e7 Minorista espanyola.<\/p><p>Pr\u00e8viament, el client haur\u00e0 d&#8217;indicar la seva intenci\u00f3 per correu electr\u00f2nic. VIORIGEN, C.B. contestar\u00e0 per mitj\u00e0 d&#8217;un altre correu electr\u00f2nic especificant les instruccions precises per a la devoluci\u00f3 del producte.<\/p><p>Les despeses de devoluci\u00f3 aniran a c\u00e0rrec del client.<\/p><p>El reemborsament en el compte del client com a conseq\u00fc\u00e8ncia d&#8217;aquesta devoluci\u00f3, s&#8217;efectuar\u00e0 en el termini de 7 dies a partir de la recepci\u00f3 de les mercaderies per VIORIGEN, C.B.<\/p><p>La devoluci\u00f3 no podr\u00e0 tenir lloc en cap cas si els productes subministrats van ser manifestament objecte d&#8217;\u00fas.<\/p><p>Els productes imperativament s&#8217;han de retornar correctament protegits, en el seu embalatge d&#8217;origen, en un perfecte estat (no danyats o embrutats pel client) amb tots els accessoris, instruccions i documentaci\u00f3. Seran enviats al lloc especificat per VIORIGEN, C.B. en les instruccions precises per a la devoluci\u00f3 del producte enviades mitjan\u00e7ant correu electr\u00f2nic.<\/p><p>En el cas que la devoluci\u00f3 no fos acceptada pel prove\u00efdor per entendre que el producte la devoluci\u00f3 del qual pret\u00e9n hagu\u00e9s estat utilitzat, aquests productes romandran en el magatzem de distribuci\u00f3 per ser recollits pel client, per un per\u00edode no superior a trenta dies des seva devoluci\u00f3.<\/p><p>No podran tampoc retornar els paquets en els quals no consti cap element adjunt que permeti identificar el remitent (n\u00fam de comanda, nom, adre\u00e7a, \u2026).<\/p><p>Les despeses i riscos vinculats a la devoluci\u00f3 del producte seran a c\u00e0rrec del remitent, que haur\u00e0 d&#8217;enviar de forma segura i amb les garanties necess\u00e0ries perqu\u00e8 la mercaderia retornada arribi en perfecte estat de conservaci\u00f3.<\/p><p>A trav\u00e9s de VIORIGEN, C.B. es poden realitzar devolucions dels productes comprats per l&#8217;import dels mateixos. Un cop rebut \/ s el \/ els productes retornats, VIORIGEN, C.B. verificar\u00e0 que estiguin en bon estat i procedir\u00e0 a l&#8217;abonament de l&#8217;import pagat menys les despeses d&#8217;enviament, independentment de l&#8217;import del producte retornat.<\/p><p>Tota persona que torni el seu producte rebr\u00e0 un correu electr\u00f2nic informant de l&#8217;import del seu reemborsament.<\/p><h4 class=\"wp-block-heading\">GARANTIA<\/h4><p>Les garanties i serveis postvenda es regiran pel Reial Decret Legislatiu 1\/2007 de 16 de novembre que aprova el text de la Llei General per a la Defensa dels Consumidors i Usuaris. D&#8217;acord amb aquesta norma, el venedor est\u00e0 obligat a lliurar al consumidor i usuari productes que siguin conformes amb el contracte, responent davant del ell de qualsevol falta de conformitat. El consumidor i usuari t\u00e9 dret a la reparaci\u00f3 del producte, a la seva substituci\u00f3, a la rebaixa del preu oa la resoluci\u00f3 del contracte.<\/p><h4 class=\"wp-block-heading\">RESPONSABILITAT, LITIGIS I LEGISLACI\u00d3 APLICABLE<\/h4><p>VIORIGEN, C.B. no podria considerar-se com responsable de l&#8217;incompliment del contracte celebrat en cas de ruptura d&#8217;exist\u00e8ncies o no disponibilitat del producte, for\u00e7a major, pertorbaci\u00f3 o vaga total o parcial, en particular, dels serveis postals i mitjans de transport i \/ o comunicacions, inundaci\u00f3 o incendi . En cas de litigi, el membre es dirigir\u00e0 per prioritat a VIORIGEN, C.B. per obtenir una soluci\u00f3 amistosa.<\/p><p>Els tribunals de Madrid s\u00f3n els \u00fanics competents. S&#8217;interpretaran les presents condicions generals de venda en llengua espanyola i es realitzaran d&#8217;acord amb el dret espanyol. Tot desacord que pogu\u00e9s n\u00e9ixer amb motiu de la seva validesa, la seva interpretaci\u00f3 o la seva execuci\u00f3 es presentar\u00e0 als Tribunals de Madrid, als quals es fa expressament atribuci\u00f3 exclusiva de compet\u00e8ncia.<\/p><h4 class=\"wp-block-heading\">MODIFICACI\u00d3 DE LES CONDICIONS GENERALS DE VENDA<\/h4><p>VIORIGEN, C.B. es reserva el dret a modificar les condicions generals de venda sense previ av\u00eds, podent canviar, suprimir o afegir tant els continguts i serveis que es prestin a trav\u00e9s del mateix com la forma en qu\u00e8 aquests semblin presentats o localitzats en els seus servidors.<\/p><p>Aquests canvis han de ser acceptats per l&#8217;Usuari cada vegada que faci efectiva una compra a trav\u00e9s de la p\u00e0gina VIORIGEN, C.B.<\/p><p>Els membres de la &#8220;Comunitat Privada de VIORIGEN, C.B.&#8221; que no estiguin conformes amb les modificacions de les condicions generals, hauran de notificar i, a partir de la data en la qual la nova versi\u00f3 entrar\u00e0 en vigor, hauran de deixar d&#8217;utilitzar els serveis VIORIGEN, C.B. En el sup\u00f2sit d&#8217;algun dels termes de les condicions generals fos il\u00b7legal o inoposable, ser\u00e0 nul\u00b7la de ple dret i aplicant-ho acordat per la parts i si no el que s&#8217;exposa en el Codi Civil Espanyol.<\/p>","protected":false},"excerpt":{"rendered":"<p>MODALITATS DE COMANDA I PREU Els clients tenen la possibilitat de realitzar tots les seves comandes des de la p\u00e0gina d&#8217;Internet: www.viorigen.com Cada client es declara<span class=\"excerpt-hellip\"> [\u2026]<\/span><\/p>\n","protected":false},"author":1,"featured_media":0,"parent":0,"menu_order":0,"comment_status":"closed","ping_status":"closed","template":"","meta":{"_acf_changed":false,"footnotes":""},"class_list":["post-3245","page","type-page","status-publish","hentry"],"acf":[],"yoast_head":"<!-- This site is optimized with the Yoast SEO plugin v23.9 - https:\/\/yoast.com\/wordpress\/plugins\/seo\/ -->\n<title>Com comprar - ViOrigen<\/title>\n<meta name=\"robots\" content=\"index, follow, max-snippet:-1, max-image-preview:large, max-video-preview:-1\" \/>\n<link rel=\"canonical\" href=\"https:\/\/www.viorigen.com\/ca\/com-comprar\/\" \/>\n<meta property=\"og:locale\" content=\"ca_ES\" \/>\n<meta property=\"og:type\" content=\"article\" \/>\n<meta property=\"og:title\" content=\"Com comprar - ViOrigen\" \/>\n<meta property=\"og:description\" content=\"MODALITATS DE COMANDA I PREU Els clients tenen la possibilitat de realitzar tots les seves comandes des de la p\u00e0gina d&#8217;Internet: www.viorigen.com Cada client es declara [\u2026]\" \/>\n<meta property=\"og:url\" content=\"https:\/\/www.viorigen.com\/ca\/com-comprar\/\" \/>\n<meta property=\"og:site_name\" content=\"ViOrigen\" \/>\n<meta property=\"article:publisher\" content=\"https:\/\/www.facebook.com\/viorigen\" \/>\n<meta property=\"article:modified_time\" content=\"2023-01-24T17:12:35+00:00\" \/>\n<meta name=\"twitter:card\" content=\"summary_large_image\" \/>\n<meta name=\"twitter:site\" content=\"@viorigen\" \/>\n<meta name=\"twitter:label1\" content=\"Temps estimat de lectura\" \/>\n\t<meta name=\"twitter:data1\" content=\"9 minuts\" \/>\n<script type=\"application\/ld+json\" class=\"yoast-schema-graph\">{\"@context\":\"https:\/\/schema.org\",\"@graph\":[{\"@type\":\"WebPage\",\"@id\":\"https:\/\/www.viorigen.com\/ca\/com-comprar\/\",\"url\":\"https:\/\/www.viorigen.com\/ca\/com-comprar\/\",\"name\":\"Com comprar - ViOrigen\",\"isPartOf\":{\"@id\":\"https:\/\/www.viorigen.com\/#website\"},\"datePublished\":\"2019-01-30T09:13:15+00:00\",\"dateModified\":\"2023-01-24T17:12:35+00:00\",\"breadcrumb\":{\"@id\":\"https:\/\/www.viorigen.com\/ca\/com-comprar\/#breadcrumb\"},\"inLanguage\":\"ca\",\"potentialAction\":[{\"@type\":\"ReadAction\",\"target\":[\"https:\/\/www.viorigen.com\/ca\/com-comprar\/\"]}]},{\"@type\":\"BreadcrumbList\",\"@id\":\"https:\/\/www.viorigen.com\/ca\/com-comprar\/#breadcrumb\",\"itemListElement\":[{\"@type\":\"ListItem\",\"position\":1,\"name\":\"Portada\",\"item\":\"https:\/\/www.viorigen.com\/ca\/\"},{\"@type\":\"ListItem\",\"position\":2,\"name\":\"Com comprar\"}]},{\"@type\":\"WebSite\",\"@id\":\"https:\/\/www.viorigen.com\/#website\",\"url\":\"https:\/\/www.viorigen.com\/\",\"name\":\"ViOrigen\",\"description\":\"ViOrigen \u00e9s un projecte vinculat al sector vitivin\u00edcola de la Terra Alta que emprenem tres amics apassionats del vi i l\u2019entorn de la comarca.\",\"potentialAction\":[{\"@type\":\"SearchAction\",\"target\":{\"@type\":\"EntryPoint\",\"urlTemplate\":\"https:\/\/www.viorigen.com\/?s={search_term_string}\"},\"query-input\":{\"@type\":\"PropertyValueSpecification\",\"valueRequired\":true,\"valueName\":\"search_term_string\"}}],\"inLanguage\":\"ca\"}]}<\/script>\n<!-- \/ Yoast SEO plugin. -->","yoast_head_json":{"title":"Com comprar - ViOrigen","robots":{"index":"index","follow":"follow","max-snippet":"max-snippet:-1","max-image-preview":"max-image-preview:large","max-video-preview":"max-video-preview:-1"},"canonical":"https:\/\/www.viorigen.com\/ca\/com-comprar\/","og_locale":"ca_ES","og_type":"article","og_title":"Com comprar - ViOrigen","og_description":"MODALITATS DE COMANDA I PREU Els clients tenen la possibilitat de realitzar tots les seves comandes des de la p\u00e0gina d&#8217;Internet: www.viorigen.com Cada client es declara [\u2026]","og_url":"https:\/\/www.viorigen.com\/ca\/com-comprar\/","og_site_name":"ViOrigen","article_publisher":"https:\/\/www.facebook.com\/viorigen","article_modified_time":"2023-01-24T17:12:35+00:00","twitter_card":"summary_large_image","twitter_site":"@viorigen","twitter_misc":{"Temps estimat de lectura":"9 minuts"},"schema":{"@context":"https:\/\/schema.org","@graph":[{"@type":"WebPage","@id":"https:\/\/www.viorigen.com\/ca\/com-comprar\/","url":"https:\/\/www.viorigen.com\/ca\/com-comprar\/","name":"Com comprar - ViOrigen","isPartOf":{"@id":"https:\/\/www.viorigen.com\/#website"},"datePublished":"2019-01-30T09:13:15+00:00","dateModified":"2023-01-24T17:12:35+00:00","breadcrumb":{"@id":"https:\/\/www.viorigen.com\/ca\/com-comprar\/#breadcrumb"},"inLanguage":"ca","potentialAction":[{"@type":"ReadAction","target":["https:\/\/www.viorigen.com\/ca\/com-comprar\/"]}]},{"@type":"BreadcrumbList","@id":"https:\/\/www.viorigen.com\/ca\/com-comprar\/#breadcrumb","itemListElement":[{"@type":"ListItem","position":1,"name":"Portada","item":"https:\/\/www.viorigen.com\/ca\/"},{"@type":"ListItem","position":2,"name":"Com comprar"}]},{"@type":"WebSite","@id":"https:\/\/www.viorigen.com\/#website","url":"https:\/\/www.viorigen.com\/","name":"ViOrigen","description":"ViOrigen \u00e9s un projecte vinculat al sector vitivin\u00edcola de la Terra Alta que emprenem tres amics apassionats del vi i l\u2019entorn de la comarca.","potentialAction":[{"@type":"SearchAction","target":{"@type":"EntryPoint","urlTemplate":"https:\/\/www.viorigen.com\/?s={search_term_string}"},"query-input":{"@type":"PropertyValueSpecification","valueRequired":true,"valueName":"search_term_string"}}],"inLanguage":"ca"}]}},"_links":{"self":[{"href":"https:\/\/www.viorigen.com\/ca\/wp-json\/wp\/v2\/pages\/3245","targetHints":{"allow":["GET"]}}],"collection":[{"href":"https:\/\/www.viorigen.com\/ca\/wp-json\/wp\/v2\/pages"}],"about":[{"href":"https:\/\/www.viorigen.com\/ca\/wp-json\/wp\/v2\/types\/page"}],"author":[{"embeddable":true,"href":"https:\/\/www.viorigen.com\/ca\/wp-json\/wp\/v2\/users\/1"}],"replies":[{"embeddable":true,"href":"https:\/\/www.viorigen.com\/ca\/wp-json\/wp\/v2\/comments?post=3245"}],"version-history":[{"count":5,"href":"https:\/\/www.viorigen.com\/ca\/wp-json\/wp\/v2\/pages\/3245\/revisions"}],"predecessor-version":[{"id":8142,"href":"https:\/\/www.viorigen.com\/ca\/wp-json\/wp\/v2\/pages\/3245\/revisions\/8142"}],"wp:attachment":[{"href":"https:\/\/www.viorigen.com\/ca\/wp-json\/wp\/v2\/media?parent=3245"}],"curies":[{"name":"wp","href":"https:\/\/api.w.org\/{rel}","templated":true}]}}