{"id":1989,"date":"2019-03-14T11:59:41","date_gmt":"2019-03-14T11:59:41","guid":{"rendered":"http:\/\/www.viorigen.com\/producto\/ennak-2\/"},"modified":"2020-03-30T10:59:50","modified_gmt":"2020-03-30T10:59:50","slug":"ennak-crianca-jordi-miro","status":"publish","type":"product","link":"https:\/\/www.viorigen.com\/ca\/producto\/ennak-crianca-jordi-miro\/","title":{"rendered":"Ennak Crian\u00e7a"},"content":{"rendered":"<p>Ennak Crian\u00e7a \u00e9s un vi del celler Jordi Mir\u00f3, ubicat a Corbera d&#8217;Ebre, dins la DO Terra Alta. Tres vinificacions diferents; Ull de Llebre i Merlot que es vinifiquen junts. Final de fermentaci\u00f3 alcoh\u00f2lica sense pells. Fermentaci\u00f3 malol\u00e0ctica en dip\u00f2sit. Garnatxa Negra, veremada cap a un 80% de maduraci\u00f3 fen\u00f2lica. Comen\u00e7ament de maceraci\u00f3 carb\u00f2nica, fermentaci\u00f3 a baixa temperatura, i final de fermentaci\u00f3 sense pells. Cabernet Sauvignon Veremat amb la m\u00e0xima maduraci\u00f3 fen\u00f2lica, fermentaci\u00f3 total amb pells, a 22\u00baC. Fermentaci\u00f3 malol\u00e0ctica en dip\u00f2sit.<\/p>\n","protected":false},"excerpt":{"rendered":"<p>Ennak Crian\u00e7a \u00e9s un vi del celler Jordi Mir\u00f3, ubicat a Corbera d&#8217;Ebre, dins la DO Terra Alta. Tres vinificacions diferents; Ull de Llebre i Merlot<span class=\"excerpt-hellip\"> [\u2026]<\/span><\/p>\n","protected":false},"featured_media":1728,"template":"","meta":{"_acf_changed":false},"product_cat":[179],"product_tag":[],"bodega":[252],"tipo_de_vino":[183],"variedades":[192,531,530,188],"clase_de_vino":[197],"denominacion":[198],"otros":[],"clasificacio_enoturisme":[],"class_list":{"0":"post-1989","1":"product","2":"type-product","3":"status-publish","4":"has-post-thumbnail","6":"product_cat-vi","7":"bodega-celler-jordi-miro-ca","8":"tipo_de_vino-crianca","9":"variedades-cabernet-sauvignon","10":"variedades-carinyena-ca","11":"variedades-garnatxa-negra-ca","12":"variedades-sira","13":"clase_de_vino-negre","14":"denominacion-terra-alta-ca","16":"first","17":"instock","18":"shipping-taxable","19":"purchasable","20":"product-type-simple"},"acf":[],"yoast_head":"<!-- This site is optimized with the Yoast SEO plugin v23.9 - https:\/\/yoast.com\/wordpress\/plugins\/seo\/ -->\n<title>Ennak Crian\u00e7a - ViOrigen - Comprar vi DO Terra Alta<\/title>\n<meta name=\"description\" content=\"Ennak Crian\u00e7a del celler Jordi Mir\u00f3, ubicat al municipi de Corbera d&#039;Ebre, a la DO Terra Alta. Prov\u00edncia de Tarragona, Catalunya.\" \/>\n<meta name=\"robots\" content=\"index, follow, max-snippet:-1, max-image-preview:large, max-video-preview:-1\" \/>\n<link rel=\"canonical\" href=\"https:\/\/www.viorigen.com\/producto\/ennak-crianza-jordi-miro\/\" \/>\n<meta property=\"og:locale\" content=\"ca_ES\" \/>\n<meta property=\"og:type\" content=\"article\" \/>\n<meta property=\"og:title\" content=\"Ennak Crian\u00e7a - ViOrigen - Comprar vi DO Terra Alta\" \/>\n<meta property=\"og:description\" content=\"Ennak Crian\u00e7a del celler Jordi Mir\u00f3, ubicat al municipi de Corbera d&#039;Ebre, a la DO Terra Alta. Prov\u00edncia de Tarragona, Catalunya.\" \/>\n<meta property=\"og:url\" content=\"https:\/\/www.viorigen.com\/producto\/ennak-crianza-jordi-miro\/\" \/>\n<meta property=\"og:site_name\" content=\"ViOrigen\" \/>\n<meta property=\"article:publisher\" content=\"https:\/\/www.facebook.com\/viorigen\" \/>\n<meta property=\"article:modified_time\" content=\"2020-03-30T10:59:50+00:00\" \/>\n<meta property=\"og:image\" content=\"https:\/\/www.viorigen.com\/wp-content\/uploads\/2019\/03\/ennak-.png\" \/>\n\t<meta property=\"og:image:width\" content=\"700\" \/>\n\t<meta property=\"og:image:height\" content=\"870\" \/>\n\t<meta property=\"og:image:type\" content=\"image\/png\" \/>\n<meta name=\"twitter:card\" content=\"summary_large_image\" \/>\n<meta name=\"twitter:site\" content=\"@viorigen\" \/>\n<script type=\"application\/ld+json\" class=\"yoast-schema-graph\">{\"@context\":\"https:\/\/schema.org\",\"@graph\":[{\"@type\":\"WebPage\",\"@id\":\"https:\/\/www.viorigen.com\/producto\/ennak-crianza-jordi-miro\/\",\"url\":\"https:\/\/www.viorigen.com\/producto\/ennak-crianza-jordi-miro\/\",\"name\":\"Ennak Crian\u00e7a - ViOrigen - Comprar vi DO Terra Alta\",\"isPartOf\":{\"@id\":\"https:\/\/www.viorigen.com\/#website\"},\"primaryImageOfPage\":{\"@id\":\"https:\/\/www.viorigen.com\/producto\/ennak-crianza-jordi-miro\/#primaryimage\"},\"image\":{\"@id\":\"https:\/\/www.viorigen.com\/producto\/ennak-crianza-jordi-miro\/#primaryimage\"},\"thumbnailUrl\":\"https:\/\/www.viorigen.com\/wp-content\/uploads\/2019\/03\/ennak-.png\",\"datePublished\":\"2019-03-14T11:59:41+00:00\",\"dateModified\":\"2020-03-30T10:59:50+00:00\",\"description\":\"Ennak Crian\u00e7a del celler Jordi Mir\u00f3, ubicat al municipi de Corbera d'Ebre, a la DO Terra Alta. Prov\u00edncia de Tarragona, Catalunya.\",\"breadcrumb\":{\"@id\":\"https:\/\/www.viorigen.com\/producto\/ennak-crianza-jordi-miro\/#breadcrumb\"},\"inLanguage\":\"ca\",\"potentialAction\":[{\"@type\":\"ReadAction\",\"target\":[\"https:\/\/www.viorigen.com\/producto\/ennak-crianza-jordi-miro\/\"]}]},{\"@type\":\"ImageObject\",\"inLanguage\":\"ca\",\"@id\":\"https:\/\/www.viorigen.com\/producto\/ennak-crianza-jordi-miro\/#primaryimage\",\"url\":\"https:\/\/www.viorigen.com\/wp-content\/uploads\/2019\/03\/ennak-.png\",\"contentUrl\":\"https:\/\/www.viorigen.com\/wp-content\/uploads\/2019\/03\/ennak-.png\",\"width\":700,\"height\":870},{\"@type\":\"BreadcrumbList\",\"@id\":\"https:\/\/www.viorigen.com\/producto\/ennak-crianza-jordi-miro\/#breadcrumb\",\"itemListElement\":[{\"@type\":\"ListItem\",\"position\":1,\"name\":\"Portada\",\"item\":\"https:\/\/www.viorigen.com\/ca\/\"},{\"@type\":\"ListItem\",\"position\":2,\"name\":\"Botiga\",\"item\":\"https:\/\/www.viorigen.com\/botiga\/\"},{\"@type\":\"ListItem\",\"position\":3,\"name\":\"Ennak Crian\u00e7a\"}]},{\"@type\":\"WebSite\",\"@id\":\"https:\/\/www.viorigen.com\/#website\",\"url\":\"https:\/\/www.viorigen.com\/\",\"name\":\"ViOrigen\",\"description\":\"ViOrigen \u00e9s un projecte vinculat al sector vitivin\u00edcola de la Terra Alta que emprenem tres amics apassionats del vi i l\u2019entorn de la comarca.\",\"potentialAction\":[{\"@type\":\"SearchAction\",\"target\":{\"@type\":\"EntryPoint\",\"urlTemplate\":\"https:\/\/www.viorigen.com\/?s={search_term_string}\"},\"query-input\":{\"@type\":\"PropertyValueSpecification\",\"valueRequired\":true,\"valueName\":\"search_term_string\"}}],\"inLanguage\":\"ca\"}]}<\/script>\n<!-- \/ Yoast SEO plugin. -->","yoast_head_json":{"title":"Ennak Crian\u00e7a - ViOrigen - Comprar vi DO Terra Alta","description":"Ennak Crian\u00e7a del celler Jordi Mir\u00f3, ubicat al municipi de Corbera d'Ebre, a la DO Terra Alta. Prov\u00edncia de Tarragona, Catalunya.","robots":{"index":"index","follow":"follow","max-snippet":"max-snippet:-1","max-image-preview":"max-image-preview:large","max-video-preview":"max-video-preview:-1"},"canonical":"https:\/\/www.viorigen.com\/producto\/ennak-crianza-jordi-miro\/","og_locale":"ca_ES","og_type":"article","og_title":"Ennak Crian\u00e7a - ViOrigen - Comprar vi DO Terra Alta","og_description":"Ennak Crian\u00e7a del celler Jordi Mir\u00f3, ubicat al municipi de Corbera d'Ebre, a la DO Terra Alta. Prov\u00edncia de Tarragona, Catalunya.","og_url":"https:\/\/www.viorigen.com\/producto\/ennak-crianza-jordi-miro\/","og_site_name":"ViOrigen","article_publisher":"https:\/\/www.facebook.com\/viorigen","article_modified_time":"2020-03-30T10:59:50+00:00","og_image":[{"width":700,"height":870,"url":"https:\/\/www.viorigen.com\/wp-content\/uploads\/2019\/03\/ennak-.png","type":"image\/png"}],"twitter_card":"summary_large_image","twitter_site":"@viorigen","schema":{"@context":"https:\/\/schema.org","@graph":[{"@type":"WebPage","@id":"https:\/\/www.viorigen.com\/producto\/ennak-crianza-jordi-miro\/","url":"https:\/\/www.viorigen.com\/producto\/ennak-crianza-jordi-miro\/","name":"Ennak Crian\u00e7a - ViOrigen - Comprar vi DO Terra Alta","isPartOf":{"@id":"https:\/\/www.viorigen.com\/#website"},"primaryImageOfPage":{"@id":"https:\/\/www.viorigen.com\/producto\/ennak-crianza-jordi-miro\/#primaryimage"},"image":{"@id":"https:\/\/www.viorigen.com\/producto\/ennak-crianza-jordi-miro\/#primaryimage"},"thumbnailUrl":"https:\/\/www.viorigen.com\/wp-content\/uploads\/2019\/03\/ennak-.png","datePublished":"2019-03-14T11:59:41+00:00","dateModified":"2020-03-30T10:59:50+00:00","description":"Ennak Crian\u00e7a del celler Jordi Mir\u00f3, ubicat al municipi de Corbera d'Ebre, a la DO Terra Alta. Prov\u00edncia de Tarragona, Catalunya.","breadcrumb":{"@id":"https:\/\/www.viorigen.com\/producto\/ennak-crianza-jordi-miro\/#breadcrumb"},"inLanguage":"ca","potentialAction":[{"@type":"ReadAction","target":["https:\/\/www.viorigen.com\/producto\/ennak-crianza-jordi-miro\/"]}]},{"@type":"ImageObject","inLanguage":"ca","@id":"https:\/\/www.viorigen.com\/producto\/ennak-crianza-jordi-miro\/#primaryimage","url":"https:\/\/www.viorigen.com\/wp-content\/uploads\/2019\/03\/ennak-.png","contentUrl":"https:\/\/www.viorigen.com\/wp-content\/uploads\/2019\/03\/ennak-.png","width":700,"height":870},{"@type":"BreadcrumbList","@id":"https:\/\/www.viorigen.com\/producto\/ennak-crianza-jordi-miro\/#breadcrumb","itemListElement":[{"@type":"ListItem","position":1,"name":"Portada","item":"https:\/\/www.viorigen.com\/ca\/"},{"@type":"ListItem","position":2,"name":"Botiga","item":"https:\/\/www.viorigen.com\/botiga\/"},{"@type":"ListItem","position":3,"name":"Ennak Crian\u00e7a"}]},{"@type":"WebSite","@id":"https:\/\/www.viorigen.com\/#website","url":"https:\/\/www.viorigen.com\/","name":"ViOrigen","description":"ViOrigen \u00e9s un projecte vinculat al sector vitivin\u00edcola de la Terra Alta que emprenem tres amics apassionats del vi i l\u2019entorn de la comarca.","potentialAction":[{"@type":"SearchAction","target":{"@type":"EntryPoint","urlTemplate":"https:\/\/www.viorigen.com\/?s={search_term_string}"},"query-input":{"@type":"PropertyValueSpecification","valueRequired":true,"valueName":"search_term_string"}}],"inLanguage":"ca"}]}},"_links":{"self":[{"href":"https:\/\/www.viorigen.com\/ca\/wp-json\/wp\/v2\/product\/1989","targetHints":{"allow":["GET"]}}],"collection":[{"href":"https:\/\/www.viorigen.com\/ca\/wp-json\/wp\/v2\/product"}],"about":[{"href":"https:\/\/www.viorigen.com\/ca\/wp-json\/wp\/v2\/types\/product"}],"wp:featuredmedia":[{"embeddable":true,"href":"https:\/\/www.viorigen.com\/ca\/wp-json\/wp\/v2\/media\/1728"}],"wp:attachment":[{"href":"https:\/\/www.viorigen.com\/ca\/wp-json\/wp\/v2\/media?parent=1989"}],"wp:term":[{"taxonomy":"product_cat","embeddable":true,"href":"https:\/\/www.viorigen.com\/ca\/wp-json\/wp\/v2\/product_cat?post=1989"},{"taxonomy":"product_tag","embeddable":true,"href":"https:\/\/www.viorigen.com\/ca\/wp-json\/wp\/v2\/product_tag?post=1989"},{"taxonomy":"bodega","embeddable":true,"href":"https:\/\/www.viorigen.com\/ca\/wp-json\/wp\/v2\/bodega?post=1989"},{"taxonomy":"tipo_de_vino","embeddable":true,"href":"https:\/\/www.viorigen.com\/ca\/wp-json\/wp\/v2\/tipo_de_vino?post=1989"},{"taxonomy":"variedades","embeddable":true,"href":"https:\/\/www.viorigen.com\/ca\/wp-json\/wp\/v2\/variedades?post=1989"},{"taxonomy":"clase_de_vino","embeddable":true,"href":"https:\/\/www.viorigen.com\/ca\/wp-json\/wp\/v2\/clase_de_vino?post=1989"},{"taxonomy":"denominacion","embeddable":true,"href":"https:\/\/www.viorigen.com\/ca\/wp-json\/wp\/v2\/denominacion?post=1989"},{"taxonomy":"otros","embeddable":true,"href":"https:\/\/www.viorigen.com\/ca\/wp-json\/wp\/v2\/otros?post=1989"},{"taxonomy":"clasificacio_enoturisme","embeddable":true,"href":"https:\/\/www.viorigen.com\/ca\/wp-json\/wp\/v2\/clasificacio_enoturisme?post=1989"}],"curies":[{"name":"wp","href":"https:\/\/api.w.org\/{rel}","templated":true}]}}