{"id":2006,"date":"2019-03-14T10:55:44","date_gmt":"2019-03-14T10:55:44","guid":{"rendered":"http:\/\/www.viorigen.com\/producto\/petites-estones-blanc\/"},"modified":"2020-06-30T08:28:36","modified_gmt":"2020-06-30T08:28:36","slug":"petites-estones-blanc","status":"publish","type":"product","link":"https:\/\/www.viorigen.com\/ca\/producto\/petites-estones-blanc\/","title":{"rendered":"Petites Estones Blanc"},"content":{"rendered":"<h1>Petites Estones Blanc<\/h1>\n<p>Petites Estones Blanc \u00e9s un vi jove de Garnatxa Blanca 100% DO Terra Alta. Elaborat pel celler Estones Vins.<\/p>\n<h2>Estones Vins, el celler<\/h2>\n<p>Estones Vins \u00e9s un projecte de microvinificaci\u00f3 que comen\u00e7a per diversi\u00f3 entre dos amics.<\/p>\n<p>El projecte comen\u00e7a amb Secret de Mas Sersal, que aviat va canviar el seu nom a Estones i va acabar donant nom al mateix celler. A aquest vi el van seguir altres vins i m\u00e9s projectes: Estones de <a href=\"https:\/\/www.mishima.cat\/\">Mishima<\/a>, una col\u00b7laboraci\u00f3 amb el grup de Barcelona on donen forma a alguns vins inspirats amb les seves can\u00e7ons.<\/p>\n<p>Van trobar les vinyes de qualitat que buscaven al Montsant, en dos finques: la finca Aiguasals, una parcel\u00b7la d\u2019unes 10ha de terrenys inclinats, en una zona lim\u00edtrofa amb la DOQ Priorat, plantada amb ceps de Garnatxa i Sir\u00e0 en s\u00f2l de llicorella, especialment a la part m\u00e9s superior; i al terme municipal d\u2019Els Guiamets, una finca de menys d\u2019una ha., amb vinyes velles de Carinyena (m\u00e9s de 50 anys). Per a la elaboraci\u00f3, es van instal\u00b7lar a Falset, un espai reconvertit en el que avui tres cellers comparteixen equips i serveis.<\/p>\n<p>Estones Vins busca oferir vins equilibrats, en els que la fruita predomini sempre a la fusta; utilitzant b\u00f3tes de primer i segon any de roure franc\u00e8s de diferents boscos. S\u00f3n vins a tenir sempre a m\u00e0, afruitats, expressius i plaents.<\/p>\n","protected":false},"excerpt":{"rendered":"<p>Petites Estones Blanc Petites Estones Blanc \u00e9s un vi jove de Garnatxa Blanca 100% DO Terra Alta. Elaborat pel celler Estones Vins. Estones Vins, el celler<span class=\"excerpt-hellip\"> [\u2026]<\/span><\/p>\n","protected":false},"featured_media":1707,"template":"","meta":{"_acf_changed":false},"product_cat":[179],"product_tag":[],"bodega":[249],"tipo_de_vino":[184],"variedades":[187],"clase_de_vino":[196],"denominacion":[198],"otros":[],"clasificacio_enoturisme":[],"class_list":{"0":"post-2006","1":"product","2":"type-product","3":"status-publish","4":"has-post-thumbnail","6":"product_cat-vi","7":"bodega-estones-vins-ca","8":"tipo_de_vino-jove","9":"variedades-garnatxa-blanca","10":"clase_de_vino-blanc","11":"denominacion-terra-alta-ca","13":"first","14":"instock","15":"shipping-taxable","16":"purchasable","17":"product-type-simple"},"acf":[],"yoast_head":"<!-- This site is optimized with the Yoast SEO plugin v23.9 - https:\/\/yoast.com\/wordpress\/plugins\/seo\/ -->\n<title>Petites Estones Blanc - ViOrigen - Comprar vi DO Terra Alta<\/title>\n<meta name=\"description\" content=\"Petites Estones Blanc \u00e9s un vi jove de Garnatxa Blanca 100% DO Terra Alta. Elaborat pel celler Estones Vins.\" \/>\n<meta name=\"robots\" content=\"index, follow, max-snippet:-1, max-image-preview:large, max-video-preview:-1\" \/>\n<link rel=\"canonical\" href=\"https:\/\/www.viorigen.com\/producto\/petites-estones-blanco\/\" \/>\n<meta property=\"og:locale\" content=\"ca_ES\" \/>\n<meta property=\"og:type\" content=\"article\" \/>\n<meta property=\"og:title\" content=\"Petites Estones Blanc - ViOrigen - Comprar vi DO Terra Alta\" \/>\n<meta property=\"og:description\" content=\"Petites Estones Blanc \u00e9s un vi jove de Garnatxa Blanca 100% DO Terra Alta. Elaborat pel celler Estones Vins.\" \/>\n<meta property=\"og:url\" content=\"https:\/\/www.viorigen.com\/producto\/petites-estones-blanco\/\" \/>\n<meta property=\"og:site_name\" content=\"ViOrigen\" \/>\n<meta property=\"article:publisher\" content=\"https:\/\/www.facebook.com\/viorigen\" \/>\n<meta property=\"article:modified_time\" content=\"2020-06-30T08:28:36+00:00\" \/>\n<meta property=\"og:image\" content=\"https:\/\/www.viorigen.com\/wp-content\/uploads\/2019\/03\/petites-estones-blanc.png\" \/>\n\t<meta property=\"og:image:width\" content=\"700\" \/>\n\t<meta property=\"og:image:height\" content=\"870\" \/>\n\t<meta property=\"og:image:type\" content=\"image\/png\" \/>\n<meta name=\"twitter:card\" content=\"summary_large_image\" \/>\n<meta name=\"twitter:site\" content=\"@viorigen\" \/>\n<meta name=\"twitter:label1\" content=\"Temps estimat de lectura\" \/>\n\t<meta name=\"twitter:data1\" content=\"1 minut\" \/>\n<script type=\"application\/ld+json\" class=\"yoast-schema-graph\">{\"@context\":\"https:\/\/schema.org\",\"@graph\":[{\"@type\":\"WebPage\",\"@id\":\"https:\/\/www.viorigen.com\/producto\/petites-estones-blanco\/\",\"url\":\"https:\/\/www.viorigen.com\/producto\/petites-estones-blanco\/\",\"name\":\"Petites Estones Blanc - ViOrigen - Comprar vi DO Terra Alta\",\"isPartOf\":{\"@id\":\"https:\/\/www.viorigen.com\/#website\"},\"primaryImageOfPage\":{\"@id\":\"https:\/\/www.viorigen.com\/producto\/petites-estones-blanco\/#primaryimage\"},\"image\":{\"@id\":\"https:\/\/www.viorigen.com\/producto\/petites-estones-blanco\/#primaryimage\"},\"thumbnailUrl\":\"https:\/\/www.viorigen.com\/wp-content\/uploads\/2019\/03\/petites-estones-blanc.png\",\"datePublished\":\"2019-03-14T10:55:44+00:00\",\"dateModified\":\"2020-06-30T08:28:36+00:00\",\"description\":\"Petites Estones Blanc \u00e9s un vi jove de Garnatxa Blanca 100% DO Terra Alta. Elaborat pel celler Estones Vins.\",\"breadcrumb\":{\"@id\":\"https:\/\/www.viorigen.com\/producto\/petites-estones-blanco\/#breadcrumb\"},\"inLanguage\":\"ca\",\"potentialAction\":[{\"@type\":\"ReadAction\",\"target\":[\"https:\/\/www.viorigen.com\/producto\/petites-estones-blanco\/\"]}]},{\"@type\":\"ImageObject\",\"inLanguage\":\"ca\",\"@id\":\"https:\/\/www.viorigen.com\/producto\/petites-estones-blanco\/#primaryimage\",\"url\":\"https:\/\/www.viorigen.com\/wp-content\/uploads\/2019\/03\/petites-estones-blanc.png\",\"contentUrl\":\"https:\/\/www.viorigen.com\/wp-content\/uploads\/2019\/03\/petites-estones-blanc.png\",\"width\":700,\"height\":870,\"caption\":\"Petites Estones Blanc\"},{\"@type\":\"BreadcrumbList\",\"@id\":\"https:\/\/www.viorigen.com\/producto\/petites-estones-blanco\/#breadcrumb\",\"itemListElement\":[{\"@type\":\"ListItem\",\"position\":1,\"name\":\"Portada\",\"item\":\"https:\/\/www.viorigen.com\/ca\/\"},{\"@type\":\"ListItem\",\"position\":2,\"name\":\"Botiga\",\"item\":\"https:\/\/www.viorigen.com\/botiga\/\"},{\"@type\":\"ListItem\",\"position\":3,\"name\":\"Petites Estones Blanc\"}]},{\"@type\":\"WebSite\",\"@id\":\"https:\/\/www.viorigen.com\/#website\",\"url\":\"https:\/\/www.viorigen.com\/\",\"name\":\"ViOrigen\",\"description\":\"ViOrigen \u00e9s un projecte vinculat al sector vitivin\u00edcola de la Terra Alta que emprenem tres amics apassionats del vi i l\u2019entorn de la comarca.\",\"potentialAction\":[{\"@type\":\"SearchAction\",\"target\":{\"@type\":\"EntryPoint\",\"urlTemplate\":\"https:\/\/www.viorigen.com\/?s={search_term_string}\"},\"query-input\":{\"@type\":\"PropertyValueSpecification\",\"valueRequired\":true,\"valueName\":\"search_term_string\"}}],\"inLanguage\":\"ca\"}]}<\/script>\n<!-- \/ Yoast SEO plugin. -->","yoast_head_json":{"title":"Petites Estones Blanc - ViOrigen - Comprar vi DO Terra Alta","description":"Petites Estones Blanc \u00e9s un vi jove de Garnatxa Blanca 100% DO Terra Alta. Elaborat pel celler Estones Vins.","robots":{"index":"index","follow":"follow","max-snippet":"max-snippet:-1","max-image-preview":"max-image-preview:large","max-video-preview":"max-video-preview:-1"},"canonical":"https:\/\/www.viorigen.com\/producto\/petites-estones-blanco\/","og_locale":"ca_ES","og_type":"article","og_title":"Petites Estones Blanc - ViOrigen - Comprar vi DO Terra Alta","og_description":"Petites Estones Blanc \u00e9s un vi jove de Garnatxa Blanca 100% DO Terra Alta. Elaborat pel celler Estones Vins.","og_url":"https:\/\/www.viorigen.com\/producto\/petites-estones-blanco\/","og_site_name":"ViOrigen","article_publisher":"https:\/\/www.facebook.com\/viorigen","article_modified_time":"2020-06-30T08:28:36+00:00","og_image":[{"width":700,"height":870,"url":"https:\/\/www.viorigen.com\/wp-content\/uploads\/2019\/03\/petites-estones-blanc.png","type":"image\/png"}],"twitter_card":"summary_large_image","twitter_site":"@viorigen","twitter_misc":{"Temps estimat de lectura":"1 minut"},"schema":{"@context":"https:\/\/schema.org","@graph":[{"@type":"WebPage","@id":"https:\/\/www.viorigen.com\/producto\/petites-estones-blanco\/","url":"https:\/\/www.viorigen.com\/producto\/petites-estones-blanco\/","name":"Petites Estones Blanc - ViOrigen - Comprar vi DO Terra Alta","isPartOf":{"@id":"https:\/\/www.viorigen.com\/#website"},"primaryImageOfPage":{"@id":"https:\/\/www.viorigen.com\/producto\/petites-estones-blanco\/#primaryimage"},"image":{"@id":"https:\/\/www.viorigen.com\/producto\/petites-estones-blanco\/#primaryimage"},"thumbnailUrl":"https:\/\/www.viorigen.com\/wp-content\/uploads\/2019\/03\/petites-estones-blanc.png","datePublished":"2019-03-14T10:55:44+00:00","dateModified":"2020-06-30T08:28:36+00:00","description":"Petites Estones Blanc \u00e9s un vi jove de Garnatxa Blanca 100% DO Terra Alta. Elaborat pel celler Estones Vins.","breadcrumb":{"@id":"https:\/\/www.viorigen.com\/producto\/petites-estones-blanco\/#breadcrumb"},"inLanguage":"ca","potentialAction":[{"@type":"ReadAction","target":["https:\/\/www.viorigen.com\/producto\/petites-estones-blanco\/"]}]},{"@type":"ImageObject","inLanguage":"ca","@id":"https:\/\/www.viorigen.com\/producto\/petites-estones-blanco\/#primaryimage","url":"https:\/\/www.viorigen.com\/wp-content\/uploads\/2019\/03\/petites-estones-blanc.png","contentUrl":"https:\/\/www.viorigen.com\/wp-content\/uploads\/2019\/03\/petites-estones-blanc.png","width":700,"height":870,"caption":"Petites Estones Blanc"},{"@type":"BreadcrumbList","@id":"https:\/\/www.viorigen.com\/producto\/petites-estones-blanco\/#breadcrumb","itemListElement":[{"@type":"ListItem","position":1,"name":"Portada","item":"https:\/\/www.viorigen.com\/ca\/"},{"@type":"ListItem","position":2,"name":"Botiga","item":"https:\/\/www.viorigen.com\/botiga\/"},{"@type":"ListItem","position":3,"name":"Petites Estones Blanc"}]},{"@type":"WebSite","@id":"https:\/\/www.viorigen.com\/#website","url":"https:\/\/www.viorigen.com\/","name":"ViOrigen","description":"ViOrigen \u00e9s un projecte vinculat al sector vitivin\u00edcola de la Terra Alta que emprenem tres amics apassionats del vi i l\u2019entorn de la comarca.","potentialAction":[{"@type":"SearchAction","target":{"@type":"EntryPoint","urlTemplate":"https:\/\/www.viorigen.com\/?s={search_term_string}"},"query-input":{"@type":"PropertyValueSpecification","valueRequired":true,"valueName":"search_term_string"}}],"inLanguage":"ca"}]}},"_links":{"self":[{"href":"https:\/\/www.viorigen.com\/ca\/wp-json\/wp\/v2\/product\/2006","targetHints":{"allow":["GET"]}}],"collection":[{"href":"https:\/\/www.viorigen.com\/ca\/wp-json\/wp\/v2\/product"}],"about":[{"href":"https:\/\/www.viorigen.com\/ca\/wp-json\/wp\/v2\/types\/product"}],"wp:featuredmedia":[{"embeddable":true,"href":"https:\/\/www.viorigen.com\/ca\/wp-json\/wp\/v2\/media\/1707"}],"wp:attachment":[{"href":"https:\/\/www.viorigen.com\/ca\/wp-json\/wp\/v2\/media?parent=2006"}],"wp:term":[{"taxonomy":"product_cat","embeddable":true,"href":"https:\/\/www.viorigen.com\/ca\/wp-json\/wp\/v2\/product_cat?post=2006"},{"taxonomy":"product_tag","embeddable":true,"href":"https:\/\/www.viorigen.com\/ca\/wp-json\/wp\/v2\/product_tag?post=2006"},{"taxonomy":"bodega","embeddable":true,"href":"https:\/\/www.viorigen.com\/ca\/wp-json\/wp\/v2\/bodega?post=2006"},{"taxonomy":"tipo_de_vino","embeddable":true,"href":"https:\/\/www.viorigen.com\/ca\/wp-json\/wp\/v2\/tipo_de_vino?post=2006"},{"taxonomy":"variedades","embeddable":true,"href":"https:\/\/www.viorigen.com\/ca\/wp-json\/wp\/v2\/variedades?post=2006"},{"taxonomy":"clase_de_vino","embeddable":true,"href":"https:\/\/www.viorigen.com\/ca\/wp-json\/wp\/v2\/clase_de_vino?post=2006"},{"taxonomy":"denominacion","embeddable":true,"href":"https:\/\/www.viorigen.com\/ca\/wp-json\/wp\/v2\/denominacion?post=2006"},{"taxonomy":"otros","embeddable":true,"href":"https:\/\/www.viorigen.com\/ca\/wp-json\/wp\/v2\/otros?post=2006"},{"taxonomy":"clasificacio_enoturisme","embeddable":true,"href":"https:\/\/www.viorigen.com\/ca\/wp-json\/wp\/v2\/clasificacio_enoturisme?post=2006"}],"curies":[{"name":"wp","href":"https:\/\/api.w.org\/{rel}","templated":true}]}}