{"id":2011,"date":"2019-03-13T12:00:39","date_gmt":"2019-03-13T12:00:39","guid":{"rendered":"http:\/\/www.viorigen.com\/producto\/via-terra-negre\/"},"modified":"2020-06-18T06:53:02","modified_gmt":"2020-06-18T06:53:02","slug":"via-terra-negre","status":"publish","type":"product","link":"https:\/\/www.viorigen.com\/ca\/producto\/via-terra-negre\/","title":{"rendered":"Via Terra Negre"},"content":{"rendered":"<p>Via Terra Negre del celler <a href=\"https:\/\/www.viorigen.com\/ca\/bodega\/edetaria-ca\/\">Edet\u00e0ria<\/a> de Gandesa, de la DO Terra Alta. Crian\u00e7a de 6 en b\u00f3tes de roure franc\u00e8s de 300 litres.<\/p>\n<p>Elaborat amb Garnatxa negra de les nostres vinyes situades a la Plana de Gandesa, en terrasses elevades, s\u00f2ls ben drenats i per tant donant baixes produccions.<\/p>\n<p>En el celler realitzem dues vinificacions diferents, una amb maceraci\u00f3 en fred per aportar tota l\u2019autenticitat de la fruita de la Garnatxa negra; i una segona m\u00e9s tradicional amb ra\u00efms m\u00e9s madurs que ens donar\u00e0 complexitat i estructura. Despr\u00e9s el vi rep una crian\u00e7a de 6 mesos en b\u00f3tes de 300 litres de roure franc\u00e8s.<\/p>\n","protected":false},"excerpt":{"rendered":"<p>Via Terra Negre del celler Edet\u00e0ria de Gandesa, de la DO Terra Alta. Crian\u00e7a de 6 en b\u00f3tes de roure franc\u00e8s de 300 litres. Elaborat amb<span class=\"excerpt-hellip\"> [\u2026]<\/span><\/p>\n","protected":false},"featured_media":1700,"template":"","meta":{"_acf_changed":false},"product_cat":[179],"product_tag":[],"bodega":[248],"tipo_de_vino":[185],"variedades":[530],"clase_de_vino":[197],"denominacion":[198],"otros":[],"clasificacio_enoturisme":[],"class_list":{"0":"post-2011","1":"product","2":"type-product","3":"status-publish","4":"has-post-thumbnail","6":"product_cat-vi","7":"bodega-edetaria-ca","8":"tipo_de_vino-jove-amb-crianca","9":"variedades-garnatxa-negra-ca","10":"clase_de_vino-negre","11":"denominacion-terra-alta-ca","13":"first","14":"instock","15":"shipping-taxable","16":"purchasable","17":"product-type-simple"},"acf":[],"yoast_head":"<!-- This site is optimized with the Yoast SEO plugin v23.9 - https:\/\/yoast.com\/wordpress\/plugins\/seo\/ -->\n<title>Via Terra Negre - ViOrigen - Comprar vi Terra Alta - Edet\u00e0ria<\/title>\n<meta name=\"description\" content=\"Via Terra Negre \u00e9s un vi 100% Garnatxa Negra del celler Edet\u00e0ria de Gandesa a la Terra Alta. Aquest celler destaca per la qualitat dels seus vins.\" \/>\n<meta name=\"robots\" content=\"index, follow, max-snippet:-1, max-image-preview:large, max-video-preview:-1\" \/>\n<link rel=\"canonical\" href=\"https:\/\/www.viorigen.com\/producto\/via-terra-tinto\/\" \/>\n<meta property=\"og:locale\" content=\"ca_ES\" \/>\n<meta property=\"og:type\" content=\"article\" \/>\n<meta property=\"og:title\" content=\"Via Terra Negre - ViOrigen - Comprar vi Terra Alta - Edet\u00e0ria\" \/>\n<meta property=\"og:description\" content=\"Via Terra Negre \u00e9s un vi 100% Garnatxa Negra del celler Edet\u00e0ria de Gandesa a la Terra Alta. Aquest celler destaca per la qualitat dels seus vins.\" \/>\n<meta property=\"og:url\" content=\"https:\/\/www.viorigen.com\/producto\/via-terra-tinto\/\" \/>\n<meta property=\"og:site_name\" content=\"ViOrigen\" \/>\n<meta property=\"article:publisher\" content=\"https:\/\/www.facebook.com\/viorigen\" \/>\n<meta property=\"article:modified_time\" content=\"2020-06-18T06:53:02+00:00\" \/>\n<meta property=\"og:image\" content=\"https:\/\/www.viorigen.com\/wp-content\/uploads\/2019\/03\/via-terra-negre.png\" \/>\n\t<meta property=\"og:image:width\" content=\"700\" \/>\n\t<meta property=\"og:image:height\" content=\"870\" \/>\n\t<meta property=\"og:image:type\" content=\"image\/png\" \/>\n<meta name=\"twitter:card\" content=\"summary_large_image\" \/>\n<meta name=\"twitter:site\" content=\"@viorigen\" \/>\n<meta name=\"twitter:label1\" content=\"Temps estimat de lectura\" \/>\n\t<meta name=\"twitter:data1\" content=\"1 minut\" \/>\n<script type=\"application\/ld+json\" class=\"yoast-schema-graph\">{\"@context\":\"https:\/\/schema.org\",\"@graph\":[{\"@type\":\"WebPage\",\"@id\":\"https:\/\/www.viorigen.com\/producto\/via-terra-tinto\/\",\"url\":\"https:\/\/www.viorigen.com\/producto\/via-terra-tinto\/\",\"name\":\"Via Terra Negre - ViOrigen - Comprar vi Terra Alta - Edet\u00e0ria\",\"isPartOf\":{\"@id\":\"https:\/\/www.viorigen.com\/#website\"},\"primaryImageOfPage\":{\"@id\":\"https:\/\/www.viorigen.com\/producto\/via-terra-tinto\/#primaryimage\"},\"image\":{\"@id\":\"https:\/\/www.viorigen.com\/producto\/via-terra-tinto\/#primaryimage\"},\"thumbnailUrl\":\"https:\/\/www.viorigen.com\/wp-content\/uploads\/2019\/03\/via-terra-negre.png\",\"datePublished\":\"2019-03-13T12:00:39+00:00\",\"dateModified\":\"2020-06-18T06:53:02+00:00\",\"description\":\"Via Terra Negre \u00e9s un vi 100% Garnatxa Negra del celler Edet\u00e0ria de Gandesa a la Terra Alta. Aquest celler destaca per la qualitat dels seus vins.\",\"breadcrumb\":{\"@id\":\"https:\/\/www.viorigen.com\/producto\/via-terra-tinto\/#breadcrumb\"},\"inLanguage\":\"ca\",\"potentialAction\":[{\"@type\":\"ReadAction\",\"target\":[\"https:\/\/www.viorigen.com\/producto\/via-terra-tinto\/\"]}]},{\"@type\":\"ImageObject\",\"inLanguage\":\"ca\",\"@id\":\"https:\/\/www.viorigen.com\/producto\/via-terra-tinto\/#primaryimage\",\"url\":\"https:\/\/www.viorigen.com\/wp-content\/uploads\/2019\/03\/via-terra-negre.png\",\"contentUrl\":\"https:\/\/www.viorigen.com\/wp-content\/uploads\/2019\/03\/via-terra-negre.png\",\"width\":700,\"height\":870},{\"@type\":\"BreadcrumbList\",\"@id\":\"https:\/\/www.viorigen.com\/producto\/via-terra-tinto\/#breadcrumb\",\"itemListElement\":[{\"@type\":\"ListItem\",\"position\":1,\"name\":\"Portada\",\"item\":\"https:\/\/www.viorigen.com\/ca\/\"},{\"@type\":\"ListItem\",\"position\":2,\"name\":\"Botiga\",\"item\":\"https:\/\/www.viorigen.com\/botiga\/\"},{\"@type\":\"ListItem\",\"position\":3,\"name\":\"Via Terra Negre\"}]},{\"@type\":\"WebSite\",\"@id\":\"https:\/\/www.viorigen.com\/#website\",\"url\":\"https:\/\/www.viorigen.com\/\",\"name\":\"ViOrigen\",\"description\":\"ViOrigen \u00e9s un projecte vinculat al sector vitivin\u00edcola de la Terra Alta que emprenem tres amics apassionats del vi i l\u2019entorn de la comarca.\",\"potentialAction\":[{\"@type\":\"SearchAction\",\"target\":{\"@type\":\"EntryPoint\",\"urlTemplate\":\"https:\/\/www.viorigen.com\/?s={search_term_string}\"},\"query-input\":{\"@type\":\"PropertyValueSpecification\",\"valueRequired\":true,\"valueName\":\"search_term_string\"}}],\"inLanguage\":\"ca\"}]}<\/script>\n<!-- \/ Yoast SEO plugin. -->","yoast_head_json":{"title":"Via Terra Negre - ViOrigen - Comprar vi Terra Alta - Edet\u00e0ria","description":"Via Terra Negre \u00e9s un vi 100% Garnatxa Negra del celler Edet\u00e0ria de Gandesa a la Terra Alta. Aquest celler destaca per la qualitat dels seus vins.","robots":{"index":"index","follow":"follow","max-snippet":"max-snippet:-1","max-image-preview":"max-image-preview:large","max-video-preview":"max-video-preview:-1"},"canonical":"https:\/\/www.viorigen.com\/producto\/via-terra-tinto\/","og_locale":"ca_ES","og_type":"article","og_title":"Via Terra Negre - ViOrigen - Comprar vi Terra Alta - Edet\u00e0ria","og_description":"Via Terra Negre \u00e9s un vi 100% Garnatxa Negra del celler Edet\u00e0ria de Gandesa a la Terra Alta. Aquest celler destaca per la qualitat dels seus vins.","og_url":"https:\/\/www.viorigen.com\/producto\/via-terra-tinto\/","og_site_name":"ViOrigen","article_publisher":"https:\/\/www.facebook.com\/viorigen","article_modified_time":"2020-06-18T06:53:02+00:00","og_image":[{"width":700,"height":870,"url":"https:\/\/www.viorigen.com\/wp-content\/uploads\/2019\/03\/via-terra-negre.png","type":"image\/png"}],"twitter_card":"summary_large_image","twitter_site":"@viorigen","twitter_misc":{"Temps estimat de lectura":"1 minut"},"schema":{"@context":"https:\/\/schema.org","@graph":[{"@type":"WebPage","@id":"https:\/\/www.viorigen.com\/producto\/via-terra-tinto\/","url":"https:\/\/www.viorigen.com\/producto\/via-terra-tinto\/","name":"Via Terra Negre - ViOrigen - Comprar vi Terra Alta - Edet\u00e0ria","isPartOf":{"@id":"https:\/\/www.viorigen.com\/#website"},"primaryImageOfPage":{"@id":"https:\/\/www.viorigen.com\/producto\/via-terra-tinto\/#primaryimage"},"image":{"@id":"https:\/\/www.viorigen.com\/producto\/via-terra-tinto\/#primaryimage"},"thumbnailUrl":"https:\/\/www.viorigen.com\/wp-content\/uploads\/2019\/03\/via-terra-negre.png","datePublished":"2019-03-13T12:00:39+00:00","dateModified":"2020-06-18T06:53:02+00:00","description":"Via Terra Negre \u00e9s un vi 100% Garnatxa Negra del celler Edet\u00e0ria de Gandesa a la Terra Alta. Aquest celler destaca per la qualitat dels seus vins.","breadcrumb":{"@id":"https:\/\/www.viorigen.com\/producto\/via-terra-tinto\/#breadcrumb"},"inLanguage":"ca","potentialAction":[{"@type":"ReadAction","target":["https:\/\/www.viorigen.com\/producto\/via-terra-tinto\/"]}]},{"@type":"ImageObject","inLanguage":"ca","@id":"https:\/\/www.viorigen.com\/producto\/via-terra-tinto\/#primaryimage","url":"https:\/\/www.viorigen.com\/wp-content\/uploads\/2019\/03\/via-terra-negre.png","contentUrl":"https:\/\/www.viorigen.com\/wp-content\/uploads\/2019\/03\/via-terra-negre.png","width":700,"height":870},{"@type":"BreadcrumbList","@id":"https:\/\/www.viorigen.com\/producto\/via-terra-tinto\/#breadcrumb","itemListElement":[{"@type":"ListItem","position":1,"name":"Portada","item":"https:\/\/www.viorigen.com\/ca\/"},{"@type":"ListItem","position":2,"name":"Botiga","item":"https:\/\/www.viorigen.com\/botiga\/"},{"@type":"ListItem","position":3,"name":"Via Terra Negre"}]},{"@type":"WebSite","@id":"https:\/\/www.viorigen.com\/#website","url":"https:\/\/www.viorigen.com\/","name":"ViOrigen","description":"ViOrigen \u00e9s un projecte vinculat al sector vitivin\u00edcola de la Terra Alta que emprenem tres amics apassionats del vi i l\u2019entorn de la comarca.","potentialAction":[{"@type":"SearchAction","target":{"@type":"EntryPoint","urlTemplate":"https:\/\/www.viorigen.com\/?s={search_term_string}"},"query-input":{"@type":"PropertyValueSpecification","valueRequired":true,"valueName":"search_term_string"}}],"inLanguage":"ca"}]}},"_links":{"self":[{"href":"https:\/\/www.viorigen.com\/ca\/wp-json\/wp\/v2\/product\/2011","targetHints":{"allow":["GET"]}}],"collection":[{"href":"https:\/\/www.viorigen.com\/ca\/wp-json\/wp\/v2\/product"}],"about":[{"href":"https:\/\/www.viorigen.com\/ca\/wp-json\/wp\/v2\/types\/product"}],"wp:featuredmedia":[{"embeddable":true,"href":"https:\/\/www.viorigen.com\/ca\/wp-json\/wp\/v2\/media\/1700"}],"wp:attachment":[{"href":"https:\/\/www.viorigen.com\/ca\/wp-json\/wp\/v2\/media?parent=2011"}],"wp:term":[{"taxonomy":"product_cat","embeddable":true,"href":"https:\/\/www.viorigen.com\/ca\/wp-json\/wp\/v2\/product_cat?post=2011"},{"taxonomy":"product_tag","embeddable":true,"href":"https:\/\/www.viorigen.com\/ca\/wp-json\/wp\/v2\/product_tag?post=2011"},{"taxonomy":"bodega","embeddable":true,"href":"https:\/\/www.viorigen.com\/ca\/wp-json\/wp\/v2\/bodega?post=2011"},{"taxonomy":"tipo_de_vino","embeddable":true,"href":"https:\/\/www.viorigen.com\/ca\/wp-json\/wp\/v2\/tipo_de_vino?post=2011"},{"taxonomy":"variedades","embeddable":true,"href":"https:\/\/www.viorigen.com\/ca\/wp-json\/wp\/v2\/variedades?post=2011"},{"taxonomy":"clase_de_vino","embeddable":true,"href":"https:\/\/www.viorigen.com\/ca\/wp-json\/wp\/v2\/clase_de_vino?post=2011"},{"taxonomy":"denominacion","embeddable":true,"href":"https:\/\/www.viorigen.com\/ca\/wp-json\/wp\/v2\/denominacion?post=2011"},{"taxonomy":"otros","embeddable":true,"href":"https:\/\/www.viorigen.com\/ca\/wp-json\/wp\/v2\/otros?post=2011"},{"taxonomy":"clasificacio_enoturisme","embeddable":true,"href":"https:\/\/www.viorigen.com\/ca\/wp-json\/wp\/v2\/clasificacio_enoturisme?post=2011"}],"curies":[{"name":"wp","href":"https:\/\/api.w.org\/{rel}","templated":true}]}}