{"id":2013,"date":"2019-03-13T11:56:40","date_gmt":"2019-03-13T11:56:40","guid":{"rendered":"http:\/\/www.viorigen.com\/producto\/via-edetana-negre\/"},"modified":"2024-02-14T09:39:58","modified_gmt":"2024-02-14T09:39:58","slug":"via-edetana-negre","status":"publish","type":"product","link":"https:\/\/www.viorigen.com\/ca\/producto\/via-edetana-negre\/","title":{"rendered":"Via Edetana Negre"},"content":{"rendered":"<p>Via Edetana negre \u00e9s un vi del celler Edetaria a Gandesa, Terra Alta. S&#8217;elabora a parts iguals amb les varietats aut\u00f2ctones de la regi\u00f3, la Garnatxa Fina, el nom amb qu\u00e8 s&#8217;anomena a la Terra Alta la Garnatxa Negra, i amb la Garnatxa Peluda. Els ra\u00efms procedeixen de diferents vinyes pr\u00f2pies d&#8217;edats entre 30 i 40 anys dels terrers de &#8220;tap\u00e0s&#8221;, &#8220;tap\u00e0s blanc&#8221; (s\u00f2ls poc profunds amb fragments carbonatats) i &#8220;argiles&#8221;.<\/p>\n","protected":false},"excerpt":{"rendered":"<p>Via Edetana negre \u00e9s un vi del celler Edetaria a Gandesa, Terra Alta. S&#8217;elabora a parts iguals amb les varietats aut\u00f2ctones de la regi\u00f3, la Garnatxa<span class=\"excerpt-hellip\"> [\u2026]<\/span><\/p>\n","protected":false},"featured_media":8533,"template":"","meta":{"_acf_changed":false},"product_cat":[179],"product_tag":[],"bodega":[248],"tipo_de_vino":[183],"variedades":[530,262],"clase_de_vino":[197],"denominacion":[198],"otros":[],"clasificacio_enoturisme":[],"class_list":{"0":"post-2013","1":"product","2":"type-product","3":"status-publish","4":"has-post-thumbnail","6":"product_cat-vi","7":"bodega-edetaria-ca","8":"tipo_de_vino-crianca","9":"variedades-garnatxa-negra-ca","10":"variedades-garnatxa-peluda","11":"clase_de_vino-negre","12":"denominacion-terra-alta-ca","14":"first","15":"instock","16":"shipping-taxable","17":"purchasable","18":"product-type-simple"},"acf":[],"yoast_head":"<!-- This site is optimized with the Yoast SEO plugin v23.9 - https:\/\/yoast.com\/wordpress\/plugins\/seo\/ -->\n<title>Via Edetana Negre - ViOrigen - Comprar vi Edet\u00e0ria, DO Terra Alta<\/title>\n<meta name=\"description\" content=\"Via Edetana Negre \u00e9s un vi elaborat amb Garnatxa Fina i Peluda 60%, Syrah 30% i Carinyena 10%. Comprar vins Edet\u00e0ria, DO Terra Alta.\" \/>\n<meta name=\"robots\" content=\"index, follow, max-snippet:-1, max-image-preview:large, max-video-preview:-1\" \/>\n<link rel=\"canonical\" href=\"https:\/\/www.viorigen.com\/producto\/via-edetana-tinto\/\" \/>\n<meta property=\"og:locale\" content=\"ca_ES\" \/>\n<meta property=\"og:type\" content=\"article\" \/>\n<meta property=\"og:title\" content=\"Via Edetana Negre - ViOrigen - Comprar vi Edet\u00e0ria, DO Terra Alta\" \/>\n<meta property=\"og:description\" content=\"Via Edetana Negre \u00e9s un vi elaborat amb Garnatxa Fina i Peluda 60%, Syrah 30% i Carinyena 10%. Comprar vins Edet\u00e0ria, DO Terra Alta.\" \/>\n<meta property=\"og:url\" content=\"https:\/\/www.viorigen.com\/producto\/via-edetana-tinto\/\" \/>\n<meta property=\"og:site_name\" content=\"ViOrigen\" \/>\n<meta property=\"article:publisher\" content=\"https:\/\/www.facebook.com\/viorigen\" \/>\n<meta property=\"article:modified_time\" content=\"2024-02-14T09:39:58+00:00\" \/>\n<meta property=\"og:image\" content=\"https:\/\/www.viorigen.com\/wp-content\/uploads\/2019\/03\/Via-edetana-negre-700x870-1.png\" \/>\n\t<meta property=\"og:image:width\" content=\"700\" \/>\n\t<meta property=\"og:image:height\" content=\"870\" \/>\n\t<meta property=\"og:image:type\" content=\"image\/png\" \/>\n<meta name=\"twitter:card\" content=\"summary_large_image\" \/>\n<meta name=\"twitter:site\" content=\"@viorigen\" \/>\n<script type=\"application\/ld+json\" class=\"yoast-schema-graph\">{\"@context\":\"https:\/\/schema.org\",\"@graph\":[{\"@type\":\"WebPage\",\"@id\":\"https:\/\/www.viorigen.com\/producto\/via-edetana-tinto\/\",\"url\":\"https:\/\/www.viorigen.com\/producto\/via-edetana-tinto\/\",\"name\":\"Via Edetana Negre - ViOrigen - Comprar vi Edet\u00e0ria, DO Terra Alta\",\"isPartOf\":{\"@id\":\"https:\/\/www.viorigen.com\/#website\"},\"primaryImageOfPage\":{\"@id\":\"https:\/\/www.viorigen.com\/producto\/via-edetana-tinto\/#primaryimage\"},\"image\":{\"@id\":\"https:\/\/www.viorigen.com\/producto\/via-edetana-tinto\/#primaryimage\"},\"thumbnailUrl\":\"https:\/\/www.viorigen.com\/wp-content\/uploads\/2019\/03\/Via-edetana-negre-700x870-1.png\",\"datePublished\":\"2019-03-13T11:56:40+00:00\",\"dateModified\":\"2024-02-14T09:39:58+00:00\",\"description\":\"Via Edetana Negre \u00e9s un vi elaborat amb Garnatxa Fina i Peluda 60%, Syrah 30% i Carinyena 10%. Comprar vins Edet\u00e0ria, DO Terra Alta.\",\"breadcrumb\":{\"@id\":\"https:\/\/www.viorigen.com\/producto\/via-edetana-tinto\/#breadcrumb\"},\"inLanguage\":\"ca\",\"potentialAction\":[{\"@type\":\"ReadAction\",\"target\":[\"https:\/\/www.viorigen.com\/producto\/via-edetana-tinto\/\"]}]},{\"@type\":\"ImageObject\",\"inLanguage\":\"ca\",\"@id\":\"https:\/\/www.viorigen.com\/producto\/via-edetana-tinto\/#primaryimage\",\"url\":\"https:\/\/www.viorigen.com\/wp-content\/uploads\/2019\/03\/Via-edetana-negre-700x870-1.png\",\"contentUrl\":\"https:\/\/www.viorigen.com\/wp-content\/uploads\/2019\/03\/Via-edetana-negre-700x870-1.png\",\"width\":700,\"height\":870},{\"@type\":\"BreadcrumbList\",\"@id\":\"https:\/\/www.viorigen.com\/producto\/via-edetana-tinto\/#breadcrumb\",\"itemListElement\":[{\"@type\":\"ListItem\",\"position\":1,\"name\":\"Portada\",\"item\":\"https:\/\/www.viorigen.com\/ca\/\"},{\"@type\":\"ListItem\",\"position\":2,\"name\":\"Botiga\",\"item\":\"https:\/\/www.viorigen.com\/botiga\/\"},{\"@type\":\"ListItem\",\"position\":3,\"name\":\"Via Edetana Negre\"}]},{\"@type\":\"WebSite\",\"@id\":\"https:\/\/www.viorigen.com\/#website\",\"url\":\"https:\/\/www.viorigen.com\/\",\"name\":\"ViOrigen\",\"description\":\"ViOrigen \u00e9s un projecte vinculat al sector vitivin\u00edcola de la Terra Alta que emprenem tres amics apassionats del vi i l\u2019entorn de la comarca.\",\"potentialAction\":[{\"@type\":\"SearchAction\",\"target\":{\"@type\":\"EntryPoint\",\"urlTemplate\":\"https:\/\/www.viorigen.com\/?s={search_term_string}\"},\"query-input\":{\"@type\":\"PropertyValueSpecification\",\"valueRequired\":true,\"valueName\":\"search_term_string\"}}],\"inLanguage\":\"ca\"}]}<\/script>\n<!-- \/ Yoast SEO plugin. -->","yoast_head_json":{"title":"Via Edetana Negre - ViOrigen - Comprar vi Edet\u00e0ria, DO Terra Alta","description":"Via Edetana Negre \u00e9s un vi elaborat amb Garnatxa Fina i Peluda 60%, Syrah 30% i Carinyena 10%. Comprar vins Edet\u00e0ria, DO Terra Alta.","robots":{"index":"index","follow":"follow","max-snippet":"max-snippet:-1","max-image-preview":"max-image-preview:large","max-video-preview":"max-video-preview:-1"},"canonical":"https:\/\/www.viorigen.com\/producto\/via-edetana-tinto\/","og_locale":"ca_ES","og_type":"article","og_title":"Via Edetana Negre - ViOrigen - Comprar vi Edet\u00e0ria, DO Terra Alta","og_description":"Via Edetana Negre \u00e9s un vi elaborat amb Garnatxa Fina i Peluda 60%, Syrah 30% i Carinyena 10%. Comprar vins Edet\u00e0ria, DO Terra Alta.","og_url":"https:\/\/www.viorigen.com\/producto\/via-edetana-tinto\/","og_site_name":"ViOrigen","article_publisher":"https:\/\/www.facebook.com\/viorigen","article_modified_time":"2024-02-14T09:39:58+00:00","og_image":[{"width":700,"height":870,"url":"https:\/\/www.viorigen.com\/wp-content\/uploads\/2019\/03\/Via-edetana-negre-700x870-1.png","type":"image\/png"}],"twitter_card":"summary_large_image","twitter_site":"@viorigen","schema":{"@context":"https:\/\/schema.org","@graph":[{"@type":"WebPage","@id":"https:\/\/www.viorigen.com\/producto\/via-edetana-tinto\/","url":"https:\/\/www.viorigen.com\/producto\/via-edetana-tinto\/","name":"Via Edetana Negre - ViOrigen - Comprar vi Edet\u00e0ria, DO Terra Alta","isPartOf":{"@id":"https:\/\/www.viorigen.com\/#website"},"primaryImageOfPage":{"@id":"https:\/\/www.viorigen.com\/producto\/via-edetana-tinto\/#primaryimage"},"image":{"@id":"https:\/\/www.viorigen.com\/producto\/via-edetana-tinto\/#primaryimage"},"thumbnailUrl":"https:\/\/www.viorigen.com\/wp-content\/uploads\/2019\/03\/Via-edetana-negre-700x870-1.png","datePublished":"2019-03-13T11:56:40+00:00","dateModified":"2024-02-14T09:39:58+00:00","description":"Via Edetana Negre \u00e9s un vi elaborat amb Garnatxa Fina i Peluda 60%, Syrah 30% i Carinyena 10%. Comprar vins Edet\u00e0ria, DO Terra Alta.","breadcrumb":{"@id":"https:\/\/www.viorigen.com\/producto\/via-edetana-tinto\/#breadcrumb"},"inLanguage":"ca","potentialAction":[{"@type":"ReadAction","target":["https:\/\/www.viorigen.com\/producto\/via-edetana-tinto\/"]}]},{"@type":"ImageObject","inLanguage":"ca","@id":"https:\/\/www.viorigen.com\/producto\/via-edetana-tinto\/#primaryimage","url":"https:\/\/www.viorigen.com\/wp-content\/uploads\/2019\/03\/Via-edetana-negre-700x870-1.png","contentUrl":"https:\/\/www.viorigen.com\/wp-content\/uploads\/2019\/03\/Via-edetana-negre-700x870-1.png","width":700,"height":870},{"@type":"BreadcrumbList","@id":"https:\/\/www.viorigen.com\/producto\/via-edetana-tinto\/#breadcrumb","itemListElement":[{"@type":"ListItem","position":1,"name":"Portada","item":"https:\/\/www.viorigen.com\/ca\/"},{"@type":"ListItem","position":2,"name":"Botiga","item":"https:\/\/www.viorigen.com\/botiga\/"},{"@type":"ListItem","position":3,"name":"Via Edetana Negre"}]},{"@type":"WebSite","@id":"https:\/\/www.viorigen.com\/#website","url":"https:\/\/www.viorigen.com\/","name":"ViOrigen","description":"ViOrigen \u00e9s un projecte vinculat al sector vitivin\u00edcola de la Terra Alta que emprenem tres amics apassionats del vi i l\u2019entorn de la comarca.","potentialAction":[{"@type":"SearchAction","target":{"@type":"EntryPoint","urlTemplate":"https:\/\/www.viorigen.com\/?s={search_term_string}"},"query-input":{"@type":"PropertyValueSpecification","valueRequired":true,"valueName":"search_term_string"}}],"inLanguage":"ca"}]}},"_links":{"self":[{"href":"https:\/\/www.viorigen.com\/ca\/wp-json\/wp\/v2\/product\/2013","targetHints":{"allow":["GET"]}}],"collection":[{"href":"https:\/\/www.viorigen.com\/ca\/wp-json\/wp\/v2\/product"}],"about":[{"href":"https:\/\/www.viorigen.com\/ca\/wp-json\/wp\/v2\/types\/product"}],"wp:featuredmedia":[{"embeddable":true,"href":"https:\/\/www.viorigen.com\/ca\/wp-json\/wp\/v2\/media\/8533"}],"wp:attachment":[{"href":"https:\/\/www.viorigen.com\/ca\/wp-json\/wp\/v2\/media?parent=2013"}],"wp:term":[{"taxonomy":"product_cat","embeddable":true,"href":"https:\/\/www.viorigen.com\/ca\/wp-json\/wp\/v2\/product_cat?post=2013"},{"taxonomy":"product_tag","embeddable":true,"href":"https:\/\/www.viorigen.com\/ca\/wp-json\/wp\/v2\/product_tag?post=2013"},{"taxonomy":"bodega","embeddable":true,"href":"https:\/\/www.viorigen.com\/ca\/wp-json\/wp\/v2\/bodega?post=2013"},{"taxonomy":"tipo_de_vino","embeddable":true,"href":"https:\/\/www.viorigen.com\/ca\/wp-json\/wp\/v2\/tipo_de_vino?post=2013"},{"taxonomy":"variedades","embeddable":true,"href":"https:\/\/www.viorigen.com\/ca\/wp-json\/wp\/v2\/variedades?post=2013"},{"taxonomy":"clase_de_vino","embeddable":true,"href":"https:\/\/www.viorigen.com\/ca\/wp-json\/wp\/v2\/clase_de_vino?post=2013"},{"taxonomy":"denominacion","embeddable":true,"href":"https:\/\/www.viorigen.com\/ca\/wp-json\/wp\/v2\/denominacion?post=2013"},{"taxonomy":"otros","embeddable":true,"href":"https:\/\/www.viorigen.com\/ca\/wp-json\/wp\/v2\/otros?post=2013"},{"taxonomy":"clasificacio_enoturisme","embeddable":true,"href":"https:\/\/www.viorigen.com\/ca\/wp-json\/wp\/v2\/clasificacio_enoturisme?post=2013"}],"curies":[{"name":"wp","href":"https:\/\/api.w.org\/{rel}","templated":true}]}}