{"id":2227,"date":"2019-03-22T11:33:01","date_gmt":"2019-03-22T11:33:01","guid":{"rendered":"http:\/\/www.viorigen.com\/producto\/tast-de-vermuts-terra-alta\/"},"modified":"2020-03-25T08:04:11","modified_gmt":"2020-03-25T08:04:11","slug":"tast-de-vermuts-terra-alta","status":"publish","type":"product","link":"https:\/\/www.viorigen.com\/ca\/producto\/tast-de-vermuts-terra-alta\/","title":{"rendered":"Tast vermuts Terra Alta"},"content":{"rendered":"<p>Tast comentat de 3 <a href=\"https:\/\/www.viorigen.com\/ca\/botiga\/?product-category=vermut-ca\">vermuts\u00a0de la Terra Alta<\/a>, acompanyat del tradicional variat (olives farcides, escopinyes, navalles, musclos amb escabetx i patates fregides).<\/p>\n<p>Descobreix les diferents propostes vermuteres que ofereix la nostra comarca.<\/p>\n<p><strong>Grup m\u00ednim:<\/strong> 4 persones.<\/p>\n<p>Sabies que la paraula vermut ve del franc\u00e8s <em>vermout<\/em> o <em>vermouth<\/em> i al seu torn de l&#8217;alemany <em>wermut<\/em> i que significa donzell? El donzell \u00e9s una planta arom\u00e0tica de sabor amarg i molt com\u00fa en totes les formules secretes d&#8217;elaboraci\u00f3 del vermut.<\/p>\n<p>L&#8217;hora de fer el vermut s&#8217;ha convertit en els \u00faltims anys en tot un moviment social. Una excusa perfecta per reunir-se amb amics o familiars, picar una mica abans del dinar i, en definitiva, per passar una bona estona.<\/p>\n<p>Es diu que a principis del segle XX, l&#8217;itali\u00e0 <a href=\"https:\/\/ca.wikipedia.org\/wiki\/Bar_Torino\">Flaminio Mezzalama<\/a> va introduir la tradici\u00f3 de fer el vermut a Barcelona, i en poc temps es va estendre per tot el territori. Es va convertir en un fenomen gastron\u00f2mic que ha ressorgit en els \u00faltims anys.<\/p>\n<p>La nostra proposta, despr\u00e9s de tot un cap de setmana intens per la Terra Alta \u00e9s que gaudeixis i descobreixis a la nostra sala de tast o terrassa (segons temporada) els vermuts de la Terra Alta.<\/p>\n","protected":false},"excerpt":{"rendered":"<p>Tast comentat de 3 vermuts\u00a0de la Terra Alta, acompanyat del tradicional variat (olives farcides, escopinyes, navalles, musclos amb escabetx i patates fregides). Descobreix les diferents propostes<span class=\"excerpt-hellip\"> [\u2026]<\/span><\/p>\n","protected":false},"featured_media":1831,"template":"","meta":{"_acf_changed":false},"product_cat":[278],"product_tag":[],"bodega":[],"tipo_de_vino":[],"variedades":[],"clase_de_vino":[],"denominacion":[],"otros":[],"clasificacio_enoturisme":[288],"class_list":{"0":"post-2227","1":"product","2":"type-product","3":"status-publish","4":"has-post-thumbnail","6":"product_cat-enoturisme","7":"clasificacio_enoturisme-tast","9":"first","10":"instock","11":"featured","12":"virtual","13":"purchasable","14":"product-type-simple"},"acf":[],"yoast_head":"<!-- This site is optimized with the Yoast SEO plugin v23.9 - https:\/\/yoast.com\/wordpress\/plugins\/seo\/ -->\n<title>Tast vermuts Terra Alta - ViOrigen - Enoturisme Terra Alta<\/title>\n<meta name=\"description\" content=\"Tast de vermuts Terra Alta. Activitat per aquells que els agrada celebrar el tradicional esdeveniment social de fer el vermut que s&#039;ha posat de moda.\" \/>\n<meta name=\"robots\" content=\"index, follow, max-snippet:-1, max-image-preview:large, max-video-preview:-1\" \/>\n<link rel=\"canonical\" href=\"https:\/\/www.viorigen.com\/producto\/cata-de-vermouth-terra-alta\/\" \/>\n<meta property=\"og:locale\" content=\"ca_ES\" \/>\n<meta property=\"og:type\" content=\"article\" \/>\n<meta property=\"og:title\" content=\"Tast vermuts Terra Alta - ViOrigen - Enoturisme Terra Alta\" \/>\n<meta property=\"og:description\" content=\"Tast de vermuts Terra Alta. Activitat per aquells que els agrada celebrar el tradicional esdeveniment social de fer el vermut que s&#039;ha posat de moda.\" \/>\n<meta property=\"og:url\" content=\"https:\/\/www.viorigen.com\/producto\/cata-de-vermouth-terra-alta\/\" \/>\n<meta property=\"og:site_name\" content=\"ViOrigen\" \/>\n<meta property=\"article:publisher\" content=\"https:\/\/www.facebook.com\/viorigen\" \/>\n<meta property=\"article:modified_time\" content=\"2020-03-25T08:04:11+00:00\" \/>\n<meta property=\"og:image\" content=\"https:\/\/www.viorigen.com\/wp-content\/uploads\/2019\/03\/cata-vermuts-esp.png\" \/>\n\t<meta property=\"og:image:width\" content=\"700\" \/>\n\t<meta property=\"og:image:height\" content=\"482\" \/>\n\t<meta property=\"og:image:type\" content=\"image\/png\" \/>\n<meta name=\"twitter:card\" content=\"summary_large_image\" \/>\n<meta name=\"twitter:site\" content=\"@viorigen\" \/>\n<meta name=\"twitter:label1\" content=\"Temps estimat de lectura\" \/>\n\t<meta name=\"twitter:data1\" content=\"1 minut\" \/>\n<script type=\"application\/ld+json\" class=\"yoast-schema-graph\">{\"@context\":\"https:\/\/schema.org\",\"@graph\":[{\"@type\":\"WebPage\",\"@id\":\"https:\/\/www.viorigen.com\/producto\/cata-de-vermouth-terra-alta\/\",\"url\":\"https:\/\/www.viorigen.com\/producto\/cata-de-vermouth-terra-alta\/\",\"name\":\"Tast vermuts Terra Alta - ViOrigen - Enoturisme Terra Alta\",\"isPartOf\":{\"@id\":\"https:\/\/www.viorigen.com\/#website\"},\"primaryImageOfPage\":{\"@id\":\"https:\/\/www.viorigen.com\/producto\/cata-de-vermouth-terra-alta\/#primaryimage\"},\"image\":{\"@id\":\"https:\/\/www.viorigen.com\/producto\/cata-de-vermouth-terra-alta\/#primaryimage\"},\"thumbnailUrl\":\"https:\/\/www.viorigen.com\/wp-content\/uploads\/2019\/03\/cata-vermuts-esp.png\",\"datePublished\":\"2019-03-22T11:33:01+00:00\",\"dateModified\":\"2020-03-25T08:04:11+00:00\",\"description\":\"Tast de vermuts Terra Alta. Activitat per aquells que els agrada celebrar el tradicional esdeveniment social de fer el vermut que s'ha posat de moda.\",\"breadcrumb\":{\"@id\":\"https:\/\/www.viorigen.com\/producto\/cata-de-vermouth-terra-alta\/#breadcrumb\"},\"inLanguage\":\"ca\",\"potentialAction\":[{\"@type\":\"ReadAction\",\"target\":[\"https:\/\/www.viorigen.com\/producto\/cata-de-vermouth-terra-alta\/\"]}]},{\"@type\":\"ImageObject\",\"inLanguage\":\"ca\",\"@id\":\"https:\/\/www.viorigen.com\/producto\/cata-de-vermouth-terra-alta\/#primaryimage\",\"url\":\"https:\/\/www.viorigen.com\/wp-content\/uploads\/2019\/03\/cata-vermuts-esp.png\",\"contentUrl\":\"https:\/\/www.viorigen.com\/wp-content\/uploads\/2019\/03\/cata-vermuts-esp.png\",\"width\":700,\"height\":482},{\"@type\":\"BreadcrumbList\",\"@id\":\"https:\/\/www.viorigen.com\/producto\/cata-de-vermouth-terra-alta\/#breadcrumb\",\"itemListElement\":[{\"@type\":\"ListItem\",\"position\":1,\"name\":\"Portada\",\"item\":\"https:\/\/www.viorigen.com\/ca\/\"},{\"@type\":\"ListItem\",\"position\":2,\"name\":\"Botiga\",\"item\":\"https:\/\/www.viorigen.com\/botiga\/\"},{\"@type\":\"ListItem\",\"position\":3,\"name\":\"Tast vermuts Terra Alta\"}]},{\"@type\":\"WebSite\",\"@id\":\"https:\/\/www.viorigen.com\/#website\",\"url\":\"https:\/\/www.viorigen.com\/\",\"name\":\"ViOrigen\",\"description\":\"ViOrigen \u00e9s un projecte vinculat al sector vitivin\u00edcola de la Terra Alta que emprenem tres amics apassionats del vi i l\u2019entorn de la comarca.\",\"potentialAction\":[{\"@type\":\"SearchAction\",\"target\":{\"@type\":\"EntryPoint\",\"urlTemplate\":\"https:\/\/www.viorigen.com\/?s={search_term_string}\"},\"query-input\":{\"@type\":\"PropertyValueSpecification\",\"valueRequired\":true,\"valueName\":\"search_term_string\"}}],\"inLanguage\":\"ca\"}]}<\/script>\n<!-- \/ Yoast SEO plugin. -->","yoast_head_json":{"title":"Tast vermuts Terra Alta - ViOrigen - Enoturisme Terra Alta","description":"Tast de vermuts Terra Alta. Activitat per aquells que els agrada celebrar el tradicional esdeveniment social de fer el vermut que s'ha posat de moda.","robots":{"index":"index","follow":"follow","max-snippet":"max-snippet:-1","max-image-preview":"max-image-preview:large","max-video-preview":"max-video-preview:-1"},"canonical":"https:\/\/www.viorigen.com\/producto\/cata-de-vermouth-terra-alta\/","og_locale":"ca_ES","og_type":"article","og_title":"Tast vermuts Terra Alta - ViOrigen - Enoturisme Terra Alta","og_description":"Tast de vermuts Terra Alta. Activitat per aquells que els agrada celebrar el tradicional esdeveniment social de fer el vermut que s'ha posat de moda.","og_url":"https:\/\/www.viorigen.com\/producto\/cata-de-vermouth-terra-alta\/","og_site_name":"ViOrigen","article_publisher":"https:\/\/www.facebook.com\/viorigen","article_modified_time":"2020-03-25T08:04:11+00:00","og_image":[{"width":700,"height":482,"url":"https:\/\/www.viorigen.com\/wp-content\/uploads\/2019\/03\/cata-vermuts-esp.png","type":"image\/png"}],"twitter_card":"summary_large_image","twitter_site":"@viorigen","twitter_misc":{"Temps estimat de lectura":"1 minut"},"schema":{"@context":"https:\/\/schema.org","@graph":[{"@type":"WebPage","@id":"https:\/\/www.viorigen.com\/producto\/cata-de-vermouth-terra-alta\/","url":"https:\/\/www.viorigen.com\/producto\/cata-de-vermouth-terra-alta\/","name":"Tast vermuts Terra Alta - ViOrigen - Enoturisme Terra Alta","isPartOf":{"@id":"https:\/\/www.viorigen.com\/#website"},"primaryImageOfPage":{"@id":"https:\/\/www.viorigen.com\/producto\/cata-de-vermouth-terra-alta\/#primaryimage"},"image":{"@id":"https:\/\/www.viorigen.com\/producto\/cata-de-vermouth-terra-alta\/#primaryimage"},"thumbnailUrl":"https:\/\/www.viorigen.com\/wp-content\/uploads\/2019\/03\/cata-vermuts-esp.png","datePublished":"2019-03-22T11:33:01+00:00","dateModified":"2020-03-25T08:04:11+00:00","description":"Tast de vermuts Terra Alta. Activitat per aquells que els agrada celebrar el tradicional esdeveniment social de fer el vermut que s'ha posat de moda.","breadcrumb":{"@id":"https:\/\/www.viorigen.com\/producto\/cata-de-vermouth-terra-alta\/#breadcrumb"},"inLanguage":"ca","potentialAction":[{"@type":"ReadAction","target":["https:\/\/www.viorigen.com\/producto\/cata-de-vermouth-terra-alta\/"]}]},{"@type":"ImageObject","inLanguage":"ca","@id":"https:\/\/www.viorigen.com\/producto\/cata-de-vermouth-terra-alta\/#primaryimage","url":"https:\/\/www.viorigen.com\/wp-content\/uploads\/2019\/03\/cata-vermuts-esp.png","contentUrl":"https:\/\/www.viorigen.com\/wp-content\/uploads\/2019\/03\/cata-vermuts-esp.png","width":700,"height":482},{"@type":"BreadcrumbList","@id":"https:\/\/www.viorigen.com\/producto\/cata-de-vermouth-terra-alta\/#breadcrumb","itemListElement":[{"@type":"ListItem","position":1,"name":"Portada","item":"https:\/\/www.viorigen.com\/ca\/"},{"@type":"ListItem","position":2,"name":"Botiga","item":"https:\/\/www.viorigen.com\/botiga\/"},{"@type":"ListItem","position":3,"name":"Tast vermuts Terra Alta"}]},{"@type":"WebSite","@id":"https:\/\/www.viorigen.com\/#website","url":"https:\/\/www.viorigen.com\/","name":"ViOrigen","description":"ViOrigen \u00e9s un projecte vinculat al sector vitivin\u00edcola de la Terra Alta que emprenem tres amics apassionats del vi i l\u2019entorn de la comarca.","potentialAction":[{"@type":"SearchAction","target":{"@type":"EntryPoint","urlTemplate":"https:\/\/www.viorigen.com\/?s={search_term_string}"},"query-input":{"@type":"PropertyValueSpecification","valueRequired":true,"valueName":"search_term_string"}}],"inLanguage":"ca"}]}},"_links":{"self":[{"href":"https:\/\/www.viorigen.com\/ca\/wp-json\/wp\/v2\/product\/2227","targetHints":{"allow":["GET"]}}],"collection":[{"href":"https:\/\/www.viorigen.com\/ca\/wp-json\/wp\/v2\/product"}],"about":[{"href":"https:\/\/www.viorigen.com\/ca\/wp-json\/wp\/v2\/types\/product"}],"wp:featuredmedia":[{"embeddable":true,"href":"https:\/\/www.viorigen.com\/ca\/wp-json\/wp\/v2\/media\/1831"}],"wp:attachment":[{"href":"https:\/\/www.viorigen.com\/ca\/wp-json\/wp\/v2\/media?parent=2227"}],"wp:term":[{"taxonomy":"product_cat","embeddable":true,"href":"https:\/\/www.viorigen.com\/ca\/wp-json\/wp\/v2\/product_cat?post=2227"},{"taxonomy":"product_tag","embeddable":true,"href":"https:\/\/www.viorigen.com\/ca\/wp-json\/wp\/v2\/product_tag?post=2227"},{"taxonomy":"bodega","embeddable":true,"href":"https:\/\/www.viorigen.com\/ca\/wp-json\/wp\/v2\/bodega?post=2227"},{"taxonomy":"tipo_de_vino","embeddable":true,"href":"https:\/\/www.viorigen.com\/ca\/wp-json\/wp\/v2\/tipo_de_vino?post=2227"},{"taxonomy":"variedades","embeddable":true,"href":"https:\/\/www.viorigen.com\/ca\/wp-json\/wp\/v2\/variedades?post=2227"},{"taxonomy":"clase_de_vino","embeddable":true,"href":"https:\/\/www.viorigen.com\/ca\/wp-json\/wp\/v2\/clase_de_vino?post=2227"},{"taxonomy":"denominacion","embeddable":true,"href":"https:\/\/www.viorigen.com\/ca\/wp-json\/wp\/v2\/denominacion?post=2227"},{"taxonomy":"otros","embeddable":true,"href":"https:\/\/www.viorigen.com\/ca\/wp-json\/wp\/v2\/otros?post=2227"},{"taxonomy":"clasificacio_enoturisme","embeddable":true,"href":"https:\/\/www.viorigen.com\/ca\/wp-json\/wp\/v2\/clasificacio_enoturisme?post=2227"}],"curies":[{"name":"wp","href":"https:\/\/api.w.org\/{rel}","templated":true}]}}