{"id":2230,"date":"2019-03-22T11:30:40","date_gmt":"2019-03-22T11:30:40","guid":{"rendered":"http:\/\/www.viorigen.com\/producto\/enoturisme-amb-bicicleta-el-paisatge-de-la-garnatxa-blanca\/"},"modified":"2022-12-23T08:56:06","modified_gmt":"2022-12-23T08:56:06","slug":"enoturisme-bicicleta-terra-alta","status":"publish","type":"product","link":"https:\/\/www.viorigen.com\/ca\/producto\/enoturisme-bicicleta-terra-alta\/","title":{"rendered":"Enoturisme amb bicicleta a la Terra Alta"},"content":{"rendered":"<p>Aquesta activitat uneix enoturisme amb bicicleta a la Terra Alta amb els millors vins.<\/p>\n<p>Sortida des de l&#8217;antiga estaci\u00f3 d&#8217;Horta de Sant Joan fins a l&#8217;Estaci\u00f3 de Benifallet. El recorregut t\u00e9 una duraci\u00f3 estimada d&#8217;entre dues i tres hores. El nivell de dificultat \u00e9s baix i sempre seguint el trajecte de la <a href=\"https:\/\/www.viorigen.com\/ca\/2019\/05\/21\/la-via-verde-de-terra-alta\/\">Via Verda de la Terra Alta<\/a>.<\/p>\n<p>Al llarg de la Via Verda, gaudireu de l&#8217;espectacular recorregut entre t\u00fanels, ponts, antigues estacions de tren i el Riu Canaletes. El riu ens acompanyar\u00e0 fins al final del recorregut, on desemboca al Riu Ebre. A m\u00e9s, a la meitat del recorregut podreu fer una parada a la Fontcalda, lloc que destaca per la seva singular bellesa natural i la seva font d&#8217;aig\u00fces termals.<\/p>\n<p>Un cop hagu\u00e9ssiu acabat el recorregut us recolliran a l&#8217;estaci\u00f3 de Benifallet per transportar-vos fins a la sala de tast de ViOrigen per gaudir d&#8217;un tast de vins comentat. Aquesta activitat fusiona a la perfecci\u00f3 enoturisme amb bicicleta a la Terra Alta mitjan\u00e7ant la Via Verda de la Vall de Zaf\u00e1n.<\/p>\n<p><strong>Punt de trobada:<\/strong>\u00a0Sala de tast de <a href=\"https:\/\/www.google.com\/maps\/place\/ViOrigen\/@41.0518088,0.4366496,15z\/data=!4m5!3m4!1s0x0:0x4debf54840f7afc1!8m2!3d41.0518088!4d0.4366496\">ViOrigen<\/a>, a Gandesa.<\/p>\n<p><strong>Qu\u00e8 inclou?<br \/>\n<\/strong>&#8211; Lloguer de bicicletes a mida del client, casc, llanterna i kit mec\u00e0nic.<\/p>\n<p>&#8211; Transport de Gandesa a Horta de Sant Joan i de la Fontcalda a Gandesa.<\/p>\n<p>&#8211; Tast de vins comentat.<\/p>\n<p>&#8211; Guiatge (Grup m\u00ednim de 8 persones).<\/p>\n<p><strong>Altimetria:<\/strong>\u00a0Horta de Sant Joan 440m &#8211; Bot 286m &#8211; Prat de Comte 200m &#8211; la Fontcalda 100m<\/p>\n<h2><strong>Qu\u00e8 \u00e9s la Via Verda?<\/strong><\/h2>\n<p>La Via Verda aprofita l&#8217;antic tra\u00e7at de ferrocarril de la Val de Zaf\u00e1n &#8211; Sant Carles de la R\u00e0pita que a la Terra Alta recorre espectaculars paratges entorn de la Serra de P\u00e0ndols i el\u00a0Parc Natural dels Ports. Aquest tra\u00e7at va ser inaugurat l&#8217;any 1942 gr\u00e0cies a l&#8217;esfor\u00e7 dels presoners republicans de la Guerra Civil Espanyola. El tren que circulava pel tra\u00e7at de la Terra Alta se&#8217;l coneixia com &#8220;lo Sarmentero&#8221;, ja que atravesava llargues extensions de vinyes. Despr\u00e9s de trenta-un anys de vida i sense completar-se les obres fins\u00a0Sant Carles de la R\u00e0pita\u00a0el 19 de setembre de 1973 es va tancar aquesta l\u00ednia degut a l&#8217;enfonsament d&#8217;un t\u00fanel, entre les estacions del\u00a0Pinell de Brai\u00a0i\u00a0Prat de Comte.<\/p>\n","protected":false},"excerpt":{"rendered":"<p>Aquesta activitat uneix enoturisme amb bicicleta a la Terra Alta amb els millors vins. Sortida des de l&#8217;antiga estaci\u00f3 d&#8217;Horta de Sant Joan fins a l&#8217;Estaci\u00f3<span class=\"excerpt-hellip\"> [\u2026]<\/span><\/p>\n","protected":false},"featured_media":1829,"template":"","meta":{"_acf_changed":false},"product_cat":[278],"product_tag":[],"bodega":[],"tipo_de_vino":[],"variedades":[],"clase_de_vino":[],"denominacion":[],"otros":[],"clasificacio_enoturisme":[280],"class_list":{"0":"post-2230","1":"product","2":"type-product","3":"status-publish","4":"has-post-thumbnail","6":"product_cat-enoturisme","7":"clasificacio_enoturisme-experiecies-actives","9":"first","10":"instock","11":"featured","12":"virtual","13":"purchasable","14":"product-type-simple"},"acf":[],"yoast_head":"<!-- This site is optimized with the Yoast SEO plugin v23.9 - https:\/\/yoast.com\/wordpress\/plugins\/seo\/ -->\n<title>Enoturisme amb bicicleta a la Terra Alta - ViOrigen - Enoturisme Terra Alta<\/title>\n<meta name=\"description\" content=\"Enoturisme amb bicicleta a la Terra Alta per la Via Verda de la Vall de Zaf\u00e1n amb tast de vins Denominaci\u00f3 Origen Terra Alta.\" \/>\n<meta name=\"robots\" content=\"index, follow, max-snippet:-1, max-image-preview:large, max-video-preview:-1\" \/>\n<link rel=\"canonical\" href=\"https:\/\/www.viorigen.com\/producto\/enoturismo-bicicleta-terra-alta\/\" \/>\n<meta property=\"og:locale\" content=\"ca_ES\" \/>\n<meta property=\"og:type\" content=\"article\" \/>\n<meta property=\"og:title\" content=\"Enoturisme amb bicicleta a la Terra Alta - ViOrigen - Enoturisme Terra Alta\" \/>\n<meta property=\"og:description\" content=\"Enoturisme amb bicicleta a la Terra Alta per la Via Verda de la Vall de Zaf\u00e1n amb tast de vins Denominaci\u00f3 Origen Terra Alta.\" \/>\n<meta property=\"og:url\" content=\"https:\/\/www.viorigen.com\/producto\/enoturismo-bicicleta-terra-alta\/\" \/>\n<meta property=\"og:site_name\" content=\"ViOrigen\" \/>\n<meta property=\"article:publisher\" content=\"https:\/\/www.facebook.com\/viorigen\" \/>\n<meta property=\"article:modified_time\" content=\"2022-12-23T08:56:06+00:00\" \/>\n<meta property=\"og:image\" content=\"https:\/\/www.viorigen.com\/wp-content\/uploads\/2019\/03\/enoturisme-bicicleta-via-verda.png\" \/>\n\t<meta property=\"og:image:width\" content=\"700\" \/>\n\t<meta property=\"og:image:height\" content=\"482\" \/>\n\t<meta property=\"og:image:type\" content=\"image\/png\" \/>\n<meta name=\"twitter:card\" content=\"summary_large_image\" \/>\n<meta name=\"twitter:site\" content=\"@viorigen\" \/>\n<meta name=\"twitter:label1\" content=\"Temps estimat de lectura\" \/>\n\t<meta name=\"twitter:data1\" content=\"2 minuts\" \/>\n<script type=\"application\/ld+json\" class=\"yoast-schema-graph\">{\"@context\":\"https:\/\/schema.org\",\"@graph\":[{\"@type\":\"WebPage\",\"@id\":\"https:\/\/www.viorigen.com\/producto\/enoturismo-bicicleta-terra-alta\/\",\"url\":\"https:\/\/www.viorigen.com\/producto\/enoturismo-bicicleta-terra-alta\/\",\"name\":\"Enoturisme amb bicicleta a la Terra Alta - ViOrigen - Enoturisme Terra Alta\",\"isPartOf\":{\"@id\":\"https:\/\/www.viorigen.com\/#website\"},\"primaryImageOfPage\":{\"@id\":\"https:\/\/www.viorigen.com\/producto\/enoturismo-bicicleta-terra-alta\/#primaryimage\"},\"image\":{\"@id\":\"https:\/\/www.viorigen.com\/producto\/enoturismo-bicicleta-terra-alta\/#primaryimage\"},\"thumbnailUrl\":\"https:\/\/www.viorigen.com\/wp-content\/uploads\/2019\/03\/enoturisme-bicicleta-via-verda.png\",\"datePublished\":\"2019-03-22T11:30:40+00:00\",\"dateModified\":\"2022-12-23T08:56:06+00:00\",\"description\":\"Enoturisme amb bicicleta a la Terra Alta per la Via Verda de la Vall de Zaf\u00e1n amb tast de vins Denominaci\u00f3 Origen Terra Alta.\",\"breadcrumb\":{\"@id\":\"https:\/\/www.viorigen.com\/producto\/enoturismo-bicicleta-terra-alta\/#breadcrumb\"},\"inLanguage\":\"ca\",\"potentialAction\":[{\"@type\":\"ReadAction\",\"target\":[\"https:\/\/www.viorigen.com\/producto\/enoturismo-bicicleta-terra-alta\/\"]}]},{\"@type\":\"ImageObject\",\"inLanguage\":\"ca\",\"@id\":\"https:\/\/www.viorigen.com\/producto\/enoturismo-bicicleta-terra-alta\/#primaryimage\",\"url\":\"https:\/\/www.viorigen.com\/wp-content\/uploads\/2019\/03\/enoturisme-bicicleta-via-verda.png\",\"contentUrl\":\"https:\/\/www.viorigen.com\/wp-content\/uploads\/2019\/03\/enoturisme-bicicleta-via-verda.png\",\"width\":700,\"height\":482},{\"@type\":\"BreadcrumbList\",\"@id\":\"https:\/\/www.viorigen.com\/producto\/enoturismo-bicicleta-terra-alta\/#breadcrumb\",\"itemListElement\":[{\"@type\":\"ListItem\",\"position\":1,\"name\":\"Portada\",\"item\":\"https:\/\/www.viorigen.com\/ca\/\"},{\"@type\":\"ListItem\",\"position\":2,\"name\":\"Botiga\",\"item\":\"https:\/\/www.viorigen.com\/botiga\/\"},{\"@type\":\"ListItem\",\"position\":3,\"name\":\"Enoturisme amb bicicleta a la Terra Alta\"}]},{\"@type\":\"WebSite\",\"@id\":\"https:\/\/www.viorigen.com\/#website\",\"url\":\"https:\/\/www.viorigen.com\/\",\"name\":\"ViOrigen\",\"description\":\"ViOrigen \u00e9s un projecte vinculat al sector vitivin\u00edcola de la Terra Alta que emprenem tres amics apassionats del vi i l\u2019entorn de la comarca.\",\"potentialAction\":[{\"@type\":\"SearchAction\",\"target\":{\"@type\":\"EntryPoint\",\"urlTemplate\":\"https:\/\/www.viorigen.com\/?s={search_term_string}\"},\"query-input\":{\"@type\":\"PropertyValueSpecification\",\"valueRequired\":true,\"valueName\":\"search_term_string\"}}],\"inLanguage\":\"ca\"}]}<\/script>\n<!-- \/ Yoast SEO plugin. -->","yoast_head_json":{"title":"Enoturisme amb bicicleta a la Terra Alta - ViOrigen - Enoturisme Terra Alta","description":"Enoturisme amb bicicleta a la Terra Alta per la Via Verda de la Vall de Zaf\u00e1n amb tast de vins Denominaci\u00f3 Origen Terra Alta.","robots":{"index":"index","follow":"follow","max-snippet":"max-snippet:-1","max-image-preview":"max-image-preview:large","max-video-preview":"max-video-preview:-1"},"canonical":"https:\/\/www.viorigen.com\/producto\/enoturismo-bicicleta-terra-alta\/","og_locale":"ca_ES","og_type":"article","og_title":"Enoturisme amb bicicleta a la Terra Alta - ViOrigen - Enoturisme Terra Alta","og_description":"Enoturisme amb bicicleta a la Terra Alta per la Via Verda de la Vall de Zaf\u00e1n amb tast de vins Denominaci\u00f3 Origen Terra Alta.","og_url":"https:\/\/www.viorigen.com\/producto\/enoturismo-bicicleta-terra-alta\/","og_site_name":"ViOrigen","article_publisher":"https:\/\/www.facebook.com\/viorigen","article_modified_time":"2022-12-23T08:56:06+00:00","og_image":[{"width":700,"height":482,"url":"https:\/\/www.viorigen.com\/wp-content\/uploads\/2019\/03\/enoturisme-bicicleta-via-verda.png","type":"image\/png"}],"twitter_card":"summary_large_image","twitter_site":"@viorigen","twitter_misc":{"Temps estimat de lectura":"2 minuts"},"schema":{"@context":"https:\/\/schema.org","@graph":[{"@type":"WebPage","@id":"https:\/\/www.viorigen.com\/producto\/enoturismo-bicicleta-terra-alta\/","url":"https:\/\/www.viorigen.com\/producto\/enoturismo-bicicleta-terra-alta\/","name":"Enoturisme amb bicicleta a la Terra Alta - ViOrigen - Enoturisme Terra Alta","isPartOf":{"@id":"https:\/\/www.viorigen.com\/#website"},"primaryImageOfPage":{"@id":"https:\/\/www.viorigen.com\/producto\/enoturismo-bicicleta-terra-alta\/#primaryimage"},"image":{"@id":"https:\/\/www.viorigen.com\/producto\/enoturismo-bicicleta-terra-alta\/#primaryimage"},"thumbnailUrl":"https:\/\/www.viorigen.com\/wp-content\/uploads\/2019\/03\/enoturisme-bicicleta-via-verda.png","datePublished":"2019-03-22T11:30:40+00:00","dateModified":"2022-12-23T08:56:06+00:00","description":"Enoturisme amb bicicleta a la Terra Alta per la Via Verda de la Vall de Zaf\u00e1n amb tast de vins Denominaci\u00f3 Origen Terra Alta.","breadcrumb":{"@id":"https:\/\/www.viorigen.com\/producto\/enoturismo-bicicleta-terra-alta\/#breadcrumb"},"inLanguage":"ca","potentialAction":[{"@type":"ReadAction","target":["https:\/\/www.viorigen.com\/producto\/enoturismo-bicicleta-terra-alta\/"]}]},{"@type":"ImageObject","inLanguage":"ca","@id":"https:\/\/www.viorigen.com\/producto\/enoturismo-bicicleta-terra-alta\/#primaryimage","url":"https:\/\/www.viorigen.com\/wp-content\/uploads\/2019\/03\/enoturisme-bicicleta-via-verda.png","contentUrl":"https:\/\/www.viorigen.com\/wp-content\/uploads\/2019\/03\/enoturisme-bicicleta-via-verda.png","width":700,"height":482},{"@type":"BreadcrumbList","@id":"https:\/\/www.viorigen.com\/producto\/enoturismo-bicicleta-terra-alta\/#breadcrumb","itemListElement":[{"@type":"ListItem","position":1,"name":"Portada","item":"https:\/\/www.viorigen.com\/ca\/"},{"@type":"ListItem","position":2,"name":"Botiga","item":"https:\/\/www.viorigen.com\/botiga\/"},{"@type":"ListItem","position":3,"name":"Enoturisme amb bicicleta a la Terra Alta"}]},{"@type":"WebSite","@id":"https:\/\/www.viorigen.com\/#website","url":"https:\/\/www.viorigen.com\/","name":"ViOrigen","description":"ViOrigen \u00e9s un projecte vinculat al sector vitivin\u00edcola de la Terra Alta que emprenem tres amics apassionats del vi i l\u2019entorn de la comarca.","potentialAction":[{"@type":"SearchAction","target":{"@type":"EntryPoint","urlTemplate":"https:\/\/www.viorigen.com\/?s={search_term_string}"},"query-input":{"@type":"PropertyValueSpecification","valueRequired":true,"valueName":"search_term_string"}}],"inLanguage":"ca"}]}},"_links":{"self":[{"href":"https:\/\/www.viorigen.com\/ca\/wp-json\/wp\/v2\/product\/2230","targetHints":{"allow":["GET"]}}],"collection":[{"href":"https:\/\/www.viorigen.com\/ca\/wp-json\/wp\/v2\/product"}],"about":[{"href":"https:\/\/www.viorigen.com\/ca\/wp-json\/wp\/v2\/types\/product"}],"wp:featuredmedia":[{"embeddable":true,"href":"https:\/\/www.viorigen.com\/ca\/wp-json\/wp\/v2\/media\/1829"}],"wp:attachment":[{"href":"https:\/\/www.viorigen.com\/ca\/wp-json\/wp\/v2\/media?parent=2230"}],"wp:term":[{"taxonomy":"product_cat","embeddable":true,"href":"https:\/\/www.viorigen.com\/ca\/wp-json\/wp\/v2\/product_cat?post=2230"},{"taxonomy":"product_tag","embeddable":true,"href":"https:\/\/www.viorigen.com\/ca\/wp-json\/wp\/v2\/product_tag?post=2230"},{"taxonomy":"bodega","embeddable":true,"href":"https:\/\/www.viorigen.com\/ca\/wp-json\/wp\/v2\/bodega?post=2230"},{"taxonomy":"tipo_de_vino","embeddable":true,"href":"https:\/\/www.viorigen.com\/ca\/wp-json\/wp\/v2\/tipo_de_vino?post=2230"},{"taxonomy":"variedades","embeddable":true,"href":"https:\/\/www.viorigen.com\/ca\/wp-json\/wp\/v2\/variedades?post=2230"},{"taxonomy":"clase_de_vino","embeddable":true,"href":"https:\/\/www.viorigen.com\/ca\/wp-json\/wp\/v2\/clase_de_vino?post=2230"},{"taxonomy":"denominacion","embeddable":true,"href":"https:\/\/www.viorigen.com\/ca\/wp-json\/wp\/v2\/denominacion?post=2230"},{"taxonomy":"otros","embeddable":true,"href":"https:\/\/www.viorigen.com\/ca\/wp-json\/wp\/v2\/otros?post=2230"},{"taxonomy":"clasificacio_enoturisme","embeddable":true,"href":"https:\/\/www.viorigen.com\/ca\/wp-json\/wp\/v2\/clasificacio_enoturisme?post=2230"}],"curies":[{"name":"wp","href":"https:\/\/api.w.org\/{rel}","templated":true}]}}