{"id":2282,"date":"2019-03-18T10:34:36","date_gmt":"2019-03-18T10:34:36","guid":{"rendered":"http:\/\/www.viorigen.com\/producto\/jordi-miro-garnatxa-negra\/"},"modified":"2022-02-01T12:45:59","modified_gmt":"2022-02-01T12:45:59","slug":"jordi-miro-syrah-garnatxa-blanca","status":"publish","type":"product","link":"https:\/\/www.viorigen.com\/ca\/producto\/jordi-miro-syrah-garnatxa-blanca\/","title":{"rendered":"Jordi Mir\u00f3 Syrah i Garnatxa Blanca"},"content":{"rendered":"<p>Jordi Mir\u00f3 Garnatxa Negra \u00e9s un vi elaborat amb maceraci\u00f3 carb\u00f2nica. Situat al municipi de Corbera d&#8217;Ebre, dins la DO Terra Alta.<\/p>\n","protected":false},"excerpt":{"rendered":"<p>Jordi Mir\u00f3 Garnatxa Negra \u00e9s un vi elaborat amb maceraci\u00f3 carb\u00f2nica. Situat al municipi de Corbera d&#8217;Ebre, dins la DO Terra Alta.<\/p>\n","protected":false},"featured_media":1731,"template":"","meta":{"_acf_changed":false},"product_cat":[179],"product_tag":[],"bodega":[252],"tipo_de_vino":[184],"variedades":[187,188],"clase_de_vino":[197],"denominacion":[198],"otros":[201,209],"clasificacio_enoturisme":[],"class_list":{"0":"post-2282","1":"product","2":"type-product","3":"status-publish","4":"has-post-thumbnail","6":"product_cat-vi","7":"bodega-celler-jordi-miro-ca","8":"tipo_de_vino-jove","9":"variedades-garnatxa-blanca","10":"variedades-sira","11":"clase_de_vino-negre","12":"denominacion-terra-alta-ca","13":"otros-consumo-vegano-ca","14":"otros-ecologic","16":"first","17":"instock","18":"shipping-taxable","19":"purchasable","20":"product-type-simple"},"acf":[],"yoast_head":"<!-- This site is optimized with the Yoast SEO plugin v23.9 - https:\/\/yoast.com\/wordpress\/plugins\/seo\/ -->\n<title>Jordi Mir\u00f3 Syrah i Garnatxa Blanca - ViOrigen - Comprar vi DO Terra Alta<\/title>\n<meta name=\"description\" content=\"Jordi Mir\u00f3 Garnatxa Negra s&#039;ha elaborat amb una maceraci\u00f3 carb\u00f2nica al municipi de Corbera d&#039;Ebre, dins de la DO Terra Alta.\" \/>\n<meta name=\"robots\" content=\"index, follow, max-snippet:-1, max-image-preview:large, max-video-preview:-1\" \/>\n<link rel=\"canonical\" href=\"https:\/\/www.viorigen.com\/producto\/jordi-miro-syrah-garnacha-blanca\/\" \/>\n<meta property=\"og:locale\" content=\"ca_ES\" \/>\n<meta property=\"og:type\" content=\"article\" \/>\n<meta property=\"og:title\" content=\"Jordi Mir\u00f3 Syrah i Garnatxa Blanca - ViOrigen - Comprar vi DO Terra Alta\" \/>\n<meta property=\"og:description\" content=\"Jordi Mir\u00f3 Garnatxa Negra s&#039;ha elaborat amb una maceraci\u00f3 carb\u00f2nica al municipi de Corbera d&#039;Ebre, dins de la DO Terra Alta.\" \/>\n<meta property=\"og:url\" content=\"https:\/\/www.viorigen.com\/producto\/jordi-miro-syrah-garnacha-blanca\/\" \/>\n<meta property=\"og:site_name\" content=\"ViOrigen\" \/>\n<meta property=\"article:publisher\" content=\"https:\/\/www.facebook.com\/viorigen\" \/>\n<meta property=\"article:modified_time\" content=\"2022-02-01T12:45:59+00:00\" \/>\n<meta property=\"og:image\" content=\"https:\/\/www.viorigen.com\/wp-content\/uploads\/2019\/03\/jordi-miro-garnatxa-negra.png\" \/>\n\t<meta property=\"og:image:width\" content=\"700\" \/>\n\t<meta property=\"og:image:height\" content=\"870\" \/>\n\t<meta property=\"og:image:type\" content=\"image\/png\" \/>\n<meta name=\"twitter:card\" content=\"summary_large_image\" \/>\n<meta name=\"twitter:site\" content=\"@viorigen\" \/>\n<script type=\"application\/ld+json\" class=\"yoast-schema-graph\">{\"@context\":\"https:\/\/schema.org\",\"@graph\":[{\"@type\":\"WebPage\",\"@id\":\"https:\/\/www.viorigen.com\/producto\/jordi-miro-syrah-garnacha-blanca\/\",\"url\":\"https:\/\/www.viorigen.com\/producto\/jordi-miro-syrah-garnacha-blanca\/\",\"name\":\"Jordi Mir\u00f3 Syrah i Garnatxa Blanca - ViOrigen - Comprar vi DO Terra Alta\",\"isPartOf\":{\"@id\":\"https:\/\/www.viorigen.com\/#website\"},\"primaryImageOfPage\":{\"@id\":\"https:\/\/www.viorigen.com\/producto\/jordi-miro-syrah-garnacha-blanca\/#primaryimage\"},\"image\":{\"@id\":\"https:\/\/www.viorigen.com\/producto\/jordi-miro-syrah-garnacha-blanca\/#primaryimage\"},\"thumbnailUrl\":\"https:\/\/www.viorigen.com\/wp-content\/uploads\/2019\/03\/jordi-miro-garnatxa-negra.png\",\"datePublished\":\"2019-03-18T10:34:36+00:00\",\"dateModified\":\"2022-02-01T12:45:59+00:00\",\"description\":\"Jordi Mir\u00f3 Garnatxa Negra s'ha elaborat amb una maceraci\u00f3 carb\u00f2nica al municipi de Corbera d'Ebre, dins de la DO Terra Alta.\",\"breadcrumb\":{\"@id\":\"https:\/\/www.viorigen.com\/producto\/jordi-miro-syrah-garnacha-blanca\/#breadcrumb\"},\"inLanguage\":\"ca\",\"potentialAction\":[{\"@type\":\"ReadAction\",\"target\":[\"https:\/\/www.viorigen.com\/producto\/jordi-miro-syrah-garnacha-blanca\/\"]}]},{\"@type\":\"ImageObject\",\"inLanguage\":\"ca\",\"@id\":\"https:\/\/www.viorigen.com\/producto\/jordi-miro-syrah-garnacha-blanca\/#primaryimage\",\"url\":\"https:\/\/www.viorigen.com\/wp-content\/uploads\/2019\/03\/jordi-miro-garnatxa-negra.png\",\"contentUrl\":\"https:\/\/www.viorigen.com\/wp-content\/uploads\/2019\/03\/jordi-miro-garnatxa-negra.png\",\"width\":700,\"height\":870},{\"@type\":\"BreadcrumbList\",\"@id\":\"https:\/\/www.viorigen.com\/producto\/jordi-miro-syrah-garnacha-blanca\/#breadcrumb\",\"itemListElement\":[{\"@type\":\"ListItem\",\"position\":1,\"name\":\"Portada\",\"item\":\"https:\/\/www.viorigen.com\/ca\/\"},{\"@type\":\"ListItem\",\"position\":2,\"name\":\"Botiga\",\"item\":\"https:\/\/www.viorigen.com\/botiga\/\"},{\"@type\":\"ListItem\",\"position\":3,\"name\":\"Jordi Mir\u00f3 Syrah i Garnatxa Blanca\"}]},{\"@type\":\"WebSite\",\"@id\":\"https:\/\/www.viorigen.com\/#website\",\"url\":\"https:\/\/www.viorigen.com\/\",\"name\":\"ViOrigen\",\"description\":\"ViOrigen \u00e9s un projecte vinculat al sector vitivin\u00edcola de la Terra Alta que emprenem tres amics apassionats del vi i l\u2019entorn de la comarca.\",\"potentialAction\":[{\"@type\":\"SearchAction\",\"target\":{\"@type\":\"EntryPoint\",\"urlTemplate\":\"https:\/\/www.viorigen.com\/?s={search_term_string}\"},\"query-input\":{\"@type\":\"PropertyValueSpecification\",\"valueRequired\":true,\"valueName\":\"search_term_string\"}}],\"inLanguage\":\"ca\"}]}<\/script>\n<!-- \/ Yoast SEO plugin. -->","yoast_head_json":{"title":"Jordi Mir\u00f3 Syrah i Garnatxa Blanca - ViOrigen - Comprar vi DO Terra Alta","description":"Jordi Mir\u00f3 Garnatxa Negra s'ha elaborat amb una maceraci\u00f3 carb\u00f2nica al municipi de Corbera d'Ebre, dins de la DO Terra Alta.","robots":{"index":"index","follow":"follow","max-snippet":"max-snippet:-1","max-image-preview":"max-image-preview:large","max-video-preview":"max-video-preview:-1"},"canonical":"https:\/\/www.viorigen.com\/producto\/jordi-miro-syrah-garnacha-blanca\/","og_locale":"ca_ES","og_type":"article","og_title":"Jordi Mir\u00f3 Syrah i Garnatxa Blanca - ViOrigen - Comprar vi DO Terra Alta","og_description":"Jordi Mir\u00f3 Garnatxa Negra s'ha elaborat amb una maceraci\u00f3 carb\u00f2nica al municipi de Corbera d'Ebre, dins de la DO Terra Alta.","og_url":"https:\/\/www.viorigen.com\/producto\/jordi-miro-syrah-garnacha-blanca\/","og_site_name":"ViOrigen","article_publisher":"https:\/\/www.facebook.com\/viorigen","article_modified_time":"2022-02-01T12:45:59+00:00","og_image":[{"width":700,"height":870,"url":"https:\/\/www.viorigen.com\/wp-content\/uploads\/2019\/03\/jordi-miro-garnatxa-negra.png","type":"image\/png"}],"twitter_card":"summary_large_image","twitter_site":"@viorigen","schema":{"@context":"https:\/\/schema.org","@graph":[{"@type":"WebPage","@id":"https:\/\/www.viorigen.com\/producto\/jordi-miro-syrah-garnacha-blanca\/","url":"https:\/\/www.viorigen.com\/producto\/jordi-miro-syrah-garnacha-blanca\/","name":"Jordi Mir\u00f3 Syrah i Garnatxa Blanca - ViOrigen - Comprar vi DO Terra Alta","isPartOf":{"@id":"https:\/\/www.viorigen.com\/#website"},"primaryImageOfPage":{"@id":"https:\/\/www.viorigen.com\/producto\/jordi-miro-syrah-garnacha-blanca\/#primaryimage"},"image":{"@id":"https:\/\/www.viorigen.com\/producto\/jordi-miro-syrah-garnacha-blanca\/#primaryimage"},"thumbnailUrl":"https:\/\/www.viorigen.com\/wp-content\/uploads\/2019\/03\/jordi-miro-garnatxa-negra.png","datePublished":"2019-03-18T10:34:36+00:00","dateModified":"2022-02-01T12:45:59+00:00","description":"Jordi Mir\u00f3 Garnatxa Negra s'ha elaborat amb una maceraci\u00f3 carb\u00f2nica al municipi de Corbera d'Ebre, dins de la DO Terra Alta.","breadcrumb":{"@id":"https:\/\/www.viorigen.com\/producto\/jordi-miro-syrah-garnacha-blanca\/#breadcrumb"},"inLanguage":"ca","potentialAction":[{"@type":"ReadAction","target":["https:\/\/www.viorigen.com\/producto\/jordi-miro-syrah-garnacha-blanca\/"]}]},{"@type":"ImageObject","inLanguage":"ca","@id":"https:\/\/www.viorigen.com\/producto\/jordi-miro-syrah-garnacha-blanca\/#primaryimage","url":"https:\/\/www.viorigen.com\/wp-content\/uploads\/2019\/03\/jordi-miro-garnatxa-negra.png","contentUrl":"https:\/\/www.viorigen.com\/wp-content\/uploads\/2019\/03\/jordi-miro-garnatxa-negra.png","width":700,"height":870},{"@type":"BreadcrumbList","@id":"https:\/\/www.viorigen.com\/producto\/jordi-miro-syrah-garnacha-blanca\/#breadcrumb","itemListElement":[{"@type":"ListItem","position":1,"name":"Portada","item":"https:\/\/www.viorigen.com\/ca\/"},{"@type":"ListItem","position":2,"name":"Botiga","item":"https:\/\/www.viorigen.com\/botiga\/"},{"@type":"ListItem","position":3,"name":"Jordi Mir\u00f3 Syrah i Garnatxa Blanca"}]},{"@type":"WebSite","@id":"https:\/\/www.viorigen.com\/#website","url":"https:\/\/www.viorigen.com\/","name":"ViOrigen","description":"ViOrigen \u00e9s un projecte vinculat al sector vitivin\u00edcola de la Terra Alta que emprenem tres amics apassionats del vi i l\u2019entorn de la comarca.","potentialAction":[{"@type":"SearchAction","target":{"@type":"EntryPoint","urlTemplate":"https:\/\/www.viorigen.com\/?s={search_term_string}"},"query-input":{"@type":"PropertyValueSpecification","valueRequired":true,"valueName":"search_term_string"}}],"inLanguage":"ca"}]}},"_links":{"self":[{"href":"https:\/\/www.viorigen.com\/ca\/wp-json\/wp\/v2\/product\/2282","targetHints":{"allow":["GET"]}}],"collection":[{"href":"https:\/\/www.viorigen.com\/ca\/wp-json\/wp\/v2\/product"}],"about":[{"href":"https:\/\/www.viorigen.com\/ca\/wp-json\/wp\/v2\/types\/product"}],"wp:featuredmedia":[{"embeddable":true,"href":"https:\/\/www.viorigen.com\/ca\/wp-json\/wp\/v2\/media\/1731"}],"wp:attachment":[{"href":"https:\/\/www.viorigen.com\/ca\/wp-json\/wp\/v2\/media?parent=2282"}],"wp:term":[{"taxonomy":"product_cat","embeddable":true,"href":"https:\/\/www.viorigen.com\/ca\/wp-json\/wp\/v2\/product_cat?post=2282"},{"taxonomy":"product_tag","embeddable":true,"href":"https:\/\/www.viorigen.com\/ca\/wp-json\/wp\/v2\/product_tag?post=2282"},{"taxonomy":"bodega","embeddable":true,"href":"https:\/\/www.viorigen.com\/ca\/wp-json\/wp\/v2\/bodega?post=2282"},{"taxonomy":"tipo_de_vino","embeddable":true,"href":"https:\/\/www.viorigen.com\/ca\/wp-json\/wp\/v2\/tipo_de_vino?post=2282"},{"taxonomy":"variedades","embeddable":true,"href":"https:\/\/www.viorigen.com\/ca\/wp-json\/wp\/v2\/variedades?post=2282"},{"taxonomy":"clase_de_vino","embeddable":true,"href":"https:\/\/www.viorigen.com\/ca\/wp-json\/wp\/v2\/clase_de_vino?post=2282"},{"taxonomy":"denominacion","embeddable":true,"href":"https:\/\/www.viorigen.com\/ca\/wp-json\/wp\/v2\/denominacion?post=2282"},{"taxonomy":"otros","embeddable":true,"href":"https:\/\/www.viorigen.com\/ca\/wp-json\/wp\/v2\/otros?post=2282"},{"taxonomy":"clasificacio_enoturisme","embeddable":true,"href":"https:\/\/www.viorigen.com\/ca\/wp-json\/wp\/v2\/clasificacio_enoturisme?post=2282"}],"curies":[{"name":"wp","href":"https:\/\/api.w.org\/{rel}","templated":true}]}}