{"id":4402,"date":"2019-06-26T11:27:09","date_gmt":"2019-06-26T11:27:09","guid":{"rendered":"http:\/\/www.viorigen.com\/producto\/en-moviment-ancestral-morenillo\/"},"modified":"2020-04-02T12:38:14","modified_gmt":"2020-04-02T12:38:14","slug":"en-moviment-ancestral-morenillo","status":"publish","type":"product","link":"https:\/\/www.viorigen.com\/ca\/producto\/en-moviment-ancestral-morenillo\/","title":{"rendered":"En Moviment Ancestral Morenillo"},"content":{"rendered":"<p>Escum\u00f3s elaborat amb el m\u00e8tode ancestral amb una sola fermentaci\u00f3. Rep\u00f2s amb les lies durant sis mesos. Llevats ind\u00edgenes, sense filtrar, sense clarificar i sense sulfits afegits. En Moviment de B\u00e0rbara For\u00e9s nos presenta el primer espumo de Morenillo, el Ancestral Morenillo.<\/p>\n","protected":false},"excerpt":{"rendered":"<p>Escum\u00f3s elaborat amb el m\u00e8tode ancestral amb una sola fermentaci\u00f3. Rep\u00f2s amb les lies durant sis mesos. Llevats ind\u00edgenes, sense filtrar, sense clarificar i sense sulfits<span class=\"excerpt-hellip\"> [\u2026]<\/span><\/p>\n","protected":false},"featured_media":4400,"template":"","meta":{"_acf_changed":false},"product_cat":[283],"product_tag":[],"bodega":[229],"tipo_de_vino":[184],"variedades":[208],"clase_de_vino":[203],"denominacion":[198],"otros":[200],"clasificacio_enoturisme":[],"class_list":{"0":"post-4402","1":"product","2":"type-product","3":"status-publish","4":"has-post-thumbnail","6":"product_cat-escumosos-cava-i-champagne","7":"bodega-celler-barbara-fores-ca","8":"tipo_de_vino-jove","9":"variedades-morenillo","10":"clase_de_vino-rosat","11":"denominacion-terra-alta-ca","12":"otros-natural-ca","14":"first","15":"instock","16":"shipping-taxable","17":"purchasable","18":"product-type-simple"},"acf":[],"yoast_head":"<!-- This site is optimized with the Yoast SEO plugin v23.9 - https:\/\/yoast.com\/wordpress\/plugins\/seo\/ -->\n<title>En Moviment Ancestral Morenillo - ViOrigen - Comprar vino Terra Alta<\/title>\n<meta name=\"description\" content=\"En Moviment de B\u00e0rbara For\u00e9s Gandesa ens presenta Ancestral Morenillo, les primeres bombolles al mercat amb aquesta varietat negra. Comprar vi Terra Alta.\" \/>\n<meta name=\"robots\" content=\"index, follow, max-snippet:-1, max-image-preview:large, max-video-preview:-1\" \/>\n<link rel=\"canonical\" href=\"https:\/\/www.viorigen.com\/producto\/en-moviment-ancestral-morenillo\/\" \/>\n<meta property=\"og:locale\" content=\"ca_ES\" \/>\n<meta property=\"og:type\" content=\"article\" \/>\n<meta property=\"og:title\" content=\"En Moviment Ancestral Morenillo - ViOrigen - Comprar vino Terra Alta\" \/>\n<meta property=\"og:description\" content=\"En Moviment de B\u00e0rbara For\u00e9s Gandesa ens presenta Ancestral Morenillo, les primeres bombolles al mercat amb aquesta varietat negra. Comprar vi Terra Alta.\" \/>\n<meta property=\"og:url\" content=\"https:\/\/www.viorigen.com\/producto\/en-moviment-ancestral-morenillo\/\" \/>\n<meta property=\"og:site_name\" content=\"ViOrigen\" \/>\n<meta property=\"article:publisher\" content=\"https:\/\/www.facebook.com\/viorigen\" \/>\n<meta property=\"article:modified_time\" content=\"2020-04-02T12:38:14+00:00\" \/>\n<meta property=\"og:image\" content=\"https:\/\/www.viorigen.com\/wp-content\/uploads\/2019\/06\/Ancestral-morenillo.png\" \/>\n\t<meta property=\"og:image:width\" content=\"700\" \/>\n\t<meta property=\"og:image:height\" content=\"870\" \/>\n\t<meta property=\"og:image:type\" content=\"image\/png\" \/>\n<meta name=\"twitter:card\" content=\"summary_large_image\" \/>\n<meta name=\"twitter:site\" content=\"@viorigen\" \/>\n<script type=\"application\/ld+json\" class=\"yoast-schema-graph\">{\"@context\":\"https:\/\/schema.org\",\"@graph\":[{\"@type\":\"WebPage\",\"@id\":\"https:\/\/www.viorigen.com\/producto\/en-moviment-ancestral-morenillo\/\",\"url\":\"https:\/\/www.viorigen.com\/producto\/en-moviment-ancestral-morenillo\/\",\"name\":\"En Moviment Ancestral Morenillo - ViOrigen - Comprar vino Terra Alta\",\"isPartOf\":{\"@id\":\"https:\/\/www.viorigen.com\/#website\"},\"primaryImageOfPage\":{\"@id\":\"https:\/\/www.viorigen.com\/producto\/en-moviment-ancestral-morenillo\/#primaryimage\"},\"image\":{\"@id\":\"https:\/\/www.viorigen.com\/producto\/en-moviment-ancestral-morenillo\/#primaryimage\"},\"thumbnailUrl\":\"https:\/\/www.viorigen.com\/wp-content\/uploads\/2019\/06\/Ancestral-morenillo.png\",\"datePublished\":\"2019-06-26T11:27:09+00:00\",\"dateModified\":\"2020-04-02T12:38:14+00:00\",\"description\":\"En Moviment de B\u00e0rbara For\u00e9s Gandesa ens presenta Ancestral Morenillo, les primeres bombolles al mercat amb aquesta varietat negra. Comprar vi Terra Alta.\",\"breadcrumb\":{\"@id\":\"https:\/\/www.viorigen.com\/producto\/en-moviment-ancestral-morenillo\/#breadcrumb\"},\"inLanguage\":\"ca\",\"potentialAction\":[{\"@type\":\"ReadAction\",\"target\":[\"https:\/\/www.viorigen.com\/producto\/en-moviment-ancestral-morenillo\/\"]}]},{\"@type\":\"ImageObject\",\"inLanguage\":\"ca\",\"@id\":\"https:\/\/www.viorigen.com\/producto\/en-moviment-ancestral-morenillo\/#primaryimage\",\"url\":\"https:\/\/www.viorigen.com\/wp-content\/uploads\/2019\/06\/Ancestral-morenillo.png\",\"contentUrl\":\"https:\/\/www.viorigen.com\/wp-content\/uploads\/2019\/06\/Ancestral-morenillo.png\",\"width\":700,\"height\":870},{\"@type\":\"BreadcrumbList\",\"@id\":\"https:\/\/www.viorigen.com\/producto\/en-moviment-ancestral-morenillo\/#breadcrumb\",\"itemListElement\":[{\"@type\":\"ListItem\",\"position\":1,\"name\":\"Portada\",\"item\":\"https:\/\/www.viorigen.com\/ca\/\"},{\"@type\":\"ListItem\",\"position\":2,\"name\":\"Botiga\",\"item\":\"https:\/\/www.viorigen.com\/botiga\/\"},{\"@type\":\"ListItem\",\"position\":3,\"name\":\"En Moviment Ancestral Morenillo\"}]},{\"@type\":\"WebSite\",\"@id\":\"https:\/\/www.viorigen.com\/#website\",\"url\":\"https:\/\/www.viorigen.com\/\",\"name\":\"ViOrigen\",\"description\":\"ViOrigen \u00e9s un projecte vinculat al sector vitivin\u00edcola de la Terra Alta que emprenem tres amics apassionats del vi i l\u2019entorn de la comarca.\",\"potentialAction\":[{\"@type\":\"SearchAction\",\"target\":{\"@type\":\"EntryPoint\",\"urlTemplate\":\"https:\/\/www.viorigen.com\/?s={search_term_string}\"},\"query-input\":{\"@type\":\"PropertyValueSpecification\",\"valueRequired\":true,\"valueName\":\"search_term_string\"}}],\"inLanguage\":\"ca\"}]}<\/script>\n<!-- \/ Yoast SEO plugin. -->","yoast_head_json":{"title":"En Moviment Ancestral Morenillo - ViOrigen - Comprar vino Terra Alta","description":"En Moviment de B\u00e0rbara For\u00e9s Gandesa ens presenta Ancestral Morenillo, les primeres bombolles al mercat amb aquesta varietat negra. Comprar vi Terra Alta.","robots":{"index":"index","follow":"follow","max-snippet":"max-snippet:-1","max-image-preview":"max-image-preview:large","max-video-preview":"max-video-preview:-1"},"canonical":"https:\/\/www.viorigen.com\/producto\/en-moviment-ancestral-morenillo\/","og_locale":"ca_ES","og_type":"article","og_title":"En Moviment Ancestral Morenillo - ViOrigen - Comprar vino Terra Alta","og_description":"En Moviment de B\u00e0rbara For\u00e9s Gandesa ens presenta Ancestral Morenillo, les primeres bombolles al mercat amb aquesta varietat negra. Comprar vi Terra Alta.","og_url":"https:\/\/www.viorigen.com\/producto\/en-moviment-ancestral-morenillo\/","og_site_name":"ViOrigen","article_publisher":"https:\/\/www.facebook.com\/viorigen","article_modified_time":"2020-04-02T12:38:14+00:00","og_image":[{"width":700,"height":870,"url":"https:\/\/www.viorigen.com\/wp-content\/uploads\/2019\/06\/Ancestral-morenillo.png","type":"image\/png"}],"twitter_card":"summary_large_image","twitter_site":"@viorigen","schema":{"@context":"https:\/\/schema.org","@graph":[{"@type":"WebPage","@id":"https:\/\/www.viorigen.com\/producto\/en-moviment-ancestral-morenillo\/","url":"https:\/\/www.viorigen.com\/producto\/en-moviment-ancestral-morenillo\/","name":"En Moviment Ancestral Morenillo - ViOrigen - Comprar vino Terra Alta","isPartOf":{"@id":"https:\/\/www.viorigen.com\/#website"},"primaryImageOfPage":{"@id":"https:\/\/www.viorigen.com\/producto\/en-moviment-ancestral-morenillo\/#primaryimage"},"image":{"@id":"https:\/\/www.viorigen.com\/producto\/en-moviment-ancestral-morenillo\/#primaryimage"},"thumbnailUrl":"https:\/\/www.viorigen.com\/wp-content\/uploads\/2019\/06\/Ancestral-morenillo.png","datePublished":"2019-06-26T11:27:09+00:00","dateModified":"2020-04-02T12:38:14+00:00","description":"En Moviment de B\u00e0rbara For\u00e9s Gandesa ens presenta Ancestral Morenillo, les primeres bombolles al mercat amb aquesta varietat negra. Comprar vi Terra Alta.","breadcrumb":{"@id":"https:\/\/www.viorigen.com\/producto\/en-moviment-ancestral-morenillo\/#breadcrumb"},"inLanguage":"ca","potentialAction":[{"@type":"ReadAction","target":["https:\/\/www.viorigen.com\/producto\/en-moviment-ancestral-morenillo\/"]}]},{"@type":"ImageObject","inLanguage":"ca","@id":"https:\/\/www.viorigen.com\/producto\/en-moviment-ancestral-morenillo\/#primaryimage","url":"https:\/\/www.viorigen.com\/wp-content\/uploads\/2019\/06\/Ancestral-morenillo.png","contentUrl":"https:\/\/www.viorigen.com\/wp-content\/uploads\/2019\/06\/Ancestral-morenillo.png","width":700,"height":870},{"@type":"BreadcrumbList","@id":"https:\/\/www.viorigen.com\/producto\/en-moviment-ancestral-morenillo\/#breadcrumb","itemListElement":[{"@type":"ListItem","position":1,"name":"Portada","item":"https:\/\/www.viorigen.com\/ca\/"},{"@type":"ListItem","position":2,"name":"Botiga","item":"https:\/\/www.viorigen.com\/botiga\/"},{"@type":"ListItem","position":3,"name":"En Moviment Ancestral Morenillo"}]},{"@type":"WebSite","@id":"https:\/\/www.viorigen.com\/#website","url":"https:\/\/www.viorigen.com\/","name":"ViOrigen","description":"ViOrigen \u00e9s un projecte vinculat al sector vitivin\u00edcola de la Terra Alta que emprenem tres amics apassionats del vi i l\u2019entorn de la comarca.","potentialAction":[{"@type":"SearchAction","target":{"@type":"EntryPoint","urlTemplate":"https:\/\/www.viorigen.com\/?s={search_term_string}"},"query-input":{"@type":"PropertyValueSpecification","valueRequired":true,"valueName":"search_term_string"}}],"inLanguage":"ca"}]}},"_links":{"self":[{"href":"https:\/\/www.viorigen.com\/ca\/wp-json\/wp\/v2\/product\/4402","targetHints":{"allow":["GET"]}}],"collection":[{"href":"https:\/\/www.viorigen.com\/ca\/wp-json\/wp\/v2\/product"}],"about":[{"href":"https:\/\/www.viorigen.com\/ca\/wp-json\/wp\/v2\/types\/product"}],"wp:featuredmedia":[{"embeddable":true,"href":"https:\/\/www.viorigen.com\/ca\/wp-json\/wp\/v2\/media\/4400"}],"wp:attachment":[{"href":"https:\/\/www.viorigen.com\/ca\/wp-json\/wp\/v2\/media?parent=4402"}],"wp:term":[{"taxonomy":"product_cat","embeddable":true,"href":"https:\/\/www.viorigen.com\/ca\/wp-json\/wp\/v2\/product_cat?post=4402"},{"taxonomy":"product_tag","embeddable":true,"href":"https:\/\/www.viorigen.com\/ca\/wp-json\/wp\/v2\/product_tag?post=4402"},{"taxonomy":"bodega","embeddable":true,"href":"https:\/\/www.viorigen.com\/ca\/wp-json\/wp\/v2\/bodega?post=4402"},{"taxonomy":"tipo_de_vino","embeddable":true,"href":"https:\/\/www.viorigen.com\/ca\/wp-json\/wp\/v2\/tipo_de_vino?post=4402"},{"taxonomy":"variedades","embeddable":true,"href":"https:\/\/www.viorigen.com\/ca\/wp-json\/wp\/v2\/variedades?post=4402"},{"taxonomy":"clase_de_vino","embeddable":true,"href":"https:\/\/www.viorigen.com\/ca\/wp-json\/wp\/v2\/clase_de_vino?post=4402"},{"taxonomy":"denominacion","embeddable":true,"href":"https:\/\/www.viorigen.com\/ca\/wp-json\/wp\/v2\/denominacion?post=4402"},{"taxonomy":"otros","embeddable":true,"href":"https:\/\/www.viorigen.com\/ca\/wp-json\/wp\/v2\/otros?post=4402"},{"taxonomy":"clasificacio_enoturisme","embeddable":true,"href":"https:\/\/www.viorigen.com\/ca\/wp-json\/wp\/v2\/clasificacio_enoturisme?post=4402"}],"curies":[{"name":"wp","href":"https:\/\/api.w.org\/{rel}","templated":true}]}}