{"id":6166,"date":"2020-02-28T10:05:45","date_gmt":"2020-02-28T10:05:45","guid":{"rendered":"https:\/\/www.viorigen.com\/producto\/tofona-experience\/"},"modified":"2020-06-23T06:20:04","modified_gmt":"2020-06-23T06:20:04","slug":"tofona-experience","status":"publish","type":"product","link":"https:\/\/www.viorigen.com\/ca\/producto\/tofona-experience\/","title":{"rendered":"T\u00f2fona Experience"},"content":{"rendered":"<p>La T\u00f2fona Experience \u00e9s la nova experi\u00e8ncia gourmet a la Terra Alta.<\/p>\n<p>La\u00a0<strong>t\u00f2fona<\/strong>\u00a0s\u2019ha convertit en els \u00faltims anys amb un dels productes alimentaris m\u00e9s cotitzats en el mercat gastron\u00f2mic mundial, una de les esp\u00e8cies m\u00e9s reconegudes i recol\u00b7lectades \u00e9s la\u00a0<a href=\"https:\/\/ca.wikipedia.org\/wiki\/T%C3%B2fona_negra\"><strong>Tuber melanosporum<\/strong><\/a>, m\u00e9s coneguda amb el nom de\u00a0<strong>t\u00f2fona negra<\/strong>\u00a0i amb la qual ens centrarem a la nostra activitat. La temporada d&#8217;aquest exquisit producte va des de novembre fins a mitjans de mar\u00e7, per tant, nom\u00e9s podreu realitzar aquesta activitat dins d&#8217;aquestes dates; no obstant, s\u00ed que podreu fer reserves fora de temporada.<\/p>\n<p><strong>Qu\u00e8 inclou?<\/strong><\/p>\n<ul>\n<li>Sortida per <strong>recol\u00b7lectar t\u00f2fones amb el propietari<\/strong> de la finca i <strong>gos ensinistrat<\/strong>.<\/li>\n<li><strong>Esmorzar degustaci\u00f3 de la t\u00f2fona<\/strong> a la mateixa finca.<\/li>\n<li><strong>Tast de vins DO Terra Alta<\/strong> a la sala de tast de <strong>ViOrigen<\/strong>.<\/li>\n<li><strong>Dinar \/ sopar maridatge<\/strong> al <strong>Restaurant Sibarites<\/strong> de Gandesa.<\/li>\n<li><strong>1 nit d&#8217;allotjament i esmorzar<\/strong> buffet a <strong>La Casa dels Abeuradors<\/strong>.<\/li>\n<\/ul>\n<p>El preu de la T\u00f2fona Experience \u00e9s de <strong>499\u20ac per parella<\/strong> IVA incl\u00f2s, no inclou tassa tur\u00edstica; persona adulta addicional 175\u20ac, en el cas que la persona addicional sigui menor d&#8217;edat seran 39\u20ac.<br \/>\nPreus per <strong>grups de 6 o m\u00e9s persones<\/strong> poseu-vos en contacte.<\/p>\n<p>Per a informaci\u00f3 m\u00e9s detallada de la experi\u00e8ncia visita el nostre article &#8220;<a href=\"https:\/\/www.viorigen.com\/ca\/2019\/12\/10\/tofones-i-vi-lexperiencia-mes-sensorial-a-la-terra-alta\/\">T\u00f2fones i vi, l&#8217;experi\u00e8ncia m\u00e9s sensorial de la Terra Alta<\/a>&#8220;.<\/p>\n","protected":false},"excerpt":{"rendered":"<p>La T\u00f2fona Experience \u00e9s la nova experi\u00e8ncia gourmet a la Terra Alta. La\u00a0t\u00f2fona\u00a0s\u2019ha convertit en els \u00faltims anys amb un dels productes alimentaris m\u00e9s cotitzats en<span class=\"excerpt-hellip\"> [\u2026]<\/span><\/p>\n","protected":false},"featured_media":6155,"template":"","meta":{"_acf_changed":false},"product_cat":[278],"product_tag":[],"bodega":[],"tipo_de_vino":[],"variedades":[],"clase_de_vino":[],"denominacion":[],"otros":[],"clasificacio_enoturisme":[281,280,279],"class_list":{"0":"post-6166","1":"product","2":"type-product","3":"status-publish","4":"has-post-thumbnail","6":"product_cat-enoturisme","7":"clasificacio_enoturisme-activitats-de-temporada","8":"clasificacio_enoturisme-experiecies-actives","9":"clasificacio_enoturisme-experiencies-enogastronomiques","11":"first","12":"instock","13":"virtual","14":"purchasable","15":"product-type-simple"},"acf":[],"yoast_head":"<!-- This site is optimized with the Yoast SEO plugin v23.9 - https:\/\/yoast.com\/wordpress\/plugins\/seo\/ -->\n<title>T\u00f2fona Experience - ViOrigen - Enoturisme Terra Alta<\/title>\n<meta name=\"description\" content=\"La T\u00f2fona Experience \u00e9s l&#039;experi\u00e8ncia m\u00e9s sensorial de la Terra Alta, \u00e9s gastronomia, enologia, paisatge per gaudir de la comarca amb producte de proximitat\" \/>\n<meta name=\"robots\" content=\"index, follow, max-snippet:-1, max-image-preview:large, max-video-preview:-1\" \/>\n<link rel=\"canonical\" href=\"https:\/\/www.viorigen.com\/producto\/trufa-experience\/\" \/>\n<meta property=\"og:locale\" content=\"ca_ES\" \/>\n<meta property=\"og:type\" content=\"article\" \/>\n<meta property=\"og:title\" content=\"T\u00f2fona Experience - ViOrigen - Enoturisme Terra Alta\" \/>\n<meta property=\"og:description\" content=\"La T\u00f2fona Experience \u00e9s l&#039;experi\u00e8ncia m\u00e9s sensorial de la Terra Alta, \u00e9s gastronomia, enologia, paisatge per gaudir de la comarca amb producte de proximitat\" \/>\n<meta property=\"og:url\" content=\"https:\/\/www.viorigen.com\/producto\/trufa-experience\/\" \/>\n<meta property=\"og:site_name\" content=\"ViOrigen\" \/>\n<meta property=\"article:publisher\" content=\"https:\/\/www.facebook.com\/viorigen\" \/>\n<meta property=\"article:modified_time\" content=\"2020-06-23T06:20:04+00:00\" \/>\n<meta property=\"og:image\" content=\"https:\/\/www.viorigen.com\/wp-content\/uploads\/2020\/02\/trufa-experience-2.png\" \/>\n\t<meta property=\"og:image:width\" content=\"700\" \/>\n\t<meta property=\"og:image:height\" content=\"482\" \/>\n\t<meta property=\"og:image:type\" content=\"image\/png\" \/>\n<meta name=\"twitter:card\" content=\"summary_large_image\" \/>\n<meta name=\"twitter:site\" content=\"@viorigen\" \/>\n<meta name=\"twitter:label1\" content=\"Temps estimat de lectura\" \/>\n\t<meta name=\"twitter:data1\" content=\"1 minut\" \/>\n<script type=\"application\/ld+json\" class=\"yoast-schema-graph\">{\"@context\":\"https:\/\/schema.org\",\"@graph\":[{\"@type\":\"WebPage\",\"@id\":\"https:\/\/www.viorigen.com\/producto\/trufa-experience\/\",\"url\":\"https:\/\/www.viorigen.com\/producto\/trufa-experience\/\",\"name\":\"T\u00f2fona Experience - ViOrigen - Enoturisme Terra Alta\",\"isPartOf\":{\"@id\":\"https:\/\/www.viorigen.com\/#website\"},\"primaryImageOfPage\":{\"@id\":\"https:\/\/www.viorigen.com\/producto\/trufa-experience\/#primaryimage\"},\"image\":{\"@id\":\"https:\/\/www.viorigen.com\/producto\/trufa-experience\/#primaryimage\"},\"thumbnailUrl\":\"https:\/\/www.viorigen.com\/wp-content\/uploads\/2020\/02\/trufa-experience-2.png\",\"datePublished\":\"2020-02-28T10:05:45+00:00\",\"dateModified\":\"2020-06-23T06:20:04+00:00\",\"description\":\"La T\u00f2fona Experience \u00e9s l'experi\u00e8ncia m\u00e9s sensorial de la Terra Alta, \u00e9s gastronomia, enologia, paisatge per gaudir de la comarca amb producte de proximitat\",\"breadcrumb\":{\"@id\":\"https:\/\/www.viorigen.com\/producto\/trufa-experience\/#breadcrumb\"},\"inLanguage\":\"ca\",\"potentialAction\":[{\"@type\":\"ReadAction\",\"target\":[\"https:\/\/www.viorigen.com\/producto\/trufa-experience\/\"]}]},{\"@type\":\"ImageObject\",\"inLanguage\":\"ca\",\"@id\":\"https:\/\/www.viorigen.com\/producto\/trufa-experience\/#primaryimage\",\"url\":\"https:\/\/www.viorigen.com\/wp-content\/uploads\/2020\/02\/trufa-experience-2.png\",\"contentUrl\":\"https:\/\/www.viorigen.com\/wp-content\/uploads\/2020\/02\/trufa-experience-2.png\",\"width\":700,\"height\":482},{\"@type\":\"BreadcrumbList\",\"@id\":\"https:\/\/www.viorigen.com\/producto\/trufa-experience\/#breadcrumb\",\"itemListElement\":[{\"@type\":\"ListItem\",\"position\":1,\"name\":\"Portada\",\"item\":\"https:\/\/www.viorigen.com\/ca\/\"},{\"@type\":\"ListItem\",\"position\":2,\"name\":\"Botiga\",\"item\":\"https:\/\/www.viorigen.com\/botiga\/\"},{\"@type\":\"ListItem\",\"position\":3,\"name\":\"T\u00f2fona Experience\"}]},{\"@type\":\"WebSite\",\"@id\":\"https:\/\/www.viorigen.com\/#website\",\"url\":\"https:\/\/www.viorigen.com\/\",\"name\":\"ViOrigen\",\"description\":\"ViOrigen \u00e9s un projecte vinculat al sector vitivin\u00edcola de la Terra Alta que emprenem tres amics apassionats del vi i l\u2019entorn de la comarca.\",\"potentialAction\":[{\"@type\":\"SearchAction\",\"target\":{\"@type\":\"EntryPoint\",\"urlTemplate\":\"https:\/\/www.viorigen.com\/?s={search_term_string}\"},\"query-input\":{\"@type\":\"PropertyValueSpecification\",\"valueRequired\":true,\"valueName\":\"search_term_string\"}}],\"inLanguage\":\"ca\"}]}<\/script>\n<!-- \/ Yoast SEO plugin. -->","yoast_head_json":{"title":"T\u00f2fona Experience - ViOrigen - Enoturisme Terra Alta","description":"La T\u00f2fona Experience \u00e9s l'experi\u00e8ncia m\u00e9s sensorial de la Terra Alta, \u00e9s gastronomia, enologia, paisatge per gaudir de la comarca amb producte de proximitat","robots":{"index":"index","follow":"follow","max-snippet":"max-snippet:-1","max-image-preview":"max-image-preview:large","max-video-preview":"max-video-preview:-1"},"canonical":"https:\/\/www.viorigen.com\/producto\/trufa-experience\/","og_locale":"ca_ES","og_type":"article","og_title":"T\u00f2fona Experience - ViOrigen - Enoturisme Terra Alta","og_description":"La T\u00f2fona Experience \u00e9s l'experi\u00e8ncia m\u00e9s sensorial de la Terra Alta, \u00e9s gastronomia, enologia, paisatge per gaudir de la comarca amb producte de proximitat","og_url":"https:\/\/www.viorigen.com\/producto\/trufa-experience\/","og_site_name":"ViOrigen","article_publisher":"https:\/\/www.facebook.com\/viorigen","article_modified_time":"2020-06-23T06:20:04+00:00","og_image":[{"width":700,"height":482,"url":"https:\/\/www.viorigen.com\/wp-content\/uploads\/2020\/02\/trufa-experience-2.png","type":"image\/png"}],"twitter_card":"summary_large_image","twitter_site":"@viorigen","twitter_misc":{"Temps estimat de lectura":"1 minut"},"schema":{"@context":"https:\/\/schema.org","@graph":[{"@type":"WebPage","@id":"https:\/\/www.viorigen.com\/producto\/trufa-experience\/","url":"https:\/\/www.viorigen.com\/producto\/trufa-experience\/","name":"T\u00f2fona Experience - ViOrigen - Enoturisme Terra Alta","isPartOf":{"@id":"https:\/\/www.viorigen.com\/#website"},"primaryImageOfPage":{"@id":"https:\/\/www.viorigen.com\/producto\/trufa-experience\/#primaryimage"},"image":{"@id":"https:\/\/www.viorigen.com\/producto\/trufa-experience\/#primaryimage"},"thumbnailUrl":"https:\/\/www.viorigen.com\/wp-content\/uploads\/2020\/02\/trufa-experience-2.png","datePublished":"2020-02-28T10:05:45+00:00","dateModified":"2020-06-23T06:20:04+00:00","description":"La T\u00f2fona Experience \u00e9s l'experi\u00e8ncia m\u00e9s sensorial de la Terra Alta, \u00e9s gastronomia, enologia, paisatge per gaudir de la comarca amb producte de proximitat","breadcrumb":{"@id":"https:\/\/www.viorigen.com\/producto\/trufa-experience\/#breadcrumb"},"inLanguage":"ca","potentialAction":[{"@type":"ReadAction","target":["https:\/\/www.viorigen.com\/producto\/trufa-experience\/"]}]},{"@type":"ImageObject","inLanguage":"ca","@id":"https:\/\/www.viorigen.com\/producto\/trufa-experience\/#primaryimage","url":"https:\/\/www.viorigen.com\/wp-content\/uploads\/2020\/02\/trufa-experience-2.png","contentUrl":"https:\/\/www.viorigen.com\/wp-content\/uploads\/2020\/02\/trufa-experience-2.png","width":700,"height":482},{"@type":"BreadcrumbList","@id":"https:\/\/www.viorigen.com\/producto\/trufa-experience\/#breadcrumb","itemListElement":[{"@type":"ListItem","position":1,"name":"Portada","item":"https:\/\/www.viorigen.com\/ca\/"},{"@type":"ListItem","position":2,"name":"Botiga","item":"https:\/\/www.viorigen.com\/botiga\/"},{"@type":"ListItem","position":3,"name":"T\u00f2fona Experience"}]},{"@type":"WebSite","@id":"https:\/\/www.viorigen.com\/#website","url":"https:\/\/www.viorigen.com\/","name":"ViOrigen","description":"ViOrigen \u00e9s un projecte vinculat al sector vitivin\u00edcola de la Terra Alta que emprenem tres amics apassionats del vi i l\u2019entorn de la comarca.","potentialAction":[{"@type":"SearchAction","target":{"@type":"EntryPoint","urlTemplate":"https:\/\/www.viorigen.com\/?s={search_term_string}"},"query-input":{"@type":"PropertyValueSpecification","valueRequired":true,"valueName":"search_term_string"}}],"inLanguage":"ca"}]}},"_links":{"self":[{"href":"https:\/\/www.viorigen.com\/ca\/wp-json\/wp\/v2\/product\/6166","targetHints":{"allow":["GET"]}}],"collection":[{"href":"https:\/\/www.viorigen.com\/ca\/wp-json\/wp\/v2\/product"}],"about":[{"href":"https:\/\/www.viorigen.com\/ca\/wp-json\/wp\/v2\/types\/product"}],"wp:featuredmedia":[{"embeddable":true,"href":"https:\/\/www.viorigen.com\/ca\/wp-json\/wp\/v2\/media\/6155"}],"wp:attachment":[{"href":"https:\/\/www.viorigen.com\/ca\/wp-json\/wp\/v2\/media?parent=6166"}],"wp:term":[{"taxonomy":"product_cat","embeddable":true,"href":"https:\/\/www.viorigen.com\/ca\/wp-json\/wp\/v2\/product_cat?post=6166"},{"taxonomy":"product_tag","embeddable":true,"href":"https:\/\/www.viorigen.com\/ca\/wp-json\/wp\/v2\/product_tag?post=6166"},{"taxonomy":"bodega","embeddable":true,"href":"https:\/\/www.viorigen.com\/ca\/wp-json\/wp\/v2\/bodega?post=6166"},{"taxonomy":"tipo_de_vino","embeddable":true,"href":"https:\/\/www.viorigen.com\/ca\/wp-json\/wp\/v2\/tipo_de_vino?post=6166"},{"taxonomy":"variedades","embeddable":true,"href":"https:\/\/www.viorigen.com\/ca\/wp-json\/wp\/v2\/variedades?post=6166"},{"taxonomy":"clase_de_vino","embeddable":true,"href":"https:\/\/www.viorigen.com\/ca\/wp-json\/wp\/v2\/clase_de_vino?post=6166"},{"taxonomy":"denominacion","embeddable":true,"href":"https:\/\/www.viorigen.com\/ca\/wp-json\/wp\/v2\/denominacion?post=6166"},{"taxonomy":"otros","embeddable":true,"href":"https:\/\/www.viorigen.com\/ca\/wp-json\/wp\/v2\/otros?post=6166"},{"taxonomy":"clasificacio_enoturisme","embeddable":true,"href":"https:\/\/www.viorigen.com\/ca\/wp-json\/wp\/v2\/clasificacio_enoturisme?post=6166"}],"curies":[{"name":"wp","href":"https:\/\/api.w.org\/{rel}","templated":true}]}}