{"id":6399,"date":"2020-04-16T09:36:50","date_gmt":"2020-04-16T09:36:50","guid":{"rendered":"https:\/\/www.viorigen.com\/producto\/flor-de-trufes-blanc\/"},"modified":"2020-04-16T09:42:40","modified_gmt":"2020-04-16T09:42:40","slug":"flor-de-trufes-blanc","status":"publish","type":"product","link":"https:\/\/www.viorigen.com\/ca\/producto\/flor-de-trufes-blanc\/","title":{"rendered":"Flor de Trufes Blanc"},"content":{"rendered":"<p>Vi no estabilitzat que pot presentar p\u00f2sits. Vi de Garnatxa Blanca cent per cent, fermentat en b\u00f3tes de roure. Celler Algars, Batea, DO Terra Alta.<\/p>\n","protected":false},"excerpt":{"rendered":"<p>Vi no estabilitzat que pot presentar p\u00f2sits. Vi de Garnatxa Blanca cent per cent, fermentat en b\u00f3tes de roure. Celler Algars, Batea, DO Terra Alta.<\/p>\n","protected":false},"featured_media":6397,"template":"","meta":{"_acf_changed":false},"product_cat":[179],"product_tag":[],"bodega":[212],"tipo_de_vino":[185],"variedades":[187],"clase_de_vino":[196],"denominacion":[198],"otros":[209],"clasificacio_enoturisme":[],"class_list":{"0":"post-6399","1":"product","2":"type-product","3":"status-publish","4":"has-post-thumbnail","6":"product_cat-vi","7":"bodega-vins-algars","8":"tipo_de_vino-jove-amb-crianca","9":"variedades-garnatxa-blanca","10":"clase_de_vino-blanc","11":"denominacion-terra-alta-ca","12":"otros-ecologic","14":"first","15":"instock","16":"shipping-taxable","17":"purchasable","18":"product-type-simple"},"acf":[],"yoast_head":"<!-- This site is optimized with the Yoast SEO plugin v23.9 - https:\/\/yoast.com\/wordpress\/plugins\/seo\/ -->\n<title>Flor de Trufes Blanc - ViOrigen - Comprar vi ecol\u00f2gic DO Terra Alta<\/title>\n<meta name=\"description\" content=\"Flor de Trufes Blanc \u00e9s un vi ecol\u00f2gic cent per cent Garnatxa Blanca de la DO Terra Alta, fermentat en b\u00f3tes de roure franc\u00e8s. Celler Algars, DO Terra Alta.\" \/>\n<meta name=\"robots\" content=\"index, follow, max-snippet:-1, max-image-preview:large, max-video-preview:-1\" \/>\n<link rel=\"canonical\" href=\"https:\/\/www.viorigen.com\/producto\/flor-de-trufes-blanco\/\" \/>\n<meta property=\"og:locale\" content=\"ca_ES\" \/>\n<meta property=\"og:type\" content=\"article\" \/>\n<meta property=\"og:title\" content=\"Flor de Trufes Blanc - ViOrigen - Comprar vi ecol\u00f2gic DO Terra Alta\" \/>\n<meta property=\"og:description\" content=\"Flor de Trufes Blanc \u00e9s un vi ecol\u00f2gic cent per cent Garnatxa Blanca de la DO Terra Alta, fermentat en b\u00f3tes de roure franc\u00e8s. Celler Algars, DO Terra Alta.\" \/>\n<meta property=\"og:url\" content=\"https:\/\/www.viorigen.com\/producto\/flor-de-trufes-blanco\/\" \/>\n<meta property=\"og:site_name\" content=\"ViOrigen\" \/>\n<meta property=\"article:publisher\" content=\"https:\/\/www.facebook.com\/viorigen\" \/>\n<meta property=\"article:modified_time\" content=\"2020-04-16T09:42:40+00:00\" \/>\n<meta property=\"og:image\" content=\"https:\/\/www.viorigen.com\/wp-content\/uploads\/2020\/04\/flor-trufes-blanc.png\" \/>\n\t<meta property=\"og:image:width\" content=\"700\" \/>\n\t<meta property=\"og:image:height\" content=\"870\" \/>\n\t<meta property=\"og:image:type\" content=\"image\/png\" \/>\n<meta name=\"twitter:card\" content=\"summary_large_image\" \/>\n<meta name=\"twitter:site\" content=\"@viorigen\" \/>\n<script type=\"application\/ld+json\" class=\"yoast-schema-graph\">{\"@context\":\"https:\/\/schema.org\",\"@graph\":[{\"@type\":\"WebPage\",\"@id\":\"https:\/\/www.viorigen.com\/producto\/flor-de-trufes-blanco\/\",\"url\":\"https:\/\/www.viorigen.com\/producto\/flor-de-trufes-blanco\/\",\"name\":\"Flor de Trufes Blanc - ViOrigen - Comprar vi ecol\u00f2gic DO Terra Alta\",\"isPartOf\":{\"@id\":\"https:\/\/www.viorigen.com\/#website\"},\"primaryImageOfPage\":{\"@id\":\"https:\/\/www.viorigen.com\/producto\/flor-de-trufes-blanco\/#primaryimage\"},\"image\":{\"@id\":\"https:\/\/www.viorigen.com\/producto\/flor-de-trufes-blanco\/#primaryimage\"},\"thumbnailUrl\":\"https:\/\/www.viorigen.com\/wp-content\/uploads\/2020\/04\/flor-trufes-blanc.png\",\"datePublished\":\"2020-04-16T09:36:50+00:00\",\"dateModified\":\"2020-04-16T09:42:40+00:00\",\"description\":\"Flor de Trufes Blanc \u00e9s un vi ecol\u00f2gic cent per cent Garnatxa Blanca de la DO Terra Alta, fermentat en b\u00f3tes de roure franc\u00e8s. Celler Algars, DO Terra Alta.\",\"breadcrumb\":{\"@id\":\"https:\/\/www.viorigen.com\/producto\/flor-de-trufes-blanco\/#breadcrumb\"},\"inLanguage\":\"ca\",\"potentialAction\":[{\"@type\":\"ReadAction\",\"target\":[\"https:\/\/www.viorigen.com\/producto\/flor-de-trufes-blanco\/\"]}]},{\"@type\":\"ImageObject\",\"inLanguage\":\"ca\",\"@id\":\"https:\/\/www.viorigen.com\/producto\/flor-de-trufes-blanco\/#primaryimage\",\"url\":\"https:\/\/www.viorigen.com\/wp-content\/uploads\/2020\/04\/flor-trufes-blanc.png\",\"contentUrl\":\"https:\/\/www.viorigen.com\/wp-content\/uploads\/2020\/04\/flor-trufes-blanc.png\",\"width\":700,\"height\":870},{\"@type\":\"BreadcrumbList\",\"@id\":\"https:\/\/www.viorigen.com\/producto\/flor-de-trufes-blanco\/#breadcrumb\",\"itemListElement\":[{\"@type\":\"ListItem\",\"position\":1,\"name\":\"Portada\",\"item\":\"https:\/\/www.viorigen.com\/ca\/\"},{\"@type\":\"ListItem\",\"position\":2,\"name\":\"Botiga\",\"item\":\"https:\/\/www.viorigen.com\/botiga\/\"},{\"@type\":\"ListItem\",\"position\":3,\"name\":\"Flor de Trufes Blanc\"}]},{\"@type\":\"WebSite\",\"@id\":\"https:\/\/www.viorigen.com\/#website\",\"url\":\"https:\/\/www.viorigen.com\/\",\"name\":\"ViOrigen\",\"description\":\"ViOrigen \u00e9s un projecte vinculat al sector vitivin\u00edcola de la Terra Alta que emprenem tres amics apassionats del vi i l\u2019entorn de la comarca.\",\"potentialAction\":[{\"@type\":\"SearchAction\",\"target\":{\"@type\":\"EntryPoint\",\"urlTemplate\":\"https:\/\/www.viorigen.com\/?s={search_term_string}\"},\"query-input\":{\"@type\":\"PropertyValueSpecification\",\"valueRequired\":true,\"valueName\":\"search_term_string\"}}],\"inLanguage\":\"ca\"}]}<\/script>\n<!-- \/ Yoast SEO plugin. -->","yoast_head_json":{"title":"Flor de Trufes Blanc - ViOrigen - Comprar vi ecol\u00f2gic DO Terra Alta","description":"Flor de Trufes Blanc \u00e9s un vi ecol\u00f2gic cent per cent Garnatxa Blanca de la DO Terra Alta, fermentat en b\u00f3tes de roure franc\u00e8s. Celler Algars, DO Terra Alta.","robots":{"index":"index","follow":"follow","max-snippet":"max-snippet:-1","max-image-preview":"max-image-preview:large","max-video-preview":"max-video-preview:-1"},"canonical":"https:\/\/www.viorigen.com\/producto\/flor-de-trufes-blanco\/","og_locale":"ca_ES","og_type":"article","og_title":"Flor de Trufes Blanc - ViOrigen - Comprar vi ecol\u00f2gic DO Terra Alta","og_description":"Flor de Trufes Blanc \u00e9s un vi ecol\u00f2gic cent per cent Garnatxa Blanca de la DO Terra Alta, fermentat en b\u00f3tes de roure franc\u00e8s. Celler Algars, DO Terra Alta.","og_url":"https:\/\/www.viorigen.com\/producto\/flor-de-trufes-blanco\/","og_site_name":"ViOrigen","article_publisher":"https:\/\/www.facebook.com\/viorigen","article_modified_time":"2020-04-16T09:42:40+00:00","og_image":[{"width":700,"height":870,"url":"https:\/\/www.viorigen.com\/wp-content\/uploads\/2020\/04\/flor-trufes-blanc.png","type":"image\/png"}],"twitter_card":"summary_large_image","twitter_site":"@viorigen","schema":{"@context":"https:\/\/schema.org","@graph":[{"@type":"WebPage","@id":"https:\/\/www.viorigen.com\/producto\/flor-de-trufes-blanco\/","url":"https:\/\/www.viorigen.com\/producto\/flor-de-trufes-blanco\/","name":"Flor de Trufes Blanc - ViOrigen - Comprar vi ecol\u00f2gic DO Terra Alta","isPartOf":{"@id":"https:\/\/www.viorigen.com\/#website"},"primaryImageOfPage":{"@id":"https:\/\/www.viorigen.com\/producto\/flor-de-trufes-blanco\/#primaryimage"},"image":{"@id":"https:\/\/www.viorigen.com\/producto\/flor-de-trufes-blanco\/#primaryimage"},"thumbnailUrl":"https:\/\/www.viorigen.com\/wp-content\/uploads\/2020\/04\/flor-trufes-blanc.png","datePublished":"2020-04-16T09:36:50+00:00","dateModified":"2020-04-16T09:42:40+00:00","description":"Flor de Trufes Blanc \u00e9s un vi ecol\u00f2gic cent per cent Garnatxa Blanca de la DO Terra Alta, fermentat en b\u00f3tes de roure franc\u00e8s. Celler Algars, DO Terra Alta.","breadcrumb":{"@id":"https:\/\/www.viorigen.com\/producto\/flor-de-trufes-blanco\/#breadcrumb"},"inLanguage":"ca","potentialAction":[{"@type":"ReadAction","target":["https:\/\/www.viorigen.com\/producto\/flor-de-trufes-blanco\/"]}]},{"@type":"ImageObject","inLanguage":"ca","@id":"https:\/\/www.viorigen.com\/producto\/flor-de-trufes-blanco\/#primaryimage","url":"https:\/\/www.viorigen.com\/wp-content\/uploads\/2020\/04\/flor-trufes-blanc.png","contentUrl":"https:\/\/www.viorigen.com\/wp-content\/uploads\/2020\/04\/flor-trufes-blanc.png","width":700,"height":870},{"@type":"BreadcrumbList","@id":"https:\/\/www.viorigen.com\/producto\/flor-de-trufes-blanco\/#breadcrumb","itemListElement":[{"@type":"ListItem","position":1,"name":"Portada","item":"https:\/\/www.viorigen.com\/ca\/"},{"@type":"ListItem","position":2,"name":"Botiga","item":"https:\/\/www.viorigen.com\/botiga\/"},{"@type":"ListItem","position":3,"name":"Flor de Trufes Blanc"}]},{"@type":"WebSite","@id":"https:\/\/www.viorigen.com\/#website","url":"https:\/\/www.viorigen.com\/","name":"ViOrigen","description":"ViOrigen \u00e9s un projecte vinculat al sector vitivin\u00edcola de la Terra Alta que emprenem tres amics apassionats del vi i l\u2019entorn de la comarca.","potentialAction":[{"@type":"SearchAction","target":{"@type":"EntryPoint","urlTemplate":"https:\/\/www.viorigen.com\/?s={search_term_string}"},"query-input":{"@type":"PropertyValueSpecification","valueRequired":true,"valueName":"search_term_string"}}],"inLanguage":"ca"}]}},"_links":{"self":[{"href":"https:\/\/www.viorigen.com\/ca\/wp-json\/wp\/v2\/product\/6399","targetHints":{"allow":["GET"]}}],"collection":[{"href":"https:\/\/www.viorigen.com\/ca\/wp-json\/wp\/v2\/product"}],"about":[{"href":"https:\/\/www.viorigen.com\/ca\/wp-json\/wp\/v2\/types\/product"}],"wp:featuredmedia":[{"embeddable":true,"href":"https:\/\/www.viorigen.com\/ca\/wp-json\/wp\/v2\/media\/6397"}],"wp:attachment":[{"href":"https:\/\/www.viorigen.com\/ca\/wp-json\/wp\/v2\/media?parent=6399"}],"wp:term":[{"taxonomy":"product_cat","embeddable":true,"href":"https:\/\/www.viorigen.com\/ca\/wp-json\/wp\/v2\/product_cat?post=6399"},{"taxonomy":"product_tag","embeddable":true,"href":"https:\/\/www.viorigen.com\/ca\/wp-json\/wp\/v2\/product_tag?post=6399"},{"taxonomy":"bodega","embeddable":true,"href":"https:\/\/www.viorigen.com\/ca\/wp-json\/wp\/v2\/bodega?post=6399"},{"taxonomy":"tipo_de_vino","embeddable":true,"href":"https:\/\/www.viorigen.com\/ca\/wp-json\/wp\/v2\/tipo_de_vino?post=6399"},{"taxonomy":"variedades","embeddable":true,"href":"https:\/\/www.viorigen.com\/ca\/wp-json\/wp\/v2\/variedades?post=6399"},{"taxonomy":"clase_de_vino","embeddable":true,"href":"https:\/\/www.viorigen.com\/ca\/wp-json\/wp\/v2\/clase_de_vino?post=6399"},{"taxonomy":"denominacion","embeddable":true,"href":"https:\/\/www.viorigen.com\/ca\/wp-json\/wp\/v2\/denominacion?post=6399"},{"taxonomy":"otros","embeddable":true,"href":"https:\/\/www.viorigen.com\/ca\/wp-json\/wp\/v2\/otros?post=6399"},{"taxonomy":"clasificacio_enoturisme","embeddable":true,"href":"https:\/\/www.viorigen.com\/ca\/wp-json\/wp\/v2\/clasificacio_enoturisme?post=6399"}],"curies":[{"name":"wp","href":"https:\/\/api.w.org\/{rel}","templated":true}]}}