{"id":6581,"date":"2020-05-22T07:29:54","date_gmt":"2020-05-22T07:29:54","guid":{"rendered":"https:\/\/www.viorigen.com\/producto\/de-nit-del-menescal\/"},"modified":"2020-05-22T10:21:37","modified_gmt":"2020-05-22T10:21:37","slug":"de-nit-del-menescal","status":"publish","type":"product","link":"https:\/\/www.viorigen.com\/ca\/producto\/de-nit-del-menescal\/","title":{"rendered":"De Nit del Menescal"},"content":{"rendered":"<p>De Nit del Menescal \u00e9s un vi de Garnatxa Blanca, fermentat i envellit en b\u00f3ta de roure d&#8217;Ac\u00e0cia. Celler Cal Menescal de Bot, DO Terra Alta.<\/p>\n","protected":false},"excerpt":{"rendered":"<p>De Nit del Menescal \u00e9s un vi de Garnatxa Blanca, fermentat i envellit en b\u00f3ta de roure d&#8217;Ac\u00e0cia. Celler Cal Menescal de Bot, DO Terra Alta.<\/p>\n","protected":false},"featured_media":0,"template":"","meta":{"_acf_changed":false},"product_cat":[179],"product_tag":[],"bodega":[230],"tipo_de_vino":[183],"variedades":[187],"clase_de_vino":[196],"denominacion":[198],"otros":[],"clasificacio_enoturisme":[],"class_list":{"0":"post-6581","1":"product","2":"type-product","3":"status-publish","5":"product_cat-vi","6":"bodega-celler-cal-menescal-ca","7":"tipo_de_vino-crianca","8":"variedades-garnatxa-blanca","9":"clase_de_vino-blanc","10":"denominacion-terra-alta-ca","12":"first","13":"instock","14":"shipping-taxable","15":"purchasable","16":"product-type-simple"},"acf":[],"yoast_head":"<!-- This site is optimized with the Yoast SEO plugin v23.9 - https:\/\/yoast.com\/wordpress\/plugins\/seo\/ -->\n<title>De Nit del Menescal - ViOrigen - Comprar vins DO Terra Alta<\/title>\n<meta name=\"description\" content=\"De Nit del Menescal \u00e9s un vi de Garnatxa Blanca, fermentat i envellit en b\u00f3ta de roure d&#039;Ac\u00e0cia. Celler Cal Menescal de Bot, DO Terra Alta.\" \/>\n<meta name=\"robots\" content=\"index, follow, max-snippet:-1, max-image-preview:large, max-video-preview:-1\" \/>\n<link rel=\"canonical\" href=\"https:\/\/www.viorigen.com\/producto\/de-nit-del-menescal\/\" \/>\n<meta property=\"og:locale\" content=\"ca_ES\" \/>\n<meta property=\"og:type\" content=\"article\" \/>\n<meta property=\"og:title\" content=\"De Nit del Menescal - ViOrigen - Comprar vins DO Terra Alta\" \/>\n<meta property=\"og:description\" content=\"De Nit del Menescal \u00e9s un vi de Garnatxa Blanca, fermentat i envellit en b\u00f3ta de roure d&#039;Ac\u00e0cia. Celler Cal Menescal de Bot, DO Terra Alta.\" \/>\n<meta property=\"og:url\" content=\"https:\/\/www.viorigen.com\/producto\/de-nit-del-menescal\/\" \/>\n<meta property=\"og:site_name\" content=\"ViOrigen\" \/>\n<meta property=\"article:publisher\" content=\"https:\/\/www.facebook.com\/viorigen\" \/>\n<meta property=\"article:modified_time\" content=\"2020-05-22T10:21:37+00:00\" \/>\n<meta name=\"twitter:card\" content=\"summary_large_image\" \/>\n<meta name=\"twitter:site\" content=\"@viorigen\" \/>\n<script type=\"application\/ld+json\" class=\"yoast-schema-graph\">{\"@context\":\"https:\/\/schema.org\",\"@graph\":[{\"@type\":\"WebPage\",\"@id\":\"https:\/\/www.viorigen.com\/producto\/de-nit-del-menescal\/\",\"url\":\"https:\/\/www.viorigen.com\/producto\/de-nit-del-menescal\/\",\"name\":\"De Nit del Menescal - ViOrigen - Comprar vins DO Terra Alta\",\"isPartOf\":{\"@id\":\"https:\/\/www.viorigen.com\/#website\"},\"datePublished\":\"2020-05-22T07:29:54+00:00\",\"dateModified\":\"2020-05-22T10:21:37+00:00\",\"description\":\"De Nit del Menescal \u00e9s un vi de Garnatxa Blanca, fermentat i envellit en b\u00f3ta de roure d'Ac\u00e0cia. Celler Cal Menescal de Bot, DO Terra Alta.\",\"breadcrumb\":{\"@id\":\"https:\/\/www.viorigen.com\/producto\/de-nit-del-menescal\/#breadcrumb\"},\"inLanguage\":\"ca\",\"potentialAction\":[{\"@type\":\"ReadAction\",\"target\":[\"https:\/\/www.viorigen.com\/producto\/de-nit-del-menescal\/\"]}]},{\"@type\":\"BreadcrumbList\",\"@id\":\"https:\/\/www.viorigen.com\/producto\/de-nit-del-menescal\/#breadcrumb\",\"itemListElement\":[{\"@type\":\"ListItem\",\"position\":1,\"name\":\"Portada\",\"item\":\"https:\/\/www.viorigen.com\/ca\/\"},{\"@type\":\"ListItem\",\"position\":2,\"name\":\"Botiga\",\"item\":\"https:\/\/www.viorigen.com\/botiga\/\"},{\"@type\":\"ListItem\",\"position\":3,\"name\":\"De Nit del Menescal\"}]},{\"@type\":\"WebSite\",\"@id\":\"https:\/\/www.viorigen.com\/#website\",\"url\":\"https:\/\/www.viorigen.com\/\",\"name\":\"ViOrigen\",\"description\":\"ViOrigen \u00e9s un projecte vinculat al sector vitivin\u00edcola de la Terra Alta que emprenem tres amics apassionats del vi i l\u2019entorn de la comarca.\",\"potentialAction\":[{\"@type\":\"SearchAction\",\"target\":{\"@type\":\"EntryPoint\",\"urlTemplate\":\"https:\/\/www.viorigen.com\/?s={search_term_string}\"},\"query-input\":{\"@type\":\"PropertyValueSpecification\",\"valueRequired\":true,\"valueName\":\"search_term_string\"}}],\"inLanguage\":\"ca\"}]}<\/script>\n<!-- \/ Yoast SEO plugin. -->","yoast_head_json":{"title":"De Nit del Menescal - ViOrigen - Comprar vins DO Terra Alta","description":"De Nit del Menescal \u00e9s un vi de Garnatxa Blanca, fermentat i envellit en b\u00f3ta de roure d'Ac\u00e0cia. Celler Cal Menescal de Bot, DO Terra Alta.","robots":{"index":"index","follow":"follow","max-snippet":"max-snippet:-1","max-image-preview":"max-image-preview:large","max-video-preview":"max-video-preview:-1"},"canonical":"https:\/\/www.viorigen.com\/producto\/de-nit-del-menescal\/","og_locale":"ca_ES","og_type":"article","og_title":"De Nit del Menescal - ViOrigen - Comprar vins DO Terra Alta","og_description":"De Nit del Menescal \u00e9s un vi de Garnatxa Blanca, fermentat i envellit en b\u00f3ta de roure d'Ac\u00e0cia. Celler Cal Menescal de Bot, DO Terra Alta.","og_url":"https:\/\/www.viorigen.com\/producto\/de-nit-del-menescal\/","og_site_name":"ViOrigen","article_publisher":"https:\/\/www.facebook.com\/viorigen","article_modified_time":"2020-05-22T10:21:37+00:00","twitter_card":"summary_large_image","twitter_site":"@viorigen","schema":{"@context":"https:\/\/schema.org","@graph":[{"@type":"WebPage","@id":"https:\/\/www.viorigen.com\/producto\/de-nit-del-menescal\/","url":"https:\/\/www.viorigen.com\/producto\/de-nit-del-menescal\/","name":"De Nit del Menescal - ViOrigen - Comprar vins DO Terra Alta","isPartOf":{"@id":"https:\/\/www.viorigen.com\/#website"},"datePublished":"2020-05-22T07:29:54+00:00","dateModified":"2020-05-22T10:21:37+00:00","description":"De Nit del Menescal \u00e9s un vi de Garnatxa Blanca, fermentat i envellit en b\u00f3ta de roure d'Ac\u00e0cia. Celler Cal Menescal de Bot, DO Terra Alta.","breadcrumb":{"@id":"https:\/\/www.viorigen.com\/producto\/de-nit-del-menescal\/#breadcrumb"},"inLanguage":"ca","potentialAction":[{"@type":"ReadAction","target":["https:\/\/www.viorigen.com\/producto\/de-nit-del-menescal\/"]}]},{"@type":"BreadcrumbList","@id":"https:\/\/www.viorigen.com\/producto\/de-nit-del-menescal\/#breadcrumb","itemListElement":[{"@type":"ListItem","position":1,"name":"Portada","item":"https:\/\/www.viorigen.com\/ca\/"},{"@type":"ListItem","position":2,"name":"Botiga","item":"https:\/\/www.viorigen.com\/botiga\/"},{"@type":"ListItem","position":3,"name":"De Nit del Menescal"}]},{"@type":"WebSite","@id":"https:\/\/www.viorigen.com\/#website","url":"https:\/\/www.viorigen.com\/","name":"ViOrigen","description":"ViOrigen \u00e9s un projecte vinculat al sector vitivin\u00edcola de la Terra Alta que emprenem tres amics apassionats del vi i l\u2019entorn de la comarca.","potentialAction":[{"@type":"SearchAction","target":{"@type":"EntryPoint","urlTemplate":"https:\/\/www.viorigen.com\/?s={search_term_string}"},"query-input":{"@type":"PropertyValueSpecification","valueRequired":true,"valueName":"search_term_string"}}],"inLanguage":"ca"}]}},"_links":{"self":[{"href":"https:\/\/www.viorigen.com\/ca\/wp-json\/wp\/v2\/product\/6581","targetHints":{"allow":["GET"]}}],"collection":[{"href":"https:\/\/www.viorigen.com\/ca\/wp-json\/wp\/v2\/product"}],"about":[{"href":"https:\/\/www.viorigen.com\/ca\/wp-json\/wp\/v2\/types\/product"}],"wp:attachment":[{"href":"https:\/\/www.viorigen.com\/ca\/wp-json\/wp\/v2\/media?parent=6581"}],"wp:term":[{"taxonomy":"product_cat","embeddable":true,"href":"https:\/\/www.viorigen.com\/ca\/wp-json\/wp\/v2\/product_cat?post=6581"},{"taxonomy":"product_tag","embeddable":true,"href":"https:\/\/www.viorigen.com\/ca\/wp-json\/wp\/v2\/product_tag?post=6581"},{"taxonomy":"bodega","embeddable":true,"href":"https:\/\/www.viorigen.com\/ca\/wp-json\/wp\/v2\/bodega?post=6581"},{"taxonomy":"tipo_de_vino","embeddable":true,"href":"https:\/\/www.viorigen.com\/ca\/wp-json\/wp\/v2\/tipo_de_vino?post=6581"},{"taxonomy":"variedades","embeddable":true,"href":"https:\/\/www.viorigen.com\/ca\/wp-json\/wp\/v2\/variedades?post=6581"},{"taxonomy":"clase_de_vino","embeddable":true,"href":"https:\/\/www.viorigen.com\/ca\/wp-json\/wp\/v2\/clase_de_vino?post=6581"},{"taxonomy":"denominacion","embeddable":true,"href":"https:\/\/www.viorigen.com\/ca\/wp-json\/wp\/v2\/denominacion?post=6581"},{"taxonomy":"otros","embeddable":true,"href":"https:\/\/www.viorigen.com\/ca\/wp-json\/wp\/v2\/otros?post=6581"},{"taxonomy":"clasificacio_enoturisme","embeddable":true,"href":"https:\/\/www.viorigen.com\/ca\/wp-json\/wp\/v2\/clasificacio_enoturisme?post=6581"}],"curies":[{"name":"wp","href":"https:\/\/api.w.org\/{rel}","templated":true}]}}