{"id":6898,"date":"2020-07-13T09:13:21","date_gmt":"2020-07-13T09:13:21","guid":{"rendered":"https:\/\/www.viorigen.com\/producto\/sang-de-vampir\/"},"modified":"2020-07-13T10:46:18","modified_gmt":"2020-07-13T10:46:18","slug":"sang-de-vampir","status":"publish","type":"product","link":"https:\/\/www.viorigen.com\/ca\/producto\/sang-de-vampir\/","title":{"rendered":"Sang de Vampir"},"content":{"rendered":"<p>Amb motiu de l\u2019Any Joan Perucho, l\u2019Ajuntament de Gandesa en col\u00b7laboraci\u00f3 amb l\u2019Escola Agr\u00e0ria de Gandesa han creat Sang de Vampir per commemorar-lo. L\u2019etiqueta reflecteix l\u2019estil art\u00edstic que l\u2019escriptor escollia per a les portades dels seus llibres, molt influenciades pels corrents art\u00edstics dels anys seixanta.<\/p>\n<p>Utilitzant la t\u00e8cnica del collage, l\u2019etiqueta mostra algunes de les coses m\u00e9s rellevants de la vida de Perucho: els vampirs i la ci\u00e8ncia-ficci\u00f3 de la seua literatura, el Pop Art dels anys 60 i Gandesa, on va viure i es va inspirar per al seu llibre m\u00e9s conegut: Les Hist\u00f2ries Naturals.<\/p>\n","protected":false},"excerpt":{"rendered":"<p>Amb motiu de l\u2019Any Joan Perucho, l\u2019Ajuntament de Gandesa en col\u00b7laboraci\u00f3 amb l\u2019Escola Agr\u00e0ria de Gandesa han creat Sang de Vampir per commemorar-lo. L\u2019etiqueta reflecteix l\u2019estil<span class=\"excerpt-hellip\"> [\u2026]<\/span><\/p>\n","protected":false},"featured_media":6896,"template":"","meta":{"_acf_changed":false},"product_cat":[179],"product_tag":[],"bodega":[],"tipo_de_vino":[185],"variedades":[530],"clase_de_vino":[197],"denominacion":[198],"otros":[],"clasificacio_enoturisme":[],"class_list":{"0":"post-6898","1":"product","2":"type-product","3":"status-publish","4":"has-post-thumbnail","6":"product_cat-vi","7":"tipo_de_vino-jove-amb-crianca","8":"variedades-garnatxa-negra-ca","9":"clase_de_vino-negre","10":"denominacion-terra-alta-ca","12":"first","13":"outofstock","14":"shipping-taxable","15":"purchasable","16":"product-type-simple"},"acf":[],"yoast_head":"<!-- This site is optimized with the Yoast SEO plugin v23.9 - https:\/\/yoast.com\/wordpress\/plugins\/seo\/ -->\n<title>Sang de Vampir - ViOrigen - Comprar vi de la DO Terra Alta<\/title>\n<meta name=\"description\" content=\"Commemoraci\u00f3 de l&#039;any Perucho. Col\u00b7laboraci\u00f3 estreta entre l&#039;Ajuntament de Gandesa i l&#039;Escola Agr\u00e0ria de Gandesa per treure a la llum Sang de vampir.\" \/>\n<meta name=\"robots\" content=\"index, follow, max-snippet:-1, max-image-preview:large, max-video-preview:-1\" \/>\n<link rel=\"canonical\" href=\"https:\/\/www.viorigen.com\/producto\/sangre-de-vampiro\/\" \/>\n<meta property=\"og:locale\" content=\"ca_ES\" \/>\n<meta property=\"og:type\" content=\"article\" \/>\n<meta property=\"og:title\" content=\"Sang de Vampir - ViOrigen - Comprar vi de la DO Terra Alta\" \/>\n<meta property=\"og:description\" content=\"Commemoraci\u00f3 de l&#039;any Perucho. Col\u00b7laboraci\u00f3 estreta entre l&#039;Ajuntament de Gandesa i l&#039;Escola Agr\u00e0ria de Gandesa per treure a la llum Sang de vampir.\" \/>\n<meta property=\"og:url\" content=\"https:\/\/www.viorigen.com\/producto\/sangre-de-vampiro\/\" \/>\n<meta property=\"og:site_name\" content=\"ViOrigen\" \/>\n<meta property=\"article:publisher\" content=\"https:\/\/www.facebook.com\/viorigen\" \/>\n<meta property=\"article:modified_time\" content=\"2020-07-13T10:46:18+00:00\" \/>\n<meta property=\"og:image\" content=\"https:\/\/www.viorigen.com\/wp-content\/uploads\/2020\/07\/sang-de-vampir.png\" \/>\n\t<meta property=\"og:image:width\" content=\"700\" \/>\n\t<meta property=\"og:image:height\" content=\"870\" \/>\n\t<meta property=\"og:image:type\" content=\"image\/png\" \/>\n<meta name=\"twitter:card\" content=\"summary_large_image\" \/>\n<meta name=\"twitter:site\" content=\"@viorigen\" \/>\n<meta name=\"twitter:label1\" content=\"Temps estimat de lectura\" \/>\n\t<meta name=\"twitter:data1\" content=\"1 minut\" \/>\n<script type=\"application\/ld+json\" class=\"yoast-schema-graph\">{\"@context\":\"https:\/\/schema.org\",\"@graph\":[{\"@type\":\"WebPage\",\"@id\":\"https:\/\/www.viorigen.com\/producto\/sangre-de-vampiro\/\",\"url\":\"https:\/\/www.viorigen.com\/producto\/sangre-de-vampiro\/\",\"name\":\"Sang de Vampir - ViOrigen - Comprar vi de la DO Terra Alta\",\"isPartOf\":{\"@id\":\"https:\/\/www.viorigen.com\/#website\"},\"primaryImageOfPage\":{\"@id\":\"https:\/\/www.viorigen.com\/producto\/sangre-de-vampiro\/#primaryimage\"},\"image\":{\"@id\":\"https:\/\/www.viorigen.com\/producto\/sangre-de-vampiro\/#primaryimage\"},\"thumbnailUrl\":\"https:\/\/www.viorigen.com\/wp-content\/uploads\/2020\/07\/sang-de-vampir.png\",\"datePublished\":\"2020-07-13T09:13:21+00:00\",\"dateModified\":\"2020-07-13T10:46:18+00:00\",\"description\":\"Commemoraci\u00f3 de l'any Perucho. Col\u00b7laboraci\u00f3 estreta entre l'Ajuntament de Gandesa i l'Escola Agr\u00e0ria de Gandesa per treure a la llum Sang de vampir.\",\"breadcrumb\":{\"@id\":\"https:\/\/www.viorigen.com\/producto\/sangre-de-vampiro\/#breadcrumb\"},\"inLanguage\":\"ca\",\"potentialAction\":[{\"@type\":\"ReadAction\",\"target\":[\"https:\/\/www.viorigen.com\/producto\/sangre-de-vampiro\/\"]}]},{\"@type\":\"ImageObject\",\"inLanguage\":\"ca\",\"@id\":\"https:\/\/www.viorigen.com\/producto\/sangre-de-vampiro\/#primaryimage\",\"url\":\"https:\/\/www.viorigen.com\/wp-content\/uploads\/2020\/07\/sang-de-vampir.png\",\"contentUrl\":\"https:\/\/www.viorigen.com\/wp-content\/uploads\/2020\/07\/sang-de-vampir.png\",\"width\":700,\"height\":870,\"caption\":\"Sang de Vampir - Any Perucho\"},{\"@type\":\"BreadcrumbList\",\"@id\":\"https:\/\/www.viorigen.com\/producto\/sangre-de-vampiro\/#breadcrumb\",\"itemListElement\":[{\"@type\":\"ListItem\",\"position\":1,\"name\":\"Portada\",\"item\":\"https:\/\/www.viorigen.com\/ca\/\"},{\"@type\":\"ListItem\",\"position\":2,\"name\":\"Botiga\",\"item\":\"https:\/\/www.viorigen.com\/botiga\/\"},{\"@type\":\"ListItem\",\"position\":3,\"name\":\"Sang de Vampir\"}]},{\"@type\":\"WebSite\",\"@id\":\"https:\/\/www.viorigen.com\/#website\",\"url\":\"https:\/\/www.viorigen.com\/\",\"name\":\"ViOrigen\",\"description\":\"ViOrigen \u00e9s un projecte vinculat al sector vitivin\u00edcola de la Terra Alta que emprenem tres amics apassionats del vi i l\u2019entorn de la comarca.\",\"potentialAction\":[{\"@type\":\"SearchAction\",\"target\":{\"@type\":\"EntryPoint\",\"urlTemplate\":\"https:\/\/www.viorigen.com\/?s={search_term_string}\"},\"query-input\":{\"@type\":\"PropertyValueSpecification\",\"valueRequired\":true,\"valueName\":\"search_term_string\"}}],\"inLanguage\":\"ca\"}]}<\/script>\n<!-- \/ Yoast SEO plugin. -->","yoast_head_json":{"title":"Sang de Vampir - ViOrigen - Comprar vi de la DO Terra Alta","description":"Commemoraci\u00f3 de l'any Perucho. Col\u00b7laboraci\u00f3 estreta entre l'Ajuntament de Gandesa i l'Escola Agr\u00e0ria de Gandesa per treure a la llum Sang de vampir.","robots":{"index":"index","follow":"follow","max-snippet":"max-snippet:-1","max-image-preview":"max-image-preview:large","max-video-preview":"max-video-preview:-1"},"canonical":"https:\/\/www.viorigen.com\/producto\/sangre-de-vampiro\/","og_locale":"ca_ES","og_type":"article","og_title":"Sang de Vampir - ViOrigen - Comprar vi de la DO Terra Alta","og_description":"Commemoraci\u00f3 de l'any Perucho. Col\u00b7laboraci\u00f3 estreta entre l'Ajuntament de Gandesa i l'Escola Agr\u00e0ria de Gandesa per treure a la llum Sang de vampir.","og_url":"https:\/\/www.viorigen.com\/producto\/sangre-de-vampiro\/","og_site_name":"ViOrigen","article_publisher":"https:\/\/www.facebook.com\/viorigen","article_modified_time":"2020-07-13T10:46:18+00:00","og_image":[{"width":700,"height":870,"url":"https:\/\/www.viorigen.com\/wp-content\/uploads\/2020\/07\/sang-de-vampir.png","type":"image\/png"}],"twitter_card":"summary_large_image","twitter_site":"@viorigen","twitter_misc":{"Temps estimat de lectura":"1 minut"},"schema":{"@context":"https:\/\/schema.org","@graph":[{"@type":"WebPage","@id":"https:\/\/www.viorigen.com\/producto\/sangre-de-vampiro\/","url":"https:\/\/www.viorigen.com\/producto\/sangre-de-vampiro\/","name":"Sang de Vampir - ViOrigen - Comprar vi de la DO Terra Alta","isPartOf":{"@id":"https:\/\/www.viorigen.com\/#website"},"primaryImageOfPage":{"@id":"https:\/\/www.viorigen.com\/producto\/sangre-de-vampiro\/#primaryimage"},"image":{"@id":"https:\/\/www.viorigen.com\/producto\/sangre-de-vampiro\/#primaryimage"},"thumbnailUrl":"https:\/\/www.viorigen.com\/wp-content\/uploads\/2020\/07\/sang-de-vampir.png","datePublished":"2020-07-13T09:13:21+00:00","dateModified":"2020-07-13T10:46:18+00:00","description":"Commemoraci\u00f3 de l'any Perucho. Col\u00b7laboraci\u00f3 estreta entre l'Ajuntament de Gandesa i l'Escola Agr\u00e0ria de Gandesa per treure a la llum Sang de vampir.","breadcrumb":{"@id":"https:\/\/www.viorigen.com\/producto\/sangre-de-vampiro\/#breadcrumb"},"inLanguage":"ca","potentialAction":[{"@type":"ReadAction","target":["https:\/\/www.viorigen.com\/producto\/sangre-de-vampiro\/"]}]},{"@type":"ImageObject","inLanguage":"ca","@id":"https:\/\/www.viorigen.com\/producto\/sangre-de-vampiro\/#primaryimage","url":"https:\/\/www.viorigen.com\/wp-content\/uploads\/2020\/07\/sang-de-vampir.png","contentUrl":"https:\/\/www.viorigen.com\/wp-content\/uploads\/2020\/07\/sang-de-vampir.png","width":700,"height":870,"caption":"Sang de Vampir - Any Perucho"},{"@type":"BreadcrumbList","@id":"https:\/\/www.viorigen.com\/producto\/sangre-de-vampiro\/#breadcrumb","itemListElement":[{"@type":"ListItem","position":1,"name":"Portada","item":"https:\/\/www.viorigen.com\/ca\/"},{"@type":"ListItem","position":2,"name":"Botiga","item":"https:\/\/www.viorigen.com\/botiga\/"},{"@type":"ListItem","position":3,"name":"Sang de Vampir"}]},{"@type":"WebSite","@id":"https:\/\/www.viorigen.com\/#website","url":"https:\/\/www.viorigen.com\/","name":"ViOrigen","description":"ViOrigen \u00e9s un projecte vinculat al sector vitivin\u00edcola de la Terra Alta que emprenem tres amics apassionats del vi i l\u2019entorn de la comarca.","potentialAction":[{"@type":"SearchAction","target":{"@type":"EntryPoint","urlTemplate":"https:\/\/www.viorigen.com\/?s={search_term_string}"},"query-input":{"@type":"PropertyValueSpecification","valueRequired":true,"valueName":"search_term_string"}}],"inLanguage":"ca"}]}},"_links":{"self":[{"href":"https:\/\/www.viorigen.com\/ca\/wp-json\/wp\/v2\/product\/6898","targetHints":{"allow":["GET"]}}],"collection":[{"href":"https:\/\/www.viorigen.com\/ca\/wp-json\/wp\/v2\/product"}],"about":[{"href":"https:\/\/www.viorigen.com\/ca\/wp-json\/wp\/v2\/types\/product"}],"wp:featuredmedia":[{"embeddable":true,"href":"https:\/\/www.viorigen.com\/ca\/wp-json\/wp\/v2\/media\/6896"}],"wp:attachment":[{"href":"https:\/\/www.viorigen.com\/ca\/wp-json\/wp\/v2\/media?parent=6898"}],"wp:term":[{"taxonomy":"product_cat","embeddable":true,"href":"https:\/\/www.viorigen.com\/ca\/wp-json\/wp\/v2\/product_cat?post=6898"},{"taxonomy":"product_tag","embeddable":true,"href":"https:\/\/www.viorigen.com\/ca\/wp-json\/wp\/v2\/product_tag?post=6898"},{"taxonomy":"bodega","embeddable":true,"href":"https:\/\/www.viorigen.com\/ca\/wp-json\/wp\/v2\/bodega?post=6898"},{"taxonomy":"tipo_de_vino","embeddable":true,"href":"https:\/\/www.viorigen.com\/ca\/wp-json\/wp\/v2\/tipo_de_vino?post=6898"},{"taxonomy":"variedades","embeddable":true,"href":"https:\/\/www.viorigen.com\/ca\/wp-json\/wp\/v2\/variedades?post=6898"},{"taxonomy":"clase_de_vino","embeddable":true,"href":"https:\/\/www.viorigen.com\/ca\/wp-json\/wp\/v2\/clase_de_vino?post=6898"},{"taxonomy":"denominacion","embeddable":true,"href":"https:\/\/www.viorigen.com\/ca\/wp-json\/wp\/v2\/denominacion?post=6898"},{"taxonomy":"otros","embeddable":true,"href":"https:\/\/www.viorigen.com\/ca\/wp-json\/wp\/v2\/otros?post=6898"},{"taxonomy":"clasificacio_enoturisme","embeddable":true,"href":"https:\/\/www.viorigen.com\/ca\/wp-json\/wp\/v2\/clasificacio_enoturisme?post=6898"}],"curies":[{"name":"wp","href":"https:\/\/api.w.org\/{rel}","templated":true}]}}