{"id":8215,"date":"2023-03-26T16:58:09","date_gmt":"2023-03-26T16:58:10","guid":{"rendered":"https:\/\/www.viorigen.com\/?post_type=product&#038;p=8215"},"modified":"2023-03-26T17:18:29","modified_gmt":"2023-03-26T17:18:29","slug":"amb-pells","status":"publish","type":"product","link":"https:\/\/www.viorigen.com\/ca\/producto\/amb-pells\/","title":{"rendered":"Amb Pells"},"content":{"rendered":"<p>Vi brisat, vi &#8220;taronja&#8221;. Fermentat amb llevats naturals sobre les pells en un dip\u00f2sit c\u00f2nic de formig\u00f3. En contacte amb les pells durant 50 dies. Crian\u00e7a en un gran foudre de roure de 1500L durant sis mesos. Embotellat sense filtraci\u00f3.<\/p>\n","protected":false},"excerpt":{"rendered":"<p>Vi brisat, vi &#8220;taronja&#8221;. Fermentat amb llevats naturals sobre les pells en un dip\u00f2sit c\u00f2nic de formig\u00f3. En contacte amb les pells durant 50 dies. Crian\u00e7a<span class=\"excerpt-hellip\"> [\u2026]<\/span><\/p>\n","protected":false},"featured_media":8218,"template":"","meta":{"_acf_changed":false},"product_cat":[179],"product_tag":[],"bodega":[227],"tipo_de_vino":[185],"variedades":[187],"clase_de_vino":[196],"denominacion":[198],"otros":[],"clasificacio_enoturisme":[],"class_list":{"0":"post-8215","1":"product","2":"type-product","3":"status-publish","4":"has-post-thumbnail","6":"product_cat-vi","7":"bodega-celler-alimara-ca","8":"tipo_de_vino-jove-amb-crianca","9":"variedades-garnatxa-blanca","10":"clase_de_vino-blanc","11":"denominacion-terra-alta-ca","13":"first","14":"instock","15":"shipping-taxable","16":"purchasable","17":"product-type-simple"},"acf":[],"yoast_head":"<!-- This site is optimized with the Yoast SEO plugin v23.9 - https:\/\/yoast.com\/wordpress\/plugins\/seo\/ -->\n<title>Amb Pells - ViOrigen<\/title>\n<meta name=\"robots\" content=\"index, follow, max-snippet:-1, max-image-preview:large, max-video-preview:-1\" \/>\n<link rel=\"canonical\" href=\"https:\/\/www.viorigen.com\/producto\/amb-pells\/\" \/>\n<meta property=\"og:locale\" content=\"ca_ES\" \/>\n<meta property=\"og:type\" content=\"article\" \/>\n<meta property=\"og:title\" content=\"Amb Pells - ViOrigen\" \/>\n<meta property=\"og:description\" content=\"Vi brisat, vi &#8220;taronja&#8221;. Fermentat amb llevats naturals sobre les pells en un dip\u00f2sit c\u00f2nic de formig\u00f3. En contacte amb les pells durant 50 dies. Crian\u00e7a [\u2026]\" \/>\n<meta property=\"og:url\" content=\"https:\/\/www.viorigen.com\/producto\/amb-pells\/\" \/>\n<meta property=\"og:site_name\" content=\"ViOrigen\" \/>\n<meta property=\"article:publisher\" content=\"https:\/\/www.facebook.com\/viorigen\" \/>\n<meta property=\"article:modified_time\" content=\"2023-03-26T17:18:29+00:00\" \/>\n<meta property=\"og:image\" content=\"https:\/\/www.viorigen.com\/wp-content\/uploads\/2023\/03\/Amb-pells-700x870-png.png\" \/>\n\t<meta property=\"og:image:width\" content=\"700\" \/>\n\t<meta property=\"og:image:height\" content=\"870\" \/>\n\t<meta property=\"og:image:type\" content=\"image\/png\" \/>\n<meta name=\"twitter:card\" content=\"summary_large_image\" \/>\n<meta name=\"twitter:site\" content=\"@viorigen\" \/>\n<script type=\"application\/ld+json\" class=\"yoast-schema-graph\">{\"@context\":\"https:\/\/schema.org\",\"@graph\":[{\"@type\":\"WebPage\",\"@id\":\"https:\/\/www.viorigen.com\/producto\/amb-pells\/\",\"url\":\"https:\/\/www.viorigen.com\/producto\/amb-pells\/\",\"name\":\"Amb Pells - ViOrigen\",\"isPartOf\":{\"@id\":\"https:\/\/www.viorigen.com\/#website\"},\"primaryImageOfPage\":{\"@id\":\"https:\/\/www.viorigen.com\/producto\/amb-pells\/#primaryimage\"},\"image\":{\"@id\":\"https:\/\/www.viorigen.com\/producto\/amb-pells\/#primaryimage\"},\"thumbnailUrl\":\"https:\/\/www.viorigen.com\/wp-content\/uploads\/2023\/03\/Amb-pells-700x870-png.png\",\"datePublished\":\"2023-03-26T16:58:10+00:00\",\"dateModified\":\"2023-03-26T17:18:29+00:00\",\"breadcrumb\":{\"@id\":\"https:\/\/www.viorigen.com\/producto\/amb-pells\/#breadcrumb\"},\"inLanguage\":\"ca\",\"potentialAction\":[{\"@type\":\"ReadAction\",\"target\":[\"https:\/\/www.viorigen.com\/producto\/amb-pells\/\"]}]},{\"@type\":\"ImageObject\",\"inLanguage\":\"ca\",\"@id\":\"https:\/\/www.viorigen.com\/producto\/amb-pells\/#primaryimage\",\"url\":\"https:\/\/www.viorigen.com\/wp-content\/uploads\/2023\/03\/Amb-pells-700x870-png.png\",\"contentUrl\":\"https:\/\/www.viorigen.com\/wp-content\/uploads\/2023\/03\/Amb-pells-700x870-png.png\",\"width\":700,\"height\":870},{\"@type\":\"BreadcrumbList\",\"@id\":\"https:\/\/www.viorigen.com\/producto\/amb-pells\/#breadcrumb\",\"itemListElement\":[{\"@type\":\"ListItem\",\"position\":1,\"name\":\"Portada\",\"item\":\"https:\/\/www.viorigen.com\/ca\/\"},{\"@type\":\"ListItem\",\"position\":2,\"name\":\"Botiga\",\"item\":\"https:\/\/www.viorigen.com\/botiga\/\"},{\"@type\":\"ListItem\",\"position\":3,\"name\":\"Amb Pells\"}]},{\"@type\":\"WebSite\",\"@id\":\"https:\/\/www.viorigen.com\/#website\",\"url\":\"https:\/\/www.viorigen.com\/\",\"name\":\"ViOrigen\",\"description\":\"ViOrigen \u00e9s un projecte vinculat al sector vitivin\u00edcola de la Terra Alta que emprenem tres amics apassionats del vi i l\u2019entorn de la comarca.\",\"potentialAction\":[{\"@type\":\"SearchAction\",\"target\":{\"@type\":\"EntryPoint\",\"urlTemplate\":\"https:\/\/www.viorigen.com\/?s={search_term_string}\"},\"query-input\":{\"@type\":\"PropertyValueSpecification\",\"valueRequired\":true,\"valueName\":\"search_term_string\"}}],\"inLanguage\":\"ca\"}]}<\/script>\n<!-- \/ Yoast SEO plugin. -->","yoast_head_json":{"title":"Amb Pells - ViOrigen","robots":{"index":"index","follow":"follow","max-snippet":"max-snippet:-1","max-image-preview":"max-image-preview:large","max-video-preview":"max-video-preview:-1"},"canonical":"https:\/\/www.viorigen.com\/producto\/amb-pells\/","og_locale":"ca_ES","og_type":"article","og_title":"Amb Pells - ViOrigen","og_description":"Vi brisat, vi &#8220;taronja&#8221;. Fermentat amb llevats naturals sobre les pells en un dip\u00f2sit c\u00f2nic de formig\u00f3. En contacte amb les pells durant 50 dies. Crian\u00e7a [\u2026]","og_url":"https:\/\/www.viorigen.com\/producto\/amb-pells\/","og_site_name":"ViOrigen","article_publisher":"https:\/\/www.facebook.com\/viorigen","article_modified_time":"2023-03-26T17:18:29+00:00","og_image":[{"width":700,"height":870,"url":"https:\/\/www.viorigen.com\/wp-content\/uploads\/2023\/03\/Amb-pells-700x870-png.png","type":"image\/png"}],"twitter_card":"summary_large_image","twitter_site":"@viorigen","schema":{"@context":"https:\/\/schema.org","@graph":[{"@type":"WebPage","@id":"https:\/\/www.viorigen.com\/producto\/amb-pells\/","url":"https:\/\/www.viorigen.com\/producto\/amb-pells\/","name":"Amb Pells - ViOrigen","isPartOf":{"@id":"https:\/\/www.viorigen.com\/#website"},"primaryImageOfPage":{"@id":"https:\/\/www.viorigen.com\/producto\/amb-pells\/#primaryimage"},"image":{"@id":"https:\/\/www.viorigen.com\/producto\/amb-pells\/#primaryimage"},"thumbnailUrl":"https:\/\/www.viorigen.com\/wp-content\/uploads\/2023\/03\/Amb-pells-700x870-png.png","datePublished":"2023-03-26T16:58:10+00:00","dateModified":"2023-03-26T17:18:29+00:00","breadcrumb":{"@id":"https:\/\/www.viorigen.com\/producto\/amb-pells\/#breadcrumb"},"inLanguage":"ca","potentialAction":[{"@type":"ReadAction","target":["https:\/\/www.viorigen.com\/producto\/amb-pells\/"]}]},{"@type":"ImageObject","inLanguage":"ca","@id":"https:\/\/www.viorigen.com\/producto\/amb-pells\/#primaryimage","url":"https:\/\/www.viorigen.com\/wp-content\/uploads\/2023\/03\/Amb-pells-700x870-png.png","contentUrl":"https:\/\/www.viorigen.com\/wp-content\/uploads\/2023\/03\/Amb-pells-700x870-png.png","width":700,"height":870},{"@type":"BreadcrumbList","@id":"https:\/\/www.viorigen.com\/producto\/amb-pells\/#breadcrumb","itemListElement":[{"@type":"ListItem","position":1,"name":"Portada","item":"https:\/\/www.viorigen.com\/ca\/"},{"@type":"ListItem","position":2,"name":"Botiga","item":"https:\/\/www.viorigen.com\/botiga\/"},{"@type":"ListItem","position":3,"name":"Amb Pells"}]},{"@type":"WebSite","@id":"https:\/\/www.viorigen.com\/#website","url":"https:\/\/www.viorigen.com\/","name":"ViOrigen","description":"ViOrigen \u00e9s un projecte vinculat al sector vitivin\u00edcola de la Terra Alta que emprenem tres amics apassionats del vi i l\u2019entorn de la comarca.","potentialAction":[{"@type":"SearchAction","target":{"@type":"EntryPoint","urlTemplate":"https:\/\/www.viorigen.com\/?s={search_term_string}"},"query-input":{"@type":"PropertyValueSpecification","valueRequired":true,"valueName":"search_term_string"}}],"inLanguage":"ca"}]}},"_links":{"self":[{"href":"https:\/\/www.viorigen.com\/ca\/wp-json\/wp\/v2\/product\/8215","targetHints":{"allow":["GET"]}}],"collection":[{"href":"https:\/\/www.viorigen.com\/ca\/wp-json\/wp\/v2\/product"}],"about":[{"href":"https:\/\/www.viorigen.com\/ca\/wp-json\/wp\/v2\/types\/product"}],"wp:featuredmedia":[{"embeddable":true,"href":"https:\/\/www.viorigen.com\/ca\/wp-json\/wp\/v2\/media\/8218"}],"wp:attachment":[{"href":"https:\/\/www.viorigen.com\/ca\/wp-json\/wp\/v2\/media?parent=8215"}],"wp:term":[{"taxonomy":"product_cat","embeddable":true,"href":"https:\/\/www.viorigen.com\/ca\/wp-json\/wp\/v2\/product_cat?post=8215"},{"taxonomy":"product_tag","embeddable":true,"href":"https:\/\/www.viorigen.com\/ca\/wp-json\/wp\/v2\/product_tag?post=8215"},{"taxonomy":"bodega","embeddable":true,"href":"https:\/\/www.viorigen.com\/ca\/wp-json\/wp\/v2\/bodega?post=8215"},{"taxonomy":"tipo_de_vino","embeddable":true,"href":"https:\/\/www.viorigen.com\/ca\/wp-json\/wp\/v2\/tipo_de_vino?post=8215"},{"taxonomy":"variedades","embeddable":true,"href":"https:\/\/www.viorigen.com\/ca\/wp-json\/wp\/v2\/variedades?post=8215"},{"taxonomy":"clase_de_vino","embeddable":true,"href":"https:\/\/www.viorigen.com\/ca\/wp-json\/wp\/v2\/clase_de_vino?post=8215"},{"taxonomy":"denominacion","embeddable":true,"href":"https:\/\/www.viorigen.com\/ca\/wp-json\/wp\/v2\/denominacion?post=8215"},{"taxonomy":"otros","embeddable":true,"href":"https:\/\/www.viorigen.com\/ca\/wp-json\/wp\/v2\/otros?post=8215"},{"taxonomy":"clasificacio_enoturisme","embeddable":true,"href":"https:\/\/www.viorigen.com\/ca\/wp-json\/wp\/v2\/clasificacio_enoturisme?post=8215"}],"curies":[{"name":"wp","href":"https:\/\/api.w.org\/{rel}","templated":true}]}}