{"id":2682,"date":"2019-03-14T11:38:53","date_gmt":"2019-03-14T11:38:53","guid":{"rendered":"http:\/\/www.viorigen.com\/producto\/herencia-altes-la-serra-blanc\/"},"modified":"2020-04-01T12:52:59","modified_gmt":"2020-04-01T12:52:59","slug":"herencia-altes-la-serra-blanc","status":"publish","type":"product","link":"https:\/\/www.viorigen.com\/en\/producto\/herencia-altes-la-serra-blanc\/","title":{"rendered":"Her\u00e8ncia Alt\u00e9s la Serra White"},"content":{"rendered":"<p>Decanter magazine has given the best score to la Serra White from Her\u00e8ncia Alt\u00e9s as the best White Grenache of Spain. Cooling during 24 hours between 3-5\u00baC. Fermentation between 13-15\u00baC in French oak barrels. Aging with their own lees during ten months.<\/p>\n","protected":false},"excerpt":{"rendered":"<p>Decanter magazine has given the best score to la Serra White from Her\u00e8ncia Alt\u00e9s as the best White Grenache of Spain. Cooling during 24 hours between<span class=\"excerpt-hellip\"> [\u2026]<\/span><\/p>\n","protected":false},"featured_media":2683,"template":"","meta":{"_acf_changed":false},"product_cat":[380],"product_tag":[],"bodega":[330],"tipo_de_vino":[364],"variedades":[388],"clase_de_vino":[376],"denominacion":[],"otros":[],"clasificacio_enoturisme":[],"class_list":{"0":"post-2682","1":"product","2":"type-product","3":"status-publish","4":"has-post-thumbnail","6":"product_cat-wine","7":"bodega-herencia-altes-en","8":"tipo_de_vino-aged-wines","9":"variedades-white-grenache","10":"clase_de_vino-white","12":"first","13":"instock","14":"shipping-taxable","15":"purchasable","16":"product-type-simple"},"acf":[],"yoast_head":"<!-- This site is optimized with the Yoast SEO plugin v23.9 - https:\/\/yoast.com\/wordpress\/plugins\/seo\/ -->\n<title>Her\u00e8ncia Alt\u00e9s la Serra White - ViOrigen - Comprar vino DO Terra Alta<\/title>\n<meta name=\"description\" content=\"Her\u00e8ncia Alt\u00e9s la Serra White has scored as the best White Grenache of Spain the British magazine Decanter. DO Terra Alta - Gandesa.\" \/>\n<meta name=\"robots\" content=\"index, follow, max-snippet:-1, max-image-preview:large, max-video-preview:-1\" \/>\n<link rel=\"canonical\" href=\"https:\/\/www.viorigen.com\/producto\/herencia-altes-serra-blanco\/\" \/>\n<meta property=\"og:locale\" content=\"en_US\" \/>\n<meta property=\"og:type\" content=\"article\" \/>\n<meta property=\"og:title\" content=\"Her\u00e8ncia Alt\u00e9s la Serra White - ViOrigen - Comprar vino DO Terra Alta\" \/>\n<meta property=\"og:description\" content=\"Her\u00e8ncia Alt\u00e9s la Serra White has scored as the best White Grenache of Spain the British magazine Decanter. DO Terra Alta - Gandesa.\" \/>\n<meta property=\"og:url\" content=\"https:\/\/www.viorigen.com\/producto\/herencia-altes-serra-blanco\/\" \/>\n<meta property=\"og:site_name\" content=\"ViOrigen\" \/>\n<meta property=\"article:publisher\" content=\"https:\/\/www.facebook.com\/viorigen\" \/>\n<meta property=\"article:modified_time\" content=\"2020-04-01T12:52:59+00:00\" \/>\n<meta property=\"og:image\" content=\"https:\/\/www.viorigen.com\/wp-content\/uploads\/2019\/03\/herencia-altes-la-serra-blanc.png\" \/>\n\t<meta property=\"og:image:width\" content=\"700\" \/>\n\t<meta property=\"og:image:height\" content=\"870\" \/>\n\t<meta property=\"og:image:type\" content=\"image\/png\" \/>\n<meta name=\"twitter:card\" content=\"summary_large_image\" \/>\n<meta name=\"twitter:site\" content=\"@viorigen\" \/>\n<script type=\"application\/ld+json\" class=\"yoast-schema-graph\">{\"@context\":\"https:\/\/schema.org\",\"@graph\":[{\"@type\":\"WebPage\",\"@id\":\"https:\/\/www.viorigen.com\/producto\/herencia-altes-serra-blanco\/\",\"url\":\"https:\/\/www.viorigen.com\/producto\/herencia-altes-serra-blanco\/\",\"name\":\"Her\u00e8ncia Alt\u00e9s la Serra White - ViOrigen - Comprar vino DO Terra Alta\",\"isPartOf\":{\"@id\":\"https:\/\/www.viorigen.com\/#website\"},\"primaryImageOfPage\":{\"@id\":\"https:\/\/www.viorigen.com\/producto\/herencia-altes-serra-blanco\/#primaryimage\"},\"image\":{\"@id\":\"https:\/\/www.viorigen.com\/producto\/herencia-altes-serra-blanco\/#primaryimage\"},\"thumbnailUrl\":\"https:\/\/www.viorigen.com\/wp-content\/uploads\/2019\/03\/herencia-altes-la-serra-blanc.png\",\"datePublished\":\"2019-03-14T11:38:53+00:00\",\"dateModified\":\"2020-04-01T12:52:59+00:00\",\"description\":\"Her\u00e8ncia Alt\u00e9s la Serra White has scored as the best White Grenache of Spain the British magazine Decanter. DO Terra Alta - Gandesa.\",\"breadcrumb\":{\"@id\":\"https:\/\/www.viorigen.com\/producto\/herencia-altes-serra-blanco\/#breadcrumb\"},\"inLanguage\":\"en-US\",\"potentialAction\":[{\"@type\":\"ReadAction\",\"target\":[\"https:\/\/www.viorigen.com\/producto\/herencia-altes-serra-blanco\/\"]}]},{\"@type\":\"ImageObject\",\"inLanguage\":\"en-US\",\"@id\":\"https:\/\/www.viorigen.com\/producto\/herencia-altes-serra-blanco\/#primaryimage\",\"url\":\"https:\/\/www.viorigen.com\/wp-content\/uploads\/2019\/03\/herencia-altes-la-serra-blanc.png\",\"contentUrl\":\"https:\/\/www.viorigen.com\/wp-content\/uploads\/2019\/03\/herencia-altes-la-serra-blanc.png\",\"width\":700,\"height\":870},{\"@type\":\"BreadcrumbList\",\"@id\":\"https:\/\/www.viorigen.com\/producto\/herencia-altes-serra-blanco\/#breadcrumb\",\"itemListElement\":[{\"@type\":\"ListItem\",\"position\":1,\"name\":\"Portada\",\"item\":\"https:\/\/www.viorigen.com\/en\/inicio\/\"},{\"@type\":\"ListItem\",\"position\":2,\"name\":\"Wine Shop\",\"item\":\"https:\/\/www.viorigen.com\/botiga\/\"},{\"@type\":\"ListItem\",\"position\":3,\"name\":\"Her\u00e8ncia Alt\u00e9s la Serra White\"}]},{\"@type\":\"WebSite\",\"@id\":\"https:\/\/www.viorigen.com\/#website\",\"url\":\"https:\/\/www.viorigen.com\/\",\"name\":\"ViOrigen\",\"description\":\"ViOrigen is a project which is linked to the Terra Alta\u2019s wine sector and is run by three friends who are enthusiastic about vineyards, wines and their local surroundings.\",\"potentialAction\":[{\"@type\":\"SearchAction\",\"target\":{\"@type\":\"EntryPoint\",\"urlTemplate\":\"https:\/\/www.viorigen.com\/?s={search_term_string}\"},\"query-input\":{\"@type\":\"PropertyValueSpecification\",\"valueRequired\":true,\"valueName\":\"search_term_string\"}}],\"inLanguage\":\"en-US\"}]}<\/script>\n<!-- \/ Yoast SEO plugin. -->","yoast_head_json":{"title":"Her\u00e8ncia Alt\u00e9s la Serra White - ViOrigen - Comprar vino DO Terra Alta","description":"Her\u00e8ncia Alt\u00e9s la Serra White has scored as the best White Grenache of Spain the British magazine Decanter. DO Terra Alta - Gandesa.","robots":{"index":"index","follow":"follow","max-snippet":"max-snippet:-1","max-image-preview":"max-image-preview:large","max-video-preview":"max-video-preview:-1"},"canonical":"https:\/\/www.viorigen.com\/producto\/herencia-altes-serra-blanco\/","og_locale":"en_US","og_type":"article","og_title":"Her\u00e8ncia Alt\u00e9s la Serra White - ViOrigen - Comprar vino DO Terra Alta","og_description":"Her\u00e8ncia Alt\u00e9s la Serra White has scored as the best White Grenache of Spain the British magazine Decanter. DO Terra Alta - Gandesa.","og_url":"https:\/\/www.viorigen.com\/producto\/herencia-altes-serra-blanco\/","og_site_name":"ViOrigen","article_publisher":"https:\/\/www.facebook.com\/viorigen","article_modified_time":"2020-04-01T12:52:59+00:00","og_image":[{"width":700,"height":870,"url":"https:\/\/www.viorigen.com\/wp-content\/uploads\/2019\/03\/herencia-altes-la-serra-blanc.png","type":"image\/png"}],"twitter_card":"summary_large_image","twitter_site":"@viorigen","schema":{"@context":"https:\/\/schema.org","@graph":[{"@type":"WebPage","@id":"https:\/\/www.viorigen.com\/producto\/herencia-altes-serra-blanco\/","url":"https:\/\/www.viorigen.com\/producto\/herencia-altes-serra-blanco\/","name":"Her\u00e8ncia Alt\u00e9s la Serra White - ViOrigen - Comprar vino DO Terra Alta","isPartOf":{"@id":"https:\/\/www.viorigen.com\/#website"},"primaryImageOfPage":{"@id":"https:\/\/www.viorigen.com\/producto\/herencia-altes-serra-blanco\/#primaryimage"},"image":{"@id":"https:\/\/www.viorigen.com\/producto\/herencia-altes-serra-blanco\/#primaryimage"},"thumbnailUrl":"https:\/\/www.viorigen.com\/wp-content\/uploads\/2019\/03\/herencia-altes-la-serra-blanc.png","datePublished":"2019-03-14T11:38:53+00:00","dateModified":"2020-04-01T12:52:59+00:00","description":"Her\u00e8ncia Alt\u00e9s la Serra White has scored as the best White Grenache of Spain the British magazine Decanter. DO Terra Alta - Gandesa.","breadcrumb":{"@id":"https:\/\/www.viorigen.com\/producto\/herencia-altes-serra-blanco\/#breadcrumb"},"inLanguage":"en-US","potentialAction":[{"@type":"ReadAction","target":["https:\/\/www.viorigen.com\/producto\/herencia-altes-serra-blanco\/"]}]},{"@type":"ImageObject","inLanguage":"en-US","@id":"https:\/\/www.viorigen.com\/producto\/herencia-altes-serra-blanco\/#primaryimage","url":"https:\/\/www.viorigen.com\/wp-content\/uploads\/2019\/03\/herencia-altes-la-serra-blanc.png","contentUrl":"https:\/\/www.viorigen.com\/wp-content\/uploads\/2019\/03\/herencia-altes-la-serra-blanc.png","width":700,"height":870},{"@type":"BreadcrumbList","@id":"https:\/\/www.viorigen.com\/producto\/herencia-altes-serra-blanco\/#breadcrumb","itemListElement":[{"@type":"ListItem","position":1,"name":"Portada","item":"https:\/\/www.viorigen.com\/en\/inicio\/"},{"@type":"ListItem","position":2,"name":"Wine Shop","item":"https:\/\/www.viorigen.com\/botiga\/"},{"@type":"ListItem","position":3,"name":"Her\u00e8ncia Alt\u00e9s la Serra White"}]},{"@type":"WebSite","@id":"https:\/\/www.viorigen.com\/#website","url":"https:\/\/www.viorigen.com\/","name":"ViOrigen","description":"ViOrigen is a project which is linked to the Terra Alta\u2019s wine sector and is run by three friends who are enthusiastic about vineyards, wines and their local surroundings.","potentialAction":[{"@type":"SearchAction","target":{"@type":"EntryPoint","urlTemplate":"https:\/\/www.viorigen.com\/?s={search_term_string}"},"query-input":{"@type":"PropertyValueSpecification","valueRequired":true,"valueName":"search_term_string"}}],"inLanguage":"en-US"}]}},"_links":{"self":[{"href":"https:\/\/www.viorigen.com\/en\/wp-json\/wp\/v2\/product\/2682","targetHints":{"allow":["GET"]}}],"collection":[{"href":"https:\/\/www.viorigen.com\/en\/wp-json\/wp\/v2\/product"}],"about":[{"href":"https:\/\/www.viorigen.com\/en\/wp-json\/wp\/v2\/types\/product"}],"wp:featuredmedia":[{"embeddable":true,"href":"https:\/\/www.viorigen.com\/en\/wp-json\/wp\/v2\/media\/2683"}],"wp:attachment":[{"href":"https:\/\/www.viorigen.com\/en\/wp-json\/wp\/v2\/media?parent=2682"}],"wp:term":[{"taxonomy":"product_cat","embeddable":true,"href":"https:\/\/www.viorigen.com\/en\/wp-json\/wp\/v2\/product_cat?post=2682"},{"taxonomy":"product_tag","embeddable":true,"href":"https:\/\/www.viorigen.com\/en\/wp-json\/wp\/v2\/product_tag?post=2682"},{"taxonomy":"bodega","embeddable":true,"href":"https:\/\/www.viorigen.com\/en\/wp-json\/wp\/v2\/bodega?post=2682"},{"taxonomy":"tipo_de_vino","embeddable":true,"href":"https:\/\/www.viorigen.com\/en\/wp-json\/wp\/v2\/tipo_de_vino?post=2682"},{"taxonomy":"variedades","embeddable":true,"href":"https:\/\/www.viorigen.com\/en\/wp-json\/wp\/v2\/variedades?post=2682"},{"taxonomy":"clase_de_vino","embeddable":true,"href":"https:\/\/www.viorigen.com\/en\/wp-json\/wp\/v2\/clase_de_vino?post=2682"},{"taxonomy":"denominacion","embeddable":true,"href":"https:\/\/www.viorigen.com\/en\/wp-json\/wp\/v2\/denominacion?post=2682"},{"taxonomy":"otros","embeddable":true,"href":"https:\/\/www.viorigen.com\/en\/wp-json\/wp\/v2\/otros?post=2682"},{"taxonomy":"clasificacio_enoturisme","embeddable":true,"href":"https:\/\/www.viorigen.com\/en\/wp-json\/wp\/v2\/clasificacio_enoturisme?post=2682"}],"curies":[{"name":"wp","href":"https:\/\/api.w.org\/{rel}","templated":true}]}}